{"id":1249,"date":"2019-05-29T11:57:48","date_gmt":"2019-05-29T10:57:48","guid":{"rendered":"http:\/\/wordpress.localhost\/wordpress.localhost\/?page_id=1249"},"modified":"2019-09-24T09:45:34","modified_gmt":"2019-09-24T08:45:34","slug":"contacts","status":"publish","type":"page","link":"https:\/\/ecopaint-corporation.com\/pt\/contacts\/","title":{"rendered":"CONTACTOS"},"content":{"rendered":"<div data-elementor-type=\"wp-post\" data-elementor-id=\"1249\" class=\"elementor elementor-1249\">\n\t\t\t\t\t\t<section class=\"elementor-section elementor-top-section elementor-element elementor-element-24aa5fe elementor-section-boxed elementor-section-height-default elementor-section-height-default\" data-id=\"24aa5fe\" data-element_type=\"section\">\n\t\t\t\t\t\t<div class=\"elementor-container elementor-column-gap-default\">\n\t\t\t\t\t<div class=\"elementor-column elementor-col-50 elementor-top-column elementor-element elementor-element-9173d1c\" data-id=\"9173d1c\" data-element_type=\"column\">\n\t\t\t<div class=\"elementor-widget-wrap elementor-element-populated\">\n\t\t\t\t\t\t<div class=\"elementor-element elementor-element-d043fef elementor-widget elementor-widget-heading\" data-id=\"d043fef\" data-element_type=\"widget\" data-widget_type=\"heading.default\">\n\t\t\t\t<div class=\"elementor-widget-container\">\n\t\t\t<h2 class=\"elementor-heading-title elementor-size-default\">Entre em contacto connosco<\/h2>\t\t<\/div>\n\t\t\t\t<\/div>\n\t\t\t\t<div class=\"elementor-element elementor-element-e30466e elementor-widget elementor-widget-shortcode\" data-id=\"e30466e\" data-element_type=\"widget\" data-widget_type=\"shortcode.default\">\n\t\t\t\t<div class=\"elementor-widget-container\">\n\t\t\t\t\t<div class=\"elementor-shortcode\">\n<div class=\"wpcf7 no-js\" id=\"wpcf7-f1616-o1\" lang=\"en-US\" dir=\"ltr\">\n<div class=\"screen-reader-response\"><p role=\"status\" aria-live=\"polite\" aria-atomic=\"true\"><\/p> <ul><\/ul><\/div>\n<form action=\"\/pt\/wp-json\/wp\/v2\/pages\/1249#wpcf7-f1616-o1\" method=\"post\" class=\"wpcf7-form init\" aria-label=\"Contact form\" novalidate=\"novalidate\" data-status=\"init\" data-trp-original-action=\"\/pt\/wp-json\/wp\/v2\/pages\/1249#wpcf7-f1616-o1\">\n<div style=\"display: none;\">\n<input type=\"hidden\" name=\"_wpcf7\" value=\"1616\" \/>\n<input type=\"hidden\" name=\"_wpcf7_version\" value=\"5.8.7\" \/>\n<input type=\"hidden\" name=\"_wpcf7_locale\" value=\"en_US\" \/>\n<input type=\"hidden\" name=\"_wpcf7_unit_tag\" value=\"wpcf7-f1616-o1\" \/>\n<input type=\"hidden\" name=\"_wpcf7_container_post\" value=\"0\" \/>\n<input type=\"hidden\" name=\"_wpcf7_posted_data_hash\" value=\"\" \/>\n<input type=\"hidden\" name=\"_wpcf7_recaptcha_response\" value=\"\" \/>\n<\/div>\n<p><label> Nome Completo (obrigat\u00f3rio)<br \/>\n<span class=\"wpcf7-form-control-wrap\" data-name=\"your-name\"><input size=\"40\" class=\"wpcf7-form-control wpcf7-text wpcf7-validates-as-required\" aria-required=\"true\" aria-invalid=\"false\" value=\"\" type=\"text\" name=\"your-name\" \/><\/span> <\/label>\n<\/p>\n<p><label> Email (obrigat\u00f3rio)<br \/>\n<span class=\"wpcf7-form-control-wrap\" data-name=\"your-email\"><input size=\"40\" class=\"wpcf7-form-control wpcf7-email wpcf7-validates-as-required wpcf7-text wpcf7-validates-as-email\" aria-required=\"true\" aria-invalid=\"false\" value=\"\" type=\"email\" name=\"your-email\" \/><\/span> <\/label>\n<\/p>\n<p><label> Assunto<br \/>\n<span class=\"wpcf7-form-control-wrap\" data-name=\"your-subject\"><input size=\"40\" class=\"wpcf7-form-control wpcf7-text\" aria-invalid=\"false\" value=\"\" type=\"text\" name=\"your-subject\" \/><\/span> <\/label>\n<\/p>\n<p><label> A sua mensagem<br \/>\n<span class=\"wpcf7-form-control-wrap\" data-name=\"mensagem\"><textarea cols=\"40\" rows=\"10\" class=\"wpcf7-form-control wpcf7-textarea\" aria-invalid=\"false\" name=\"mensagem\"><\/textarea><\/span> <\/label>\n<\/p>\n<p class=\" translation-block\"><input type=\"submit\" value=\"Enviar\" class=\"wpcf7-form-control wpcf7-submit\"><span class=\"ajax-loader\"><\/span><br> <small>This site is protected by reCAPTCHA and the Google<br> <a href=\"https:\/\/policies.google.com\/privacy\" target=\"_self\">Privacy Policy<\/a> and <a href=\"https:\/\/policies.google.com\/terms\" target=\"_self\">Terms of Service<\/a> apply.<br> <\/small><\/p><p style=\"display: none !important;\" class=\"akismet-fields-container\" data-prefix=\"_wpcf7_ak_\"><label>&#916;<textarea name=\"_wpcf7_ak_hp_textarea\" cols=\"45\" rows=\"8\" maxlength=\"100\"><\/textarea><\/label><input type=\"hidden\" id=\"ak_js_1\" name=\"_wpcf7_ak_js\" value=\"96\"\/><script>document.getElementById( \"ak_js_1\" ).setAttribute( \"value\", ( new Date() ).getTime() );<\/script><\/p><div class=\"wpcf7-response-output\" aria-hidden=\"true\"><\/div>\n<input type=\"hidden\" name=\"trp-form-language\" value=\"pt\"\/><\/form>\n<\/div>\n<\/div>\n\t\t\t\t<\/div>\n\t\t\t\t<\/div>\n\t\t\t\t<div class=\"elementor-element elementor-element-33ef423 elementor-widget elementor-widget-html\" data-id=\"33ef423\" data-element_type=\"widget\" data-widget_type=\"html.default\">\n\t\t\t\t<div class=\"elementor-widget-container\">\n\t\t\t<p style=\"margin-top:-20px\">Respeitamos a sua privacidade e s\u00f3 usaremos os seus dados para administrar a sua conta e fornecer apenas os conte\u00fados que solicitar.<br>\r\nBy clicking the Submit button, you agree to be in contact with us for that purpose.<\/p>\t\t<\/div>\n\t\t\t\t<\/div>\n\t\t\t\t\t<\/div>\n\t\t<\/div>\n\t\t\t\t<div class=\"elementor-column elementor-col-50 elementor-top-column elementor-element elementor-element-da229c1\" data-id=\"da229c1\" data-element_type=\"column\">\n\t\t\t<div class=\"elementor-widget-wrap elementor-element-populated\">\n\t\t\t\t\t\t<div class=\"elementor-element elementor-element-0dbd7cd elementor-widget elementor-widget-heading\" data-id=\"0dbd7cd\" data-element_type=\"widget\" data-widget_type=\"heading.default\">\n\t\t\t\t<div class=\"elementor-widget-container\">\n\t\t\t<h2 class=\"elementor-heading-title elementor-size-default\">Locais<\/h2>\t\t<\/div>\n\t\t\t\t<\/div>\n\t\t\t\t<div class=\"elementor-element elementor-element-57ed47e elementor-widget elementor-widget-html\" data-id=\"57ed47e\" data-element_type=\"widget\" data-widget_type=\"html.default\">\n\t\t\t\t<div class=\"elementor-widget-container\">\n\t\t\t<iframe src=\"https:\/\/www.google.com\/maps\/d\/u\/0\/embed?mid=1jN38VfeTJht3qhaEKfb1wsoWHX46SXhB\" width=\"640\" height=\"580\"><\/iframe>\t\t<\/div>\n\t\t\t\t<\/div>\n\t\t\t\t\t<\/div>\n\t\t<\/div>\n\t\t\t\t\t<\/div>\n\t\t<\/section>\n\t\t\t\t<section class=\"elementor-section elementor-top-section elementor-element elementor-element-4ed4b14 elementor-section-boxed elementor-section-height-default elementor-section-height-default\" data-id=\"4ed4b14\" data-element_type=\"section\">\n\t\t\t\t\t\t<div class=\"elementor-container elementor-column-gap-default\">\n\t\t\t\t\t<div class=\"elementor-column elementor-col-100 elementor-top-column elementor-element elementor-element-d685eac\" data-id=\"d685eac\" data-element_type=\"column\">\n\t\t\t<div class=\"elementor-widget-wrap elementor-element-populated\">\n\t\t\t\t\t\t<div class=\"elementor-element elementor-element-3c37e43 elementor-widget elementor-widget-html\" data-id=\"3c37e43\" data-element_type=\"widget\" data-widget_type=\"html.default\">\n\t\t\t\t<div class=\"elementor-widget-container\">\n\t\t\t<p>\r\n\t\t\t\t<strong>Pol\u00edtica de Privacidade:<\/strong><br>\r\n\t\t\t\t\u2022 Os dados pessoais preenchidos nos formul\u00e1rios de contactos ou outros formul\u00e1rios do website, servem apenas para responder \u00e0 solicita\u00e7\u00e3o do cliente e apenas isso, n\u00e3o sendo usados para qualquer bases de dados ou outros fins.\r\n\t\t\t\t<br><br>\r\n\t\t\t\t<strong>Pol\u00edtica de Protec\u00e7\u00e3o de Dados:<\/strong><br>\r\n\t\t\t\t\u2022 Para a nossa empresa a protec\u00e7\u00e3o dos dados dos clientes \u00e9 fundamental, concordando totalmente com a nova Lei Europeia e outras que vir\u00e3o, neste sentido fizemos um investimento onde instalamos um certificado SSL com IP dedicado que encripta qualquer informa\u00e7\u00e3o colocada no website, pode reparar que o nosso site tem a indica\u00e7\u00e3o de <span style=\"color:green\">Liga\u00e7\u00e3o segura.<\/span>\r\n\t\t\t\t<br><br>\r\n\t\t\t\t<strong>Politica de Cookies:<\/strong><br>\r\n\t\t\t\t\u2022 Os cookies usados no website, s\u00e3o apenas Cookies Essenciais, estes cookies s\u00e3o essenciais para aceder \u00e0s p\u00e1ginas do site e permitem apenas a navega\u00e7\u00e3o no site, n\u00e3o fazendo recolha de quaisquer dados dos utilizadores ou de navega\u00e7\u00e3o.\r\n\t\t\t<\/p>\t\t<\/div>\n\t\t\t\t<\/div>\n\t\t\t\t<div class=\"elementor-element elementor-element-9f2e300 elementor-widget elementor-widget-spacer\" data-id=\"9f2e300\" data-element_type=\"widget\" data-widget_type=\"spacer.default\">\n\t\t\t\t<div class=\"elementor-widget-container\">\n\t\t\t\t\t<div class=\"elementor-spacer\">\n\t\t\t<div class=\"elementor-spacer-inner\"><\/div>\n\t\t<\/div>\n\t\t\t\t<\/div>\n\t\t\t\t<\/div>\n\t\t\t\t\t<\/div>\n\t\t<\/div>\n\t\t\t\t\t<\/div>\n\t\t<\/section>\n\t\t\t\t<\/div>","protected":false},"excerpt":{"rendered":"<p>Get in touch We respect your privacy and will only use your data to manage your account and provide only the content you request. By clicking the Submit button, you agree to be in contact with us for that purpose. Locations Privacy policy: \u2022 Personal data filled out on contact forms or other forms of [&hellip;]<\/p>","protected":false},"author":1,"featured_media":0,"parent":0,"menu_order":0,"comment_status":"closed","ping_status":"closed","template":"elementor_header_footer","meta":{"footnotes":""},"aioseo_notices":[],"_links":{"self":[{"href":"https:\/\/ecopaint-corporation.com\/pt\/wp-json\/wp\/v2\/pages\/1249"}],"collection":[{"href":"https:\/\/ecopaint-corporation.com\/pt\/wp-json\/wp\/v2\/pages"}],"about":[{"href":"https:\/\/ecopaint-corporation.com\/pt\/wp-json\/wp\/v2\/types\/page"}],"author":[{"embeddable":true,"href":"https:\/\/ecopaint-corporation.com\/pt\/wp-json\/wp\/v2\/users\/1"}],"replies":[{"embeddable":true,"href":"https:\/\/ecopaint-corporation.com\/pt\/wp-json\/wp\/v2\/comments?post=1249"}],"version-history":[{"count":16,"href":"https:\/\/ecopaint-corporation.com\/pt\/wp-json\/wp\/v2\/pages\/1249\/revisions"}],"predecessor-version":[{"id":2754,"href":"https:\/\/ecopaint-corporation.com\/pt\/wp-json\/wp\/v2\/pages\/1249\/revisions\/2754"}],"wp:attachment":[{"href":"https:\/\/ecopaint-corporation.com\/pt\/wp-json\/wp\/v2\/media?parent=1249"}],"curies":[{"name":"wp","href":"https:\/\/api.w.org\/{rel}","templated":true}]}}