{"id":613,"date":"2019-02-12T09:16:59","date_gmt":"2019-02-12T09:16:59","guid":{"rendered":"http:\/\/concerned-coyote.w5.wpsandbox.pro\/?page_id=613"},"modified":"2020-01-22T11:35:59","modified_gmt":"2020-01-22T11:35:59","slug":"about","status":"publish","type":"page","link":"https:\/\/ecopaint-corporation.com\/pt\/about\/","title":{"rendered":"Sobre N\u00f3s"},"content":{"rendered":"<div data-elementor-type=\"wp-post\" data-elementor-id=\"613\" class=\"elementor elementor-613\">\n\t\t\t\t\t\t<section class=\"elementor-section elementor-top-section elementor-element elementor-element-36d58428 elementor-section-content-middle elementor-section-boxed elementor-section-height-default elementor-section-height-default\" data-id=\"36d58428\" data-element_type=\"section\" data-settings=\"{&quot;background_background&quot;:&quot;classic&quot;}\">\n\t\t\t\t\t\t<div class=\"elementor-container elementor-column-gap-default\">\n\t\t\t\t\t<div class=\"elementor-column elementor-col-100 elementor-top-column elementor-element elementor-element-76a7a65\" data-id=\"76a7a65\" data-element_type=\"column\">\n\t\t\t<div class=\"elementor-widget-wrap elementor-element-populated\">\n\t\t\t\t\t\t<section class=\"elementor-section elementor-inner-section elementor-element elementor-element-af0eb6d elementor-section-boxed elementor-section-height-default elementor-section-height-default\" data-id=\"af0eb6d\" data-element_type=\"section\">\n\t\t\t\t\t\t<div class=\"elementor-container elementor-column-gap-default\">\n\t\t\t\t\t<div class=\"elementor-column elementor-col-33 elementor-inner-column elementor-element elementor-element-bae9990\" data-id=\"bae9990\" data-element_type=\"column\">\n\t\t\t<div class=\"elementor-widget-wrap elementor-element-populated\">\n\t\t\t\t\t\t<div class=\"elementor-element elementor-element-773aa26 elementor-widget elementor-widget-image\" data-id=\"773aa26\" data-element_type=\"widget\" data-widget_type=\"image.default\">\n\t\t\t\t<div class=\"elementor-widget-container\">\n\t\t\t\t\t\t\t\t\t\t\t\t\t<img fetchpriority=\"high\" decoding=\"async\" width=\"812\" height=\"348\" src=\"https:\/\/ecopaint-corporation.com\/wp-content\/uploads\/2020\/01\/tecopi-1024x439.png\" class=\"attachment-large size-large wp-image-4480\" alt=\"\" srcset=\"https:\/\/ecopaint-corporation.com\/wp-content\/uploads\/2020\/01\/tecopi-1024x439.png 1024w, https:\/\/ecopaint-corporation.com\/wp-content\/uploads\/2020\/01\/tecopi-300x129.png 300w, https:\/\/ecopaint-corporation.com\/wp-content\/uploads\/2020\/01\/tecopi-150x64.png 150w, https:\/\/ecopaint-corporation.com\/wp-content\/uploads\/2020\/01\/tecopi-768x329.png 768w, https:\/\/ecopaint-corporation.com\/wp-content\/uploads\/2020\/01\/tecopi-1536x659.png 1536w, https:\/\/ecopaint-corporation.com\/wp-content\/uploads\/2020\/01\/tecopi-600x257.png 600w, https:\/\/ecopaint-corporation.com\/wp-content\/uploads\/2020\/01\/tecopi.png 1588w\" sizes=\"(max-width: 812px) 100vw, 812px\" \/>\t\t\t\t\t\t\t\t\t\t\t\t\t<\/div>\n\t\t\t\t<\/div>\n\t\t\t\t\t<\/div>\n\t\t<\/div>\n\t\t\t\t<div class=\"elementor-column elementor-col-33 elementor-inner-column elementor-element elementor-element-f72f5db\" data-id=\"f72f5db\" data-element_type=\"column\">\n\t\t\t<div class=\"elementor-widget-wrap elementor-element-populated\">\n\t\t\t\t\t\t<div class=\"elementor-element elementor-element-7b8cf37 elementor-widget elementor-widget-image\" data-id=\"7b8cf37\" data-element_type=\"widget\" data-widget_type=\"image.default\">\n\t\t\t\t<div class=\"elementor-widget-container\">\n\t\t\t\t\t\t\t\t\t\t\t\t\t<img decoding=\"async\" width=\"812\" height=\"410\" src=\"https:\/\/ecopaint-corporation.com\/wp-content\/uploads\/2020\/01\/logo-ecopaint-assinatura-1024x517.png\" class=\"attachment-large size-large wp-image-4477\" alt=\"\" srcset=\"https:\/\/ecopaint-corporation.com\/wp-content\/uploads\/2020\/01\/logo-ecopaint-assinatura-1024x517.png 1024w, https:\/\/ecopaint-corporation.com\/wp-content\/uploads\/2020\/01\/logo-ecopaint-assinatura-300x152.png 300w, https:\/\/ecopaint-corporation.com\/wp-content\/uploads\/2020\/01\/logo-ecopaint-assinatura-150x76.png 150w, https:\/\/ecopaint-corporation.com\/wp-content\/uploads\/2020\/01\/logo-ecopaint-assinatura-768x388.png 768w, https:\/\/ecopaint-corporation.com\/wp-content\/uploads\/2020\/01\/logo-ecopaint-assinatura-600x303.png 600w, https:\/\/ecopaint-corporation.com\/wp-content\/uploads\/2020\/01\/logo-ecopaint-assinatura.png 1348w\" sizes=\"(max-width: 812px) 100vw, 812px\" \/>\t\t\t\t\t\t\t\t\t\t\t\t\t<\/div>\n\t\t\t\t<\/div>\n\t\t\t\t\t<\/div>\n\t\t<\/div>\n\t\t\t\t<div class=\"elementor-column elementor-col-33 elementor-inner-column elementor-element elementor-element-965052c\" data-id=\"965052c\" data-element_type=\"column\">\n\t\t\t<div class=\"elementor-widget-wrap elementor-element-populated\">\n\t\t\t\t\t\t<div class=\"elementor-element elementor-element-b56f73f elementor-widget elementor-widget-image\" data-id=\"b56f73f\" data-element_type=\"widget\" data-widget_type=\"image.default\">\n\t\t\t\t<div class=\"elementor-widget-container\">\n\t\t\t\t\t\t\t\t\t\t\t\t\t<img decoding=\"async\" width=\"812\" height=\"348\" src=\"https:\/\/ecopaint-corporation.com\/wp-content\/uploads\/2020\/01\/Logotipo-Ecopaint-Corporation-1024x439.png\" class=\"attachment-large size-large wp-image-4479\" alt=\"\" srcset=\"https:\/\/ecopaint-corporation.com\/wp-content\/uploads\/2020\/01\/Logotipo-Ecopaint-Corporation-1024x439.png 1024w, https:\/\/ecopaint-corporation.com\/wp-content\/uploads\/2020\/01\/Logotipo-Ecopaint-Corporation-300x129.png 300w, https:\/\/ecopaint-corporation.com\/wp-content\/uploads\/2020\/01\/Logotipo-Ecopaint-Corporation-150x64.png 150w, https:\/\/ecopaint-corporation.com\/wp-content\/uploads\/2020\/01\/Logotipo-Ecopaint-Corporation-768x329.png 768w, https:\/\/ecopaint-corporation.com\/wp-content\/uploads\/2020\/01\/Logotipo-Ecopaint-Corporation-1536x659.png 1536w, https:\/\/ecopaint-corporation.com\/wp-content\/uploads\/2020\/01\/Logotipo-Ecopaint-Corporation-600x257.png 600w, https:\/\/ecopaint-corporation.com\/wp-content\/uploads\/2020\/01\/Logotipo-Ecopaint-Corporation.png 1588w\" sizes=\"(max-width: 812px) 100vw, 812px\" \/>\t\t\t\t\t\t\t\t\t\t\t\t\t<\/div>\n\t\t\t\t<\/div>\n\t\t\t\t\t<\/div>\n\t\t<\/div>\n\t\t\t\t\t<\/div>\n\t\t<\/section>\n\t\t\t\t<div class=\"elementor-element elementor-element-73dfd94 elementor-widget elementor-widget-text-editor\" data-id=\"73dfd94\" data-element_type=\"widget\" data-widget_type=\"text-editor.default\">\n\t\t\t\t<div class=\"elementor-widget-container\">\n\t\t\t\t\t\t\t<p><span style=\"color: #a6ce38;\">ECOPAINT Corporation<\/span> <span style=\"color: #808080;\">\u00e9 uma empresa jovem, din\u00e2mica e ecol\u00f3gica, com uma variedade de materiais reciclados e <strong>Produtos ECO<\/strong> amigos do ambiente, criados para construir um futuro melhor e colorido. Acreditamos que ser verde e sustent\u00e1vel n\u00e3o \u00e9 um caminho, \u00e9 o \u00fanico caminho.\u00a0<\/span><\/p><p>Vendemos e aplicamos <strong>Produtos ECO<\/strong> amigos do ambiente em todas as \u00e1reas da constru\u00e7\u00e3o, desde manuten\u00e7\u00e3o, preserva\u00e7\u00e3o e restaura\u00e7\u00e3o de edif\u00edcios, bem como materiais isolantes, pisos imperme\u00e1veis e pinturas.\u00a0<\/p><p>Gra\u00e7as \u00e0 nossa unidade de pesquisa e desenvolvimento - pesquisando continuamente produtos ecologicamente corretos e t\u00e9cnicas de aplica\u00e7\u00e3o ecol\u00f3gicas -,  fomos a primeira empresa a criar esquemas de pintura e isolamento 100% ecol\u00f3gicos.<\/p>\t\t\t\t\t\t<\/div>\n\t\t\t\t<\/div>\n\t\t\t\t\t<\/div>\n\t\t<\/div>\n\t\t\t\t\t<\/div>\n\t\t<\/section>\n\t\t\t\t<section class=\"elementor-section elementor-top-section elementor-element elementor-element-d91663f elementor-section-boxed elementor-section-height-default elementor-section-height-default\" data-id=\"d91663f\" data-element_type=\"section\" data-settings=\"{&quot;background_background&quot;:&quot;classic&quot;}\">\n\t\t\t\t\t\t<div class=\"elementor-container elementor-column-gap-default\">\n\t\t\t\t\t<div class=\"elementor-column elementor-col-100 elementor-top-column elementor-element elementor-element-fa01167\" data-id=\"fa01167\" data-element_type=\"column\">\n\t\t\t<div class=\"elementor-widget-wrap elementor-element-populated\">\n\t\t\t\t\t\t<div class=\"elementor-element elementor-element-7a91c46 elementor-widget elementor-widget-heading\" data-id=\"7a91c46\" data-element_type=\"widget\" data-widget_type=\"heading.default\">\n\t\t\t\t<div class=\"elementor-widget-container\">\n\t\t\t<h2 class=\"elementor-heading-title elementor-size-default\">COMO RECONHECER UM PRODUTO VERDE?<\/h2>\t\t<\/div>\n\t\t\t\t<\/div>\n\t\t\t\t<div class=\"elementor-element elementor-element-14db8e2 elementor-widget elementor-widget-image\" data-id=\"14db8e2\" data-element_type=\"widget\" data-widget_type=\"image.default\">\n\t\t\t\t<div class=\"elementor-widget-container\">\n\t\t\t\t\t\t\t\t\t\t\t\t\t<img decoding=\"async\" src=\"https:\/\/ecopaint-corporation.com\/wp-content\/uploads\/elementor\/thumbs\/intpainte-ol3vzeh7zcche94u9oc55ms55logh1jcetdlepikco.png\" title=\"intpainte\" alt=\"intpainte\" loading=\"lazy\" \/>\t\t\t\t\t\t\t\t\t\t\t\t\t<\/div>\n\t\t\t\t<\/div>\n\t\t\t\t<div class=\"elementor-element elementor-element-2664d27 elementor-widget elementor-widget-text-editor\" data-id=\"2664d27\" data-element_type=\"widget\" data-widget_type=\"text-editor.default\">\n\t\t\t\t<div class=\"elementor-widget-container\">\n\t\t\t\t\t\t\t<p><span style=\"color: #808080;\">Um produto verde ou ecol\u00f3gico (<strong>Produto ECO<\/strong>) \u00e9 qualquer tipo de produto n\u00e3o poluente e n\u00e3o t\u00f3xico para o meio ambiente e a sa\u00fade p\u00fablica, seja manufacturado, fabricado ou processado, para uso pessoal ou residencial, comercial, agr\u00edcola e industrial.\u00a0<\/span><\/p><p>A utiliza\u00e7\u00e3o de mat\u00e9rias-primas naturais renov\u00e1veis obtidas de forma sustent\u00e1vel ou por biotecnologia n\u00e3o transg\u00eanica, bem como a reutiliza\u00e7\u00e3o e reciclagem de mat\u00e9rias-primas sint\u00e9ticas por meio de processos tecnol\u00f3gicos limpos (sem emiss\u00e3o de poluentes ou produtos agressivos) permitem classificar um produto como aceit\u00e1vel ou aconselh\u00e1vel de acordo com crit\u00e9rios ambientais.\u00a0<\/p><p>Tornar-se Verde \u00e9 um movimento simples que se divide em duas etapas, come\u00e7amos por escolher produtos ecol\u00f3gicos e, depois, desenvolvemos a consci\u00eancia eco-social na comunidade, ensinando pelo exemplo outros produtores e consumidores.\u00a0<\/p><p><span style=\"color: #004725;\">Acreditamos que ser verde e sustent\u00e1vel n\u00e3o \u00e9 um caminho, <span style=\"color: #a6ce38;\">\u00e9 o \u00fanico caminho<\/span>.<\/span><\/p>\t\t\t\t\t\t<\/div>\n\t\t\t\t<\/div>\n\t\t\t\t\t<\/div>\n\t\t<\/div>\n\t\t\t\t\t<\/div>\n\t\t<\/section>\n\t\t\t\t<section class=\"elementor-section elementor-top-section elementor-element elementor-element-90fb2ef elementor-section-boxed elementor-section-height-default elementor-section-height-default\" data-id=\"90fb2ef\" data-element_type=\"section\" data-settings=\"{&quot;background_background&quot;:&quot;classic&quot;}\">\n\t\t\t\t\t\t<div class=\"elementor-container elementor-column-gap-default\">\n\t\t\t\t\t<div class=\"elementor-column elementor-col-100 elementor-top-column elementor-element elementor-element-25d26f3\" data-id=\"25d26f3\" data-element_type=\"column\">\n\t\t\t<div class=\"elementor-widget-wrap elementor-element-populated\">\n\t\t\t\t\t\t<div class=\"elementor-element elementor-element-0ed9597 elementor-widget elementor-widget-heading\" data-id=\"0ed9597\" data-element_type=\"widget\" data-widget_type=\"heading.default\">\n\t\t\t\t<div class=\"elementor-widget-container\">\n\t\t\t<h2 class=\"elementor-heading-title elementor-size-default\">SERVI\u00c7OS<\/h2>\t\t<\/div>\n\t\t\t\t<\/div>\n\t\t\t\t<div class=\"elementor-element elementor-element-2623977 elementor-widget elementor-widget-spacer\" data-id=\"2623977\" data-element_type=\"widget\" data-widget_type=\"spacer.default\">\n\t\t\t\t<div class=\"elementor-widget-container\">\n\t\t\t\t\t<div class=\"elementor-spacer\">\n\t\t\t<div class=\"elementor-spacer-inner\"><\/div>\n\t\t<\/div>\n\t\t\t\t<\/div>\n\t\t\t\t<\/div>\n\t\t\t\t<section class=\"elementor-section elementor-inner-section elementor-element elementor-element-f9aa48b elementor-section-boxed elementor-section-height-default elementor-section-height-default\" data-id=\"f9aa48b\" data-element_type=\"section\">\n\t\t\t\t\t\t<div class=\"elementor-container elementor-column-gap-default\">\n\t\t\t\t\t<div class=\"elementor-column elementor-col-50 elementor-inner-column elementor-element elementor-element-4943ec5\" data-id=\"4943ec5\" data-element_type=\"column\">\n\t\t\t<div class=\"elementor-widget-wrap elementor-element-populated\">\n\t\t\t\t\t\t<div class=\"elementor-element elementor-element-546271d elementor-widget elementor-widget-image\" data-id=\"546271d\" data-element_type=\"widget\" data-widget_type=\"image.default\">\n\t\t\t\t<div class=\"elementor-widget-container\">\n\t\t\t\t\t\t\t\t\t\t\t\t\t<img decoding=\"async\" src=\"https:\/\/ecopaint-corporation.com\/wp-content\/uploads\/elementor\/thumbs\/cell1024-ol3vsekghtav336leuyh5dodpd1d3s93hlimlja6fo.jpg\" title=\"cell1024\" alt=\"cell1024\" loading=\"lazy\" \/>\t\t\t\t\t\t\t\t\t\t\t\t\t<\/div>\n\t\t\t\t<\/div>\n\t\t\t\t\t<\/div>\n\t\t<\/div>\n\t\t\t\t<div class=\"elementor-column elementor-col-50 elementor-inner-column elementor-element elementor-element-f192588\" data-id=\"f192588\" data-element_type=\"column\">\n\t\t\t<div class=\"elementor-widget-wrap elementor-element-populated\">\n\t\t\t\t\t\t<div class=\"elementor-element elementor-element-1b0f06a elementor-widget elementor-widget-image\" data-id=\"1b0f06a\" data-element_type=\"widget\" data-widget_type=\"image.default\">\n\t\t\t\t<div class=\"elementor-widget-container\">\n\t\t\t\t\t\t\t\t\t\t\t\t\t<img decoding=\"async\" src=\"https:\/\/ecopaint-corporation.com\/wp-content\/uploads\/elementor\/thumbs\/rock1024-ol3vsz8wo65q96dukfyc27pki58cjmfil4lk9xssus.jpg\" title=\"RockWool being applied\" alt=\"RockWool being applied\" loading=\"lazy\" \/>\t\t\t\t\t\t\t\t\t\t\t\t\t<\/div>\n\t\t\t\t<\/div>\n\t\t\t\t\t<\/div>\n\t\t<\/div>\n\t\t\t\t\t<\/div>\n\t\t<\/section>\n\t\t\t\t<div class=\"elementor-element elementor-element-6117e49 elementor-widget elementor-widget-text-editor\" data-id=\"6117e49\" data-element_type=\"widget\" data-widget_type=\"text-editor.default\">\n\t\t\t\t<div class=\"elementor-widget-container\">\n\t\t\t\t\t\t\t<p><span style=\"color: #808080;\"><span style=\"color: #999999;\">A<\/span><span style=\"color: #a6ce38;\"> ECOPAINT<\/span> tem um forte compromisso com a sustentabilidade ambiental a cada passo que d\u00e1. Apesar de complementares, as nossas atividades est\u00e3o divididas da seguinte forma:<\/span><\/p><ul><li><span style=\"color: #333333;\">MANUTEN\u00c7\u00c3O<\/span><\/li><li><span style=\"color: #333333;\">CONSTRU\u00c7\u00c3O<\/span><\/li><li><span style=\"color: #333333;\">CONSULTORIA<\/span><\/li><\/ul><p><span style=\"color: #808080;\"><span style=\"color: #999999;\">A<\/span> <span style=\"color: #a6ce38;\">ECOPAINT<\/span><span style=\"color: #808080;\"> garante que todas as \u00e1reas intervenientes sejam seguras, bem como os profissionais que lidam e entram em contacto direto com os produtos aplicados. Tamb\u00e9m respeitamos os procedimentos de limpeza: n\u00e3o deixamos nada al\u00e9m de cores <\/span><strong style=\"color: #808080;\"><span style=\"color: #a6ce38;\">VERDES<\/span><\/strong><span style=\"color: #808080;\"> para tr\u00e1s.<\/span><\/span><\/p>\t\t\t\t\t\t<\/div>\n\t\t\t\t<\/div>\n\t\t\t\t\t<\/div>\n\t\t<\/div>\n\t\t\t\t\t<\/div>\n\t\t<\/section>\n\t\t\t\t<section class=\"elementor-section elementor-top-section elementor-element elementor-element-dd7791c elementor-section-boxed elementor-section-height-default elementor-section-height-default\" data-id=\"dd7791c\" data-element_type=\"section\" data-settings=\"{&quot;background_background&quot;:&quot;classic&quot;}\">\n\t\t\t\t\t\t<div class=\"elementor-container elementor-column-gap-default\">\n\t\t\t\t\t<div class=\"elementor-column elementor-col-100 elementor-top-column elementor-element elementor-element-9b0232c\" data-id=\"9b0232c\" data-element_type=\"column\">\n\t\t\t<div class=\"elementor-widget-wrap elementor-element-populated\">\n\t\t\t\t\t\t<div class=\"elementor-element elementor-element-70487e6 elementor-widget elementor-widget-heading\" data-id=\"70487e6\" data-element_type=\"widget\" data-widget_type=\"heading.default\">\n\t\t\t\t<div class=\"elementor-widget-container\">\n\t\t\t<h2 class=\"elementor-heading-title elementor-size-default\">MATERIAIS ECO<\/h2>\t\t<\/div>\n\t\t\t\t<\/div>\n\t\t\t\t<div class=\"elementor-element elementor-element-7a0d652 elementor-widget elementor-widget-text-editor\" data-id=\"7a0d652\" data-element_type=\"widget\" data-widget_type=\"text-editor.default\">\n\t\t\t\t<div class=\"elementor-widget-container\">\n\t\t\t\t\t\t\t<p><span style=\"color: #808080;\">Os nossos produtos s\u00e3o ecol\u00f3gicos porque usamos materiais n\u00e3o t\u00f3xicos, \u00e0 base de \u00e1gua, sem solventes e antif\u00fangicos, com n\u00edveis de emiss\u00e3o de COV abaixo do limite aceit\u00e1vel.\u00a0<\/span><\/p><p><span style=\"color: #808080;\">Nas atividades de manuten\u00e7\u00e3o, a <span style=\"color: #a6ce38;\">ECOPAINT<\/span> utiliza principalmente os seguintes materiais e solu\u00e7\u00f5es:<\/span><\/p><ul><li><span style=\"color: #333333;\"><a style=\"color: #333333;\">PINTURA E REVESTIMENTO<\/a><\/span><\/li><li><span style=\"color: #333333;\"><a style=\"color: #333333;\">ISOLAMENTOS<\/a><\/span><\/li><li><span style=\"color: #333333;\"><a style=\"color: #333333;\">IMPERMEABILIZANTES<\/a><\/span><\/li><\/ul><p><span style=\"color: #808080;\">Comprometida em proteger as melhores pr\u00e1ticas da ind\u00fastria, a <span style=\"color: #a6ce38;\">ECOPAINT<\/span> oferece uma garantia de desempenho m\u00ednima de 10 anos para os seus produtos, no que diz respeito ao n\u00edvel de isolamento t\u00e9rmico e ac\u00fastico, resist\u00eancia ao fogo, toxicidade e impermeabiliza\u00e7\u00e3o.<\/span><\/p>\t\t\t\t\t\t<\/div>\n\t\t\t\t<\/div>\n\t\t\t\t\t<\/div>\n\t\t<\/div>\n\t\t\t\t\t<\/div>\n\t\t<\/section>\n\t\t\t\t<section class=\"elementor-section elementor-top-section elementor-element elementor-element-c670594 elementor-section-boxed elementor-section-height-default elementor-section-height-default\" data-id=\"c670594\" data-element_type=\"section\" data-settings=\"{&quot;background_background&quot;:&quot;classic&quot;}\">\n\t\t\t\t\t\t<div class=\"elementor-container elementor-column-gap-default\">\n\t\t\t\t\t<div class=\"elementor-column elementor-col-100 elementor-top-column elementor-element elementor-element-ee16fc6\" data-id=\"ee16fc6\" data-element_type=\"column\">\n\t\t\t<div class=\"elementor-widget-wrap elementor-element-populated\">\n\t\t\t\t\t\t<div class=\"elementor-element elementor-element-c2c661d elementor-widget elementor-widget-heading\" data-id=\"c2c661d\" data-element_type=\"widget\" data-widget_type=\"heading.default\">\n\t\t\t\t<div class=\"elementor-widget-container\">\n\t\t\t<h2 class=\"elementor-heading-title elementor-size-default\">A ECOPAINT GANHOU MAIS DE 15 PR\u00c9MIOS INTERNACIONAIS DEVIDO AOS SEUS COMPROMISSOS<\/h2>\t\t<\/div>\n\t\t\t\t<\/div>\n\t\t\t\t<div class=\"elementor-element elementor-element-107baa7 elementor-widget elementor-widget-text-editor\" data-id=\"107baa7\" data-element_type=\"widget\" data-widget_type=\"text-editor.default\">\n\t\t\t\t<div class=\"elementor-widget-container\">\n\t\t\t\t\t\t\t<p><span style=\"color: #808080;\">A atividade da <span style=\"color: #a6ce38;\">ECOPAINT<\/span> \u00e9 qualificada pela Green Organisation para a promo\u00e7\u00e3o de boas pr\u00e1ticas ambientais, tendo recebido o t\u00edtulo de \"Embaixador do Mundo Verde - Ajudar outras pessoas a ajudar o meio ambiente\".<\/span><\/p><p><span style=\"color: #808080;\">\u00c9 certificada em termos de responsabilidade social pela WORLDCOB - World Confederation of Business, e \u00e9 membro do USGBC - Conselho de Constru\u00e7\u00e3o Verde dos EUA, por ter elevados padr\u00f5es de refer\u00eancia e par\u00e2metros de sustentabilidade.\n\u00c9 tamb\u00e9m membro fundador da GBA - Green Build Association, promovendo iniciativas voltadas \u00e0 efici\u00eancia energ\u00e9tica e \u00e0 racionaliza\u00e7\u00e3o de energia e recursos naturais.<\/span><\/p><p><span style=\"color: #808080;\"><span style=\"color: #a6ce38;\">ECOPAINT<\/span> ganhou mais de 15 pr\u00e9mios internacionais devido aos seus compromissos com a ecologia, qualidade de produtos, servi\u00e7os e inova\u00e7\u00e3o.<\/span><\/p>\t\t\t\t\t\t<\/div>\n\t\t\t\t<\/div>\n\t\t\t\t\t<\/div>\n\t\t<\/div>\n\t\t\t\t\t<\/div>\n\t\t<\/section>\n\t\t\t\t<section class=\"elementor-section elementor-top-section elementor-element elementor-element-483ca27 elementor-section-boxed elementor-section-height-default elementor-section-height-default\" data-id=\"483ca27\" data-element_type=\"section\" data-settings=\"{&quot;background_background&quot;:&quot;classic&quot;}\">\n\t\t\t\t\t\t<div class=\"elementor-container elementor-column-gap-default\">\n\t\t\t\t\t<div class=\"elementor-column elementor-col-100 elementor-top-column elementor-element elementor-element-ff1ddba\" data-id=\"ff1ddba\" data-element_type=\"column\">\n\t\t\t<div class=\"elementor-widget-wrap elementor-element-populated\">\n\t\t\t\t\t\t<div class=\"elementor-element elementor-element-f8a0589 elementor-widget elementor-widget-heading\" data-id=\"f8a0589\" data-element_type=\"widget\" data-widget_type=\"heading.default\">\n\t\t\t\t<div class=\"elementor-widget-container\">\n\t\t\t<h2 class=\"elementor-heading-title elementor-size-default\">PELO MUNDO<\/h2>\t\t<\/div>\n\t\t\t\t<\/div>\n\t\t\t\t<div class=\"elementor-element elementor-element-ff2e73f elementor-widget elementor-widget-text-editor\" data-id=\"ff2e73f\" data-element_type=\"widget\" data-widget_type=\"text-editor.default\">\n\t\t\t\t<div class=\"elementor-widget-container\">\n\t\t\t\t\t\t\t<p><span style=\"color: #a6ce38;\">ECOPAINT Corportation<\/span> <span style=\"color: #808080;\">est\u00e1 sediada em<\/span> <strong>Portugal<\/strong><span style=\"color: #808080;\">, onde realiza toda a pesquisa, desenvolvimento e produ\u00e7\u00e3o. E \u00e9 ativo principalmente no continente europeu e africano.<\/span><\/p><p><span style=\"color: #808080;\">No entanto, e como resultado da sua vis\u00e3o baseada no crescimento sustent\u00e1vel, h\u00e1 uma perspectiva s\u00f3lida para consolidar a sua presen\u00e7a e expans\u00e3o noutros pa\u00edses e continentes.<\/span><\/p>\t\t\t\t\t\t<\/div>\n\t\t\t\t<\/div>\n\t\t\t\t<div class=\"elementor-element elementor-element-78e1a60 elementor-widget elementor-widget-spacer\" data-id=\"78e1a60\" data-element_type=\"widget\" data-widget_type=\"spacer.default\">\n\t\t\t\t<div class=\"elementor-widget-container\">\n\t\t\t\t\t<div class=\"elementor-spacer\">\n\t\t\t<div class=\"elementor-spacer-inner\"><\/div>\n\t\t<\/div>\n\t\t\t\t<\/div>\n\t\t\t\t<\/div>\n\t\t\t\t\t<\/div>\n\t\t<\/div>\n\t\t\t\t\t<\/div>\n\t\t<\/section>\n\t\t\t\t<\/div>","protected":false},"excerpt":{"rendered":"<p>ECOPAINT Corporation is a young, dynamic and eco\u2013conscious company with a range of recycled and environmentally friendly ECO Products created to build a better and colourful future. We believe being green and sustainable is not a way, it\u00b4s the only way.\u00a0 We sell and apply environmentally friendly ECO products in all areas of construction, from [&hellip;]<\/p>","protected":false},"author":1,"featured_media":0,"parent":0,"menu_order":0,"comment_status":"closed","ping_status":"closed","template":"elementor_header_footer","meta":{"footnotes":""},"aioseo_notices":[],"_links":{"self":[{"href":"https:\/\/ecopaint-corporation.com\/pt\/wp-json\/wp\/v2\/pages\/613"}],"collection":[{"href":"https:\/\/ecopaint-corporation.com\/pt\/wp-json\/wp\/v2\/pages"}],"about":[{"href":"https:\/\/ecopaint-corporation.com\/pt\/wp-json\/wp\/v2\/types\/page"}],"author":[{"embeddable":true,"href":"https:\/\/ecopaint-corporation.com\/pt\/wp-json\/wp\/v2\/users\/1"}],"replies":[{"embeddable":true,"href":"https:\/\/ecopaint-corporation.com\/pt\/wp-json\/wp\/v2\/comments?post=613"}],"version-history":[{"count":31,"href":"https:\/\/ecopaint-corporation.com\/pt\/wp-json\/wp\/v2\/pages\/613\/revisions"}],"predecessor-version":[{"id":4497,"href":"https:\/\/ecopaint-corporation.com\/pt\/wp-json\/wp\/v2\/pages\/613\/revisions\/4497"}],"wp:attachment":[{"href":"https:\/\/ecopaint-corporation.com\/pt\/wp-json\/wp\/v2\/media?parent=613"}],"curies":[{"name":"wp","href":"https:\/\/api.w.org\/{rel}","templated":true}]}}