{"id":1115,"date":"2019-05-24T16:04:21","date_gmt":"2019-05-24T15:04:21","guid":{"rendered":"http:\/\/wordpress.localhost\/wordpress.localhost\/?post_type=product&#038;p=1115"},"modified":"2019-11-29T10:24:43","modified_gmt":"2019-11-29T10:24:43","slug":"kerbstone-guide","status":"publish","type":"product","link":"https:\/\/ecopaint-corporation.com\/pt\/produto\/kerbstone-guide\/","title":{"rendered":"Lancil Guia"},"content":{"rendered":"<h2 class=\"ecop\">\u00e9 desenvolvido pela ECOPAINT Corporation e \u00e9 um <strong>Produto ECO<\/strong>.<\/h2>\n<p>Lancil para pisos de seguran\u00e7a, composto de borracha de pneus 100% reciclada (SBR).<br \/>\nEstes produtos distinguem-se pela sua capacidade de absor\u00e7\u00e3o de for\u00e7a e impacto.<br \/>\nA sua aplica\u00e7\u00e3o \u00e9 fundamental em pisos que t\u00eam como grande preocupa\u00e7\u00e3o a seguran\u00e7a m\u00e1xima dos seus utilizadores. Tendo em conta as suas caracter\u00edsticas, este produto torna-se assim um equipamento de seguran\u00e7a coletivo.<\/p>\n<p><strong>BENEF\u00cdCIOS<\/strong><\/p>\n<ul>\n<li>El\u00e1stico<\/li>\n<li>Resistente<\/li>\n<li>Boa absor\u00e7\u00e3o de impacto<\/li>\n<li>Drenagem<\/li>\n<\/ul>\n<p><strong>DADOS T\u00c9CNICOS<br \/>\n<\/strong><strong>Cores:<\/strong><\/p>\n<ul>\n<li>Azul<\/li>\n<li>Cinzento<\/li>\n<li>Preto<\/li>\n<li>Verde<\/li>\n<li>Vermelho<\/li>\n<\/ul>\n<p>Nota: Outras cores de acordo com as especifica\u00e7\u00f5es do cliente.<\/p>\n<p><strong>Dimens\u00f5es:<\/strong><\/p>\n<ul>\n<li>A- 75mm (toler\u00e2ncia+\/-3)<\/li>\n<li>B- 80mm (toler\u00e2ncia+\/-3)<\/li>\n<li>C- 150mm (toler\u00e2ncia+\/-3)<\/li>\n<li>D- 1200mm (toler\u00e2ncia+\/-5)<\/li>\n<\/ul>\n<p><strong>Peso:<\/strong><\/p>\n<ul>\n<li>16Kg (toler\u00e2ncia+\/- 0.5)<\/li>\n<\/ul>\n<p><strong>APLICA\u00c7\u00c3O<br \/>\n<\/strong><strong>\u00c1reas de aplica\u00e7\u00e3o:<\/strong><br \/>\nParques infantis, lares de idosos, ciclovias, recintos desportivos, etc.<br \/>\n<strong>M\u00e9todo de aplica\u00e7\u00e3o<\/strong><br \/>\nA aplica\u00e7\u00e3o de SBR mais comum \u00e9 feita atrav\u00e9s de uma funda\u00e7\u00e3o de bet\u00e3o, e tamb\u00e9m pode ser colocada em resina de poliuretano em superf\u00edcies de madeira, cimento ou asfalto.<br \/>\nNo caso de uma aplica\u00e7\u00e3o com resina, \u00e9 necess\u00e1rio garantir que as superf\u00edcies estejam livres de poeira e gordura, para garantir uma boa absor\u00e7\u00e3o.<\/p>","protected":false},"excerpt":{"rendered":"<p>is developed by ECOPAINT Corporation and is an ECO Product. Kerb for safety floors, composed of 100% recycled tire rubber (SBR). These products are distinguished by their strength and impact absorption capacity. Its application is fundamental in flooring that has as great concern the maximum safety of its users. Taking into account its characteristics, this [&hellip;]<\/p>","protected":false},"featured_media":2247,"comment_status":"open","ping_status":"closed","template":"","meta":[],"product_cat":[45,23],"product_tag":[287,289,158,297,302,143,291,282,303,300,295,294,151,150,292,293,284,285,290,299,298,276,286,288,301,144,296],"aioseo_notices":[],"_links":{"self":[{"href":"https:\/\/ecopaint-corporation.com\/pt\/wp-json\/wp\/v2\/product\/1115"}],"collection":[{"href":"https:\/\/ecopaint-corporation.com\/pt\/wp-json\/wp\/v2\/product"}],"about":[{"href":"https:\/\/ecopaint-corporation.com\/pt\/wp-json\/wp\/v2\/types\/product"}],"replies":[{"embeddable":true,"href":"https:\/\/ecopaint-corporation.com\/pt\/wp-json\/wp\/v2\/comments?post=1115"}],"version-history":[{"count":1,"href":"https:\/\/ecopaint-corporation.com\/pt\/wp-json\/wp\/v2\/product\/1115\/revisions"}],"predecessor-version":[{"id":1462,"href":"https:\/\/ecopaint-corporation.com\/pt\/wp-json\/wp\/v2\/product\/1115\/revisions\/1462"}],"wp:featuredmedia":[{"embeddable":true,"href":"https:\/\/ecopaint-corporation.com\/pt\/wp-json\/wp\/v2\/media\/2247"}],"wp:attachment":[{"href":"https:\/\/ecopaint-corporation.com\/pt\/wp-json\/wp\/v2\/media?parent=1115"}],"wp:term":[{"taxonomy":"product_cat","embeddable":true,"href":"https:\/\/ecopaint-corporation.com\/pt\/wp-json\/wp\/v2\/product_cat?post=1115"},{"taxonomy":"product_tag","embeddable":true,"href":"https:\/\/ecopaint-corporation.com\/pt\/wp-json\/wp\/v2\/product_tag?post=1115"}],"curies":[{"name":"wp","href":"https:\/\/api.w.org\/{rel}","templated":true}]}}