{"id":1117,"date":"2019-05-24T16:07:43","date_gmt":"2019-05-24T15:07:43","guid":{"rendered":"http:\/\/wordpress.localhost\/wordpress.localhost\/?post_type=product&#038;p=1117"},"modified":"2019-11-29T10:20:15","modified_gmt":"2019-11-29T10:20:15","slug":"profile","status":"publish","type":"product","link":"https:\/\/ecopaint-corporation.com\/pt\/produto\/profile\/","title":{"rendered":"Perfil"},"content":{"rendered":"<h2 class=\"ecop\">\u00e9 desenvolvido pela ECOPAINT Corporation e \u00e9 um <strong>Produto ECO<\/strong>.<\/h2>\n<p>Os perfis em pl\u00e1stico 100% reciclado s\u00e3o uma excelente op\u00e7\u00e3o quando se quer uma solu\u00e7\u00e3o t\u00e3o sustent\u00e1vel quanto dur\u00e1vel. \u00c9 uma alternativa amiga do ambiente, econ\u00f3mica e resistente em compara\u00e7\u00e3o com as solu\u00e7\u00f5es tradicionais em madeira ou metal. Produzimos v\u00e1rios tipos de perfil, quadrado, retangular, circular, triangular, meio redondo e tipo de telha.<\/p>\n<p><strong>BENEF\u00cdCIOS<\/strong><\/p>\n<ul>\n<li>Resistente \u00e0 corros\u00e3o, n\u00e3o se deteriora e \u00e9 est\u00e1vel<\/li>\n<li>Resistente ao vandalismo<\/li>\n<li>Resistente ao impacto, rachaduras e abras\u00e3o<\/li>\n<li>Mais leve que o a\u00e7o, aproximadamente 1\/3 do seu peso<\/li>\n<li>Sem manuten\u00e7\u00e3o, f\u00e1cil de lavar e desinfectar<\/li>\n<li>Baixo custo de instala\u00e7\u00e3o<\/li>\n<li>Isolante<\/li>\n<li>Antiderrapante<\/li>\n<li>Baixo custo de instala\u00e7\u00e3o<\/li>\n<li>N\u00e3o afetado por \u00e1gua, umidade ou agentes qu\u00edmicos<\/li>\n<li>Imperme\u00e1vel a parasitas e fungos<\/li>\n<li>Pode ser serrado, usinado, pregado, parafusado ou pintado<\/li>\n<\/ul>\n<p><strong>DADOS T\u00c9CNICOS<\/strong><br \/>\n<strong>Cores:<\/strong><\/p>\n<ul>\n<li>Preto<\/li>\n<li>Azul<\/li>\n<li>Castanho<\/li>\n<li>Verde<\/li>\n<\/ul>\n<p><strong>Tipos de perfil<\/strong><\/p>\n<ul>\n<li>Quadrado<\/li>\n<li>Rectangular<\/li>\n<li>Circular<\/li>\n<li>Triangular<\/li>\n<li>Meio cilindro<\/li>\n<li>Telha<\/li>\n<\/ul>","protected":false},"excerpt":{"rendered":"<p>is developed by ECOPAINT Corporation and is an ECO Product. The profiles in 100% recycled plastic are an excellent option when you want a solution that is as sustainable as it is durable. It is an environmentally friendly, economical and durable alternative to traditional solutions in wood or metal. We produce various types of profile, [&hellip;]<\/p>","protected":false},"featured_media":2165,"comment_status":"open","ping_status":"closed","template":"","meta":[],"product_cat":[49,24],"product_tag":[271,279,143,282,277,272,280,151,274,210,150,273,281,196,194,270,276,83,144,275,283,278],"aioseo_notices":[],"_links":{"self":[{"href":"https:\/\/ecopaint-corporation.com\/pt\/wp-json\/wp\/v2\/product\/1117"}],"collection":[{"href":"https:\/\/ecopaint-corporation.com\/pt\/wp-json\/wp\/v2\/product"}],"about":[{"href":"https:\/\/ecopaint-corporation.com\/pt\/wp-json\/wp\/v2\/types\/product"}],"replies":[{"embeddable":true,"href":"https:\/\/ecopaint-corporation.com\/pt\/wp-json\/wp\/v2\/comments?post=1117"}],"version-history":[{"count":0,"href":"https:\/\/ecopaint-corporation.com\/pt\/wp-json\/wp\/v2\/product\/1117\/revisions"}],"wp:featuredmedia":[{"embeddable":true,"href":"https:\/\/ecopaint-corporation.com\/pt\/wp-json\/wp\/v2\/media\/2165"}],"wp:attachment":[{"href":"https:\/\/ecopaint-corporation.com\/pt\/wp-json\/wp\/v2\/media?parent=1117"}],"wp:term":[{"taxonomy":"product_cat","embeddable":true,"href":"https:\/\/ecopaint-corporation.com\/pt\/wp-json\/wp\/v2\/product_cat?post=1117"},{"taxonomy":"product_tag","embeddable":true,"href":"https:\/\/ecopaint-corporation.com\/pt\/wp-json\/wp\/v2\/product_tag?post=1117"}],"curies":[{"name":"wp","href":"https:\/\/api.w.org\/{rel}","templated":true}]}}