{"id":12140,"date":"2022-08-12T16:00:31","date_gmt":"2022-08-12T15:00:31","guid":{"rendered":"https:\/\/ecopaint-corporation.com\/?post_type=product&#038;p=12140"},"modified":"2022-09-12T16:33:37","modified_gmt":"2022-09-12T15:33:37","slug":"powder-paint","status":"publish","type":"product","link":"https:\/\/ecopaint-corporation.com\/pt\/produto\/powder-paint\/","title":{"rendered":"Tinta em P\u00f3"},"content":{"rendered":"<h2 class=\"ecop\">\u00e9 desenvolvido pela <span style=\"color: #a6ce38;\">ECOPAINT Corporation<\/span> e \u00e9 um <strong>Produto ECO<\/strong>.<\/h2>\n<p>Produto baseado em dispers\u00f5es aquosas ecol\u00f3gicas (Hidr\u00f3xido de C\u00e1lcio, Celulose Reciclada e Minerais).<br \/>\nA Tinta em P\u00f3 \u00e9 uma tinta de acabamento fosco, indicada preferencialmente para interiores.<\/p>\n<p><span lang=\"EN-US\">Este produto \u00e9 vendido em p\u00f3\u00a0<\/span>| pacote de tinta 5L | pacote de tinta 15L<strong><br \/>\n<\/strong><\/p>\n<p><strong>Voc\u00ea pode adicionar pigmentos naturais para obter outras cores<\/strong><\/p>\n<p><img fetchpriority=\"high\" decoding=\"async\" class=\"alignnone wp-image-12149 size-medium\" src=\"https:\/\/ecopaint-corporation.com\/wp-content\/uploads\/2022\/08\/pigment_green-300x300.jpg\" alt=\"\" width=\"300\" height=\"300\" srcset=\"https:\/\/ecopaint-corporation.com\/wp-content\/uploads\/2022\/08\/pigment_green-300x300.jpg 300w, https:\/\/ecopaint-corporation.com\/wp-content\/uploads\/2022\/08\/pigment_green.jpg 1024w, https:\/\/ecopaint-corporation.com\/wp-content\/uploads\/2022\/08\/pigment_green-150x150.jpg 150w, https:\/\/ecopaint-corporation.com\/wp-content\/uploads\/2022\/08\/pigment_green-768x768.jpg 768w, https:\/\/ecopaint-corporation.com\/wp-content\/uploads\/2022\/08\/pigment_green-12x12.jpg 12w, https:\/\/ecopaint-corporation.com\/wp-content\/uploads\/2022\/08\/pigment_green-600x600.jpg 600w, https:\/\/ecopaint-corporation.com\/wp-content\/uploads\/2022\/08\/pigment_green-100x100.jpg 100w\" sizes=\"(max-width: 300px) 100vw, 300px\" \/><img decoding=\"async\" class=\"alignnone wp-image-12151 size-medium\" src=\"https:\/\/ecopaint-corporation.com\/wp-content\/uploads\/2022\/08\/pigment_yellow-300x300.jpg\" alt=\"\" width=\"300\" height=\"300\" srcset=\"https:\/\/ecopaint-corporation.com\/wp-content\/uploads\/2022\/08\/pigment_yellow-300x300.jpg 300w, https:\/\/ecopaint-corporation.com\/wp-content\/uploads\/2022\/08\/pigment_yellow.jpg 1024w, https:\/\/ecopaint-corporation.com\/wp-content\/uploads\/2022\/08\/pigment_yellow-150x150.jpg 150w, https:\/\/ecopaint-corporation.com\/wp-content\/uploads\/2022\/08\/pigment_yellow-768x768.jpg 768w, https:\/\/ecopaint-corporation.com\/wp-content\/uploads\/2022\/08\/pigment_yellow-12x12.jpg 12w, https:\/\/ecopaint-corporation.com\/wp-content\/uploads\/2022\/08\/pigment_yellow-600x600.jpg 600w, https:\/\/ecopaint-corporation.com\/wp-content\/uploads\/2022\/08\/pigment_yellow-100x100.jpg 100w\" sizes=\"(max-width: 300px) 100vw, 300px\" \/><img decoding=\"async\" class=\"alignnone wp-image-12152 size-medium\" src=\"https:\/\/ecopaint-corporation.com\/wp-content\/uploads\/2022\/08\/pigment-blue-300x300.jpg\" alt=\"\" width=\"300\" height=\"300\" srcset=\"https:\/\/ecopaint-corporation.com\/wp-content\/uploads\/2022\/08\/pigment-blue-300x300.jpg 300w, https:\/\/ecopaint-corporation.com\/wp-content\/uploads\/2022\/08\/pigment-blue.jpg 1024w, https:\/\/ecopaint-corporation.com\/wp-content\/uploads\/2022\/08\/pigment-blue-150x150.jpg 150w, https:\/\/ecopaint-corporation.com\/wp-content\/uploads\/2022\/08\/pigment-blue-768x768.jpg 768w, https:\/\/ecopaint-corporation.com\/wp-content\/uploads\/2022\/08\/pigment-blue-12x12.jpg 12w, https:\/\/ecopaint-corporation.com\/wp-content\/uploads\/2022\/08\/pigment-blue-600x600.jpg 600w, https:\/\/ecopaint-corporation.com\/wp-content\/uploads\/2022\/08\/pigment-blue-100x100.jpg 100w\" sizes=\"(max-width: 300px) 100vw, 300px\" \/><img loading=\"lazy\" decoding=\"async\" class=\"alignnone wp-image-12153 size-medium\" src=\"https:\/\/ecopaint-corporation.com\/wp-content\/uploads\/2022\/08\/pigment_black-300x300.jpg\" alt=\"\" width=\"300\" height=\"300\" srcset=\"https:\/\/ecopaint-corporation.com\/wp-content\/uploads\/2022\/08\/pigment_black-300x300.jpg 300w, https:\/\/ecopaint-corporation.com\/wp-content\/uploads\/2022\/08\/pigment_black.jpg 1024w, https:\/\/ecopaint-corporation.com\/wp-content\/uploads\/2022\/08\/pigment_black-150x150.jpg 150w, https:\/\/ecopaint-corporation.com\/wp-content\/uploads\/2022\/08\/pigment_black-768x768.jpg 768w, https:\/\/ecopaint-corporation.com\/wp-content\/uploads\/2022\/08\/pigment_black-12x12.jpg 12w, https:\/\/ecopaint-corporation.com\/wp-content\/uploads\/2022\/08\/pigment_black-600x600.jpg 600w, https:\/\/ecopaint-corporation.com\/wp-content\/uploads\/2022\/08\/pigment_black-100x100.jpg 100w\" sizes=\"(max-width: 300px) 100vw, 300px\" \/><img loading=\"lazy\" decoding=\"async\" class=\"alignnone size-medium wp-image-12150\" src=\"https:\/\/ecopaint-corporation.com\/wp-content\/uploads\/2022\/08\/pigment_orange-300x300.jpg\" alt=\"\" width=\"300\" height=\"300\" srcset=\"https:\/\/ecopaint-corporation.com\/wp-content\/uploads\/2022\/08\/pigment_orange-300x300.jpg 300w, https:\/\/ecopaint-corporation.com\/wp-content\/uploads\/2022\/08\/pigment_orange.jpg 1024w, https:\/\/ecopaint-corporation.com\/wp-content\/uploads\/2022\/08\/pigment_orange-150x150.jpg 150w, https:\/\/ecopaint-corporation.com\/wp-content\/uploads\/2022\/08\/pigment_orange-768x768.jpg 768w, https:\/\/ecopaint-corporation.com\/wp-content\/uploads\/2022\/08\/pigment_orange-12x12.jpg 12w, https:\/\/ecopaint-corporation.com\/wp-content\/uploads\/2022\/08\/pigment_orange-600x600.jpg 600w, https:\/\/ecopaint-corporation.com\/wp-content\/uploads\/2022\/08\/pigment_orange-100x100.jpg 100w\" sizes=\"(max-width: 300px) 100vw, 300px\" \/><img loading=\"lazy\" decoding=\"async\" class=\"alignnone size-medium wp-image-12720\" src=\"https:\/\/ecopaint-corporation.com\/wp-content\/uploads\/2022\/09\/purple_pigment-300x300.jpg\" alt=\"\" width=\"300\" height=\"300\" srcset=\"https:\/\/ecopaint-corporation.com\/wp-content\/uploads\/2022\/09\/purple_pigment-300x300.jpg 300w, https:\/\/ecopaint-corporation.com\/wp-content\/uploads\/2022\/09\/purple_pigment.jpg 1024w, https:\/\/ecopaint-corporation.com\/wp-content\/uploads\/2022\/09\/purple_pigment-150x150.jpg 150w, https:\/\/ecopaint-corporation.com\/wp-content\/uploads\/2022\/09\/purple_pigment-768x768.jpg 768w, https:\/\/ecopaint-corporation.com\/wp-content\/uploads\/2022\/09\/purple_pigment-12x12.jpg 12w, https:\/\/ecopaint-corporation.com\/wp-content\/uploads\/2022\/09\/purple_pigment-600x600.jpg 600w, https:\/\/ecopaint-corporation.com\/wp-content\/uploads\/2022\/09\/purple_pigment-100x100.jpg 100w\" sizes=\"(max-width: 300px) 100vw, 300px\" \/><\/p>\n<p><strong>VANTAGENS<\/strong><\/p>\n<ul>\n<li>Redu\u00e7\u00e3o radical de \u00e1gua no momento da produ\u00e7\u00e3o de tinta na f\u00e1brica e na limpeza dos equipamentos utilizados.<\/li>\n<li>Ser composto de produtos ecologicamente corretos n\u00e3o criar\u00e1 nenhum problema.<\/li>\n<li>Sem cheiro, toda a ferramenta pode ser lavada com \u00e1gua assim como a embalagem utilizada.<\/li>\n<li>A \u00e1gua das ferramentas de lavagem pode ser despejada na terra sem criar nenhum problema, pelo contr\u00e1rio, ajudar\u00e1 a enriquecer a terra.<\/li>\n<li>Se voc\u00ea n\u00e3o pretende usar a tinta restante, apenas dilua um pouco mais e vire para a terra.<br \/>\n<strong><br \/>\n<\/strong><\/li>\n<\/ul>\n<p><b>APLICA\u00c7\u00c3O<\/b><\/p>\n<p>A Tinta em P\u00f3 \u00e9 uma tinta de acabamento fosco, indicada preferencialmente para interiores.<\/p>\n<ul>\n<li>Excelente poder de cobertura<\/li>\n<li>Boa durabilidade e resist\u00eancia \u00e0 abras\u00e3o<\/li>\n<li>Excelente rela\u00e7\u00e3o qualidade\/pre\u00e7o<\/li>\n<li>Ideal para \u00e1reas com manchas em gesso, gesso cartonado, pintura de stands, gesso, corti\u00e7a e madeira, etc\u2026<\/li>\n<li>Dispon\u00edvel em Branco e cores claras.<\/li>\n<\/ul>\n<p><b><br \/>\nM\u00c9TODO DE APLICAR<\/b><\/p>\n<p>A Tinta em P\u00f3 pode ser aplicada com pincel, pincel ou rolo em 3 dem\u00e3os.<\/p>\n<p><b>RECOMENDA\u00c7\u00d5ES<\/b><\/p>\n<p>Para superf\u00edcies novas, as superf\u00edcies devem estar secas e limpas.<br \/>\nPara superf\u00edcies j\u00e1 pintadas, devem ser bem polidas e limpas antes da aplica\u00e7\u00e3o.<\/p>\n<p><b>ARMAZENAMENTO<br \/>\n<\/b><\/p>\n<p>Estabilidade de armazenamento por at\u00e9 2 anos, em embalagens fechadas, protegidas do frio e do calor.<\/p>\n<p>&nbsp;<\/p>\n<p>&nbsp;<\/p>","protected":false},"excerpt":{"rendered":"<p>is developed by ECOPAINT Corporation and is an ECO Product. Product based on ecological aqueous dispersions (Calcium Hydroxide, Recycled Cellulose, and Minerals). Powder Paint is a matte finish paint, preferably indicated for interiors. This product is sold in powder form\u00a0| 5L ink pack | 15L ink pack You can add natural pigments to get other [&hellip;]<\/p>","protected":false},"featured_media":12141,"comment_status":"open","ping_status":"closed","template":"","meta":[],"product_cat":[777,19],"product_tag":[728,264,721,151,210,150,724,181,722,90,725,180,727,723],"aioseo_notices":[],"_links":{"self":[{"href":"https:\/\/ecopaint-corporation.com\/pt\/wp-json\/wp\/v2\/product\/12140"}],"collection":[{"href":"https:\/\/ecopaint-corporation.com\/pt\/wp-json\/wp\/v2\/product"}],"about":[{"href":"https:\/\/ecopaint-corporation.com\/pt\/wp-json\/wp\/v2\/types\/product"}],"replies":[{"embeddable":true,"href":"https:\/\/ecopaint-corporation.com\/pt\/wp-json\/wp\/v2\/comments?post=12140"}],"version-history":[{"count":1,"href":"https:\/\/ecopaint-corporation.com\/pt\/wp-json\/wp\/v2\/product\/12140\/revisions"}],"predecessor-version":[{"id":12145,"href":"https:\/\/ecopaint-corporation.com\/pt\/wp-json\/wp\/v2\/product\/12140\/revisions\/12145"}],"wp:featuredmedia":[{"embeddable":true,"href":"https:\/\/ecopaint-corporation.com\/pt\/wp-json\/wp\/v2\/media\/12141"}],"wp:attachment":[{"href":"https:\/\/ecopaint-corporation.com\/pt\/wp-json\/wp\/v2\/media?parent=12140"}],"wp:term":[{"taxonomy":"product_cat","embeddable":true,"href":"https:\/\/ecopaint-corporation.com\/pt\/wp-json\/wp\/v2\/product_cat?post=12140"},{"taxonomy":"product_tag","embeddable":true,"href":"https:\/\/ecopaint-corporation.com\/pt\/wp-json\/wp\/v2\/product_tag?post=12140"}],"curies":[{"name":"wp","href":"https:\/\/api.w.org\/{rel}","templated":true}]}}