{"id":14424,"date":"2023-02-01T17:26:46","date_gmt":"2023-02-01T17:26:46","guid":{"rendered":"https:\/\/ecopaint-corporation.com\/?post_type=product&#038;p=14424"},"modified":"2023-02-09T15:45:33","modified_gmt":"2023-02-09T15:45:33","slug":"glass-protection","status":"publish","type":"product","link":"https:\/\/ecopaint-corporation.com\/pt\/produto\/glass-protection\/","title":{"rendered":"Glass Protection"},"content":{"rendered":"<p style=\"text-align: left;\">Glass Protection is a rigid, durable absorber made from recycled glass. The material is suitable for external use, indoor use and settings which require high impact resistance.<br \/>\nIt can be worked on site, pigmented or treated with a range of finishes and is non combustible, chemically inert and non fibrous. Panels can be either mechanically fixed or bonded and a range of sizes are available including custom options.<\/p>\n<div>\n<div class=\"page\" title=\"Page 1\">\n<div class=\"section\">\n<div class=\"layoutArea\">\n<div class=\"column\">\n<p><span style=\"color: #99cc00;\"><strong style=\"color: #99cc00;\"><a style=\"color: #99cc00;\" href=\"https:\/\/drive.google.com\/file\/d\/1UTEvYxXMNT9VbiXOFqO3CqQiHDJIN7Iq\/view?usp=share_link\">Acoustic<\/a><\/strong><a style=\"color: #99cc00;\" href=\"https:\/\/drive.google.com\/file\/d\/1UTEvYxXMNT9VbiXOFqO3CqQiHDJIN7Iq\/view?usp=share_link\"><strong> Performance <\/strong><\/a><strong style=\"color: #99cc00;\"><span style=\"color: #333333;\"><strong>|<\/strong><\/span><\/strong><\/span>\u00a0<strong>Ease of installation |<\/strong>\u00a0<strong>Fireproof | Ecological product<\/strong><\/p>\n<\/div>\n<\/div>\n<\/div>\n<\/div>\n<\/div>\n<div><strong><br \/>\nCARACTER\u00cdSTICAS<\/strong><\/div>\n<ul>\n<li>High sound absorption<\/li>\n<li>Non combustible<\/li>\n<li>Weather resistant<\/li>\n<li>Self bearing<\/li>\n<li>Easily cut on site<\/li>\n<li>94% recycled glass<\/li>\n<li>bespoke size available<\/li>\n<li>Long lifetime \u2013 robust, will not corrode or degrade<\/li>\n<li>Cost effective<\/li>\n<\/ul>\n<div>\n<p><strong><br \/>\nEXPANDED GLASS <\/strong>&#8211;\u00a0What is it?<\/p>\n<div class=\"page\" title=\"Page 1\">\n<div class=\"section\">\n<div class=\"layoutArea\">\n<p>Expanded glass is a white inorganic thermal insulating material made from recycled glass, in the form of small porous granules.<\/p>\n<p>consulte Mais informa\u00e7\u00e3o<\/p>\n<p><span style=\"color: #99cc00;\"><a style=\"color: #99cc00;\" href=\"https:\/\/ecopaint-corporation.com\/wp-content\/uploads\/2023\/02\/FT_ABOUT-EXPANDED-GLASS-EN_compressed.pdf\"><strong>About Expanded Glass \u00a0 \/ \u00a0 <\/strong><\/a><\/span><strong><span style=\"color: #99cc00;\"><a style=\"color: #99cc00;\" href=\"https:\/\/ecopaint-corporation.com\/wp-content\/uploads\/2023\/02\/FT_SOBRE-GRANULADO-DE-VIDRO-PT_compressed.pdf\">Sobre o Granulado de Vidro \u00a0 \/ \u00a0 \u00a0<\/a><\/span><span style=\"color: #99cc00;\"><a style=\"color: #99cc00;\" href=\"https:\/\/ecopaint-corporation.com\/wp-content\/uploads\/2023\/02\/FT_A-PROPOS-DU-VERRE-EXPANSE_FR_compressed.pdf\">\u00c0 Propos du Verre Expanse<\/a><\/span><\/strong><\/p>\n<\/div>\n<\/div>\n<\/div>\n<\/div>\n<div><\/div>\n<div><\/div>\n<div><strong>\u00a0<\/strong><\/div>\n<p><b><br \/>\nAPLICA\u00c7\u00d5ES<\/b><\/p>\n<ul>\n<li>Swimming pools<\/li>\n<li>Spas<\/li>\n<li>Sports Halls<\/li>\n<li>Restaurants<\/li>\n<li>Conference Rooms<\/li>\n<li>Halls<\/li>\n<li>Bars and Nightclubs<\/li>\n<li>Acoustics at work<\/li>\n<li>Education &amp; Conference<\/li>\n<li>Train Stations<\/li>\n<li>Schools<\/li>\n<li>Sportshalls<\/li>\n<li>Healthcare<\/li>\n<li>Leisure<\/li>\n<\/ul>\n<p>&nbsp;<\/p>\n<p><img fetchpriority=\"high\" decoding=\"async\" class=\"size-medium wp-image-14419 alignleft\" src=\"https:\/\/ecopaint-corporation.com\/wp-content\/uploads\/2023\/01\/GLASS-PROTECTION-4-1024px-300x300.jpg\" alt=\"\" width=\"300\" height=\"300\" srcset=\"https:\/\/ecopaint-corporation.com\/wp-content\/uploads\/2023\/01\/GLASS-PROTECTION-4-1024px-300x300.jpg 300w, https:\/\/ecopaint-corporation.com\/wp-content\/uploads\/2023\/01\/GLASS-PROTECTION-4-1024px.jpg 1024w, https:\/\/ecopaint-corporation.com\/wp-content\/uploads\/2023\/01\/GLASS-PROTECTION-4-1024px-150x150.jpg 150w, https:\/\/ecopaint-corporation.com\/wp-content\/uploads\/2023\/01\/GLASS-PROTECTION-4-1024px-768x768.jpg 768w, https:\/\/ecopaint-corporation.com\/wp-content\/uploads\/2023\/01\/GLASS-PROTECTION-4-1024px-12x12.jpg 12w, https:\/\/ecopaint-corporation.com\/wp-content\/uploads\/2023\/01\/GLASS-PROTECTION-4-1024px-600x600.jpg 600w, https:\/\/ecopaint-corporation.com\/wp-content\/uploads\/2023\/01\/GLASS-PROTECTION-4-1024px-100x100.jpg 100w\" sizes=\"(max-width: 300px) 100vw, 300px\" \/><\/p>\n<p>&nbsp;<\/p>\n<p><span style=\"color: #99cc00;\"><strong>Noise barriers, tunnels and industrial<\/strong><\/span><\/p>\n<p style=\"text-align: left;\">Ideal for adding an absorbent facing to noise barriers and many other areas requiring a durable and weather resistant solution. Installation is simple as panels can be cut on site and mechanically fixed or bonded to the substrate.<br \/>\nMany build up options can be used to suit acoustic requirements and budget.<\/p>\n<p>&nbsp;<\/p>\n<p>&nbsp;<\/p>\n<p>&nbsp;<\/p>\n<p>&nbsp;<\/p>\n<p><img decoding=\"async\" class=\"size-medium wp-image-14418 alignleft\" src=\"https:\/\/ecopaint-corporation.com\/wp-content\/uploads\/2023\/01\/GLASS-PROTECTION-2-1024px-300x300.jpg\" alt=\"\" width=\"300\" height=\"300\" srcset=\"https:\/\/ecopaint-corporation.com\/wp-content\/uploads\/2023\/01\/GLASS-PROTECTION-2-1024px-300x300.jpg 300w, https:\/\/ecopaint-corporation.com\/wp-content\/uploads\/2023\/01\/GLASS-PROTECTION-2-1024px.jpg 1024w, https:\/\/ecopaint-corporation.com\/wp-content\/uploads\/2023\/01\/GLASS-PROTECTION-2-1024px-150x150.jpg 150w, https:\/\/ecopaint-corporation.com\/wp-content\/uploads\/2023\/01\/GLASS-PROTECTION-2-1024px-768x768.jpg 768w, https:\/\/ecopaint-corporation.com\/wp-content\/uploads\/2023\/01\/GLASS-PROTECTION-2-1024px-12x12.jpg 12w, https:\/\/ecopaint-corporation.com\/wp-content\/uploads\/2023\/01\/GLASS-PROTECTION-2-1024px-600x600.jpg 600w, https:\/\/ecopaint-corporation.com\/wp-content\/uploads\/2023\/01\/GLASS-PROTECTION-2-1024px-100x100.jpg 100w\" sizes=\"(max-width: 300px) 100vw, 300px\" \/><\/p>\n<p>&nbsp;<\/p>\n<p><span style=\"color: #99cc00;\"><strong>Spray<\/strong><\/span><\/p>\n<p>Seamless acoustic spray system<br \/>\nWhen an aesthetically neutral finish is needed, Glass Protection is the base panel of our spray system.<br \/>\nThe system applied to a ceiling gives a perfect, plaster-like finish whilst providing high sound absorption.<\/p>\n<p>&nbsp;<\/p>\n<p>&nbsp;<\/p>\n<p>&nbsp;<\/p>\n<p>&nbsp;<\/p>\n<p><b><br \/>\nM\u00c9TODO DE APLICA\u00c7\u00c3O<\/b><\/p>\n<p>Bonding can be achieved using either adhesive or mechanical fixing depending on substrate and setting. We can provide CM18 thin-bed adhesive mor tal which will adhere to all solid, load- bearing surfaces. This allows for very rapid, economical installation. Alternatively, Mechanical fixing is suitable and allows for frameworks and air gaps which improve acoustic performance. Contact us for guidance and technical details.<\/p>\n<p><span style=\"color: #99cc00;\"><a style=\"color: #99cc00;\" href=\"https:\/\/ecopaint-corporation.com\/wp-content\/uploads\/2023\/02\/Panels-Wall-installation-Adhesive.pdf\">Panels-Wall-installation-Adhesive<\/a><\/span><\/p>\n<p><span style=\"color: #99cc00;\"><a style=\"color: #99cc00;\" href=\"https:\/\/ecopaint-corporation.com\/wp-content\/uploads\/2023\/01\/Panels-Wall-installation-Direct-to-wall.pdf\">Panels-Wall-installation-Direct-to-wall<\/a><\/span><\/p>\n<p><span style=\"color: #99cc00;\"><a style=\"color: #99cc00;\" href=\"https:\/\/ecopaint-corporation.com\/wp-content\/uploads\/2023\/02\/Panels-Wall-installation-Battens.pdf\">Panels-Wall-installation-Battens<\/a><\/span><\/p>\n<p>&nbsp;<\/p>\n<p>&nbsp;<\/p>\n<p>&nbsp;<\/p>\n<p>&nbsp;<\/p>","protected":false},"excerpt":{"rendered":"<p>Glass Protection is a rigid, durable absorber made from recycled glass. The material is suitable for external use, indoor use and settings which require high impact resistance. It can be worked on site, pigmented or treated with a range of finishes and is non combustible, chemically inert and non fibrous. Panels can be either mechanically [&hellip;]<\/p>","protected":false},"featured_media":14418,"comment_status":"open","ping_status":"closed","template":"","meta":[],"product_cat":[812],"product_tag":[728,264,721,151,210,150,724,181,722,90,725,180,727,723],"aioseo_notices":[],"_links":{"self":[{"href":"https:\/\/ecopaint-corporation.com\/pt\/wp-json\/wp\/v2\/product\/14424"}],"collection":[{"href":"https:\/\/ecopaint-corporation.com\/pt\/wp-json\/wp\/v2\/product"}],"about":[{"href":"https:\/\/ecopaint-corporation.com\/pt\/wp-json\/wp\/v2\/types\/product"}],"replies":[{"embeddable":true,"href":"https:\/\/ecopaint-corporation.com\/pt\/wp-json\/wp\/v2\/comments?post=14424"}],"version-history":[{"count":33,"href":"https:\/\/ecopaint-corporation.com\/pt\/wp-json\/wp\/v2\/product\/14424\/revisions"}],"predecessor-version":[{"id":14584,"href":"https:\/\/ecopaint-corporation.com\/pt\/wp-json\/wp\/v2\/product\/14424\/revisions\/14584"}],"wp:featuredmedia":[{"embeddable":true,"href":"https:\/\/ecopaint-corporation.com\/pt\/wp-json\/wp\/v2\/media\/14418"}],"wp:attachment":[{"href":"https:\/\/ecopaint-corporation.com\/pt\/wp-json\/wp\/v2\/media?parent=14424"}],"wp:term":[{"taxonomy":"product_cat","embeddable":true,"href":"https:\/\/ecopaint-corporation.com\/pt\/wp-json\/wp\/v2\/product_cat?post=14424"},{"taxonomy":"product_tag","embeddable":true,"href":"https:\/\/ecopaint-corporation.com\/pt\/wp-json\/wp\/v2\/product_tag?post=14424"}],"curies":[{"name":"wp","href":"https:\/\/api.w.org\/{rel}","templated":true}]}}