{"id":2111,"date":"2019-07-11T09:44:09","date_gmt":"2019-07-11T08:44:09","guid":{"rendered":"http:\/\/ecopaint-corporation.com\/?post_type=product&#038;p=2111"},"modified":"2022-05-12T16:07:01","modified_gmt":"2022-05-12T15:07:01","slug":"industrial-fabric-softener","status":"publish","type":"product","link":"https:\/\/ecopaint-corporation.com\/pt\/produto\/industrial-fabric-softener\/","title":{"rendered":"#FIGHTVIRUS Amaciador Industrial Roupa"},"content":{"rendered":"<h2 class=\"ecop\">\u00e9 desenvolvido pela ECOPAINT Corporation e \u00e9 um <strong>Produto ECO<\/strong>.<\/h2>\n<p>Aditivo de lavanderia funcional com propriedades antimicrobianas. Este aditivo \u00e9 um amaciante para ser adicionado \u00e0 sua m\u00e1quina de lavar e \u00e9 eficaz no combate a bact\u00e9rias, fungos, mofo e odores desagrad\u00e1veis. Ideal para controlar o odor e evitar a contamina\u00e7\u00e3o e degrada\u00e7\u00e3o dos t\u00eaxteis. O Amaciador de Tecido #FIGHTVIRUS proporciona um desempenho duradouro de higiene e preven\u00e7\u00e3o de infec\u00e7\u00f5es para suas roupas, uniformes, len\u00e7\u00f3is, tecidos e todos os tipos de t\u00eaxteis.<\/p>\n<p><strong>BENEF\u00cdCIOS<\/strong><\/p>\n<ul>\n<li>Mant\u00e9m seus tecidos limpos e livres de bact\u00e9rias.<\/li>\n<li>Preven\u00e7\u00e3o de contamina\u00e7\u00e3o cruzada e infec\u00e7\u00f5es;<\/li>\n<li>Inovador  e \u00fanico<\/li>\n<li>Longa durabilidade;<\/li>\n<li>Alta efici\u00eancia<\/li>\n<li>Aplica\u00e7\u00e3o f\u00e1cil;<\/li>\n<li>N\u00e3o \u00e9 t\u00f3xico;<\/li>\n<li>N\u00e3o cont\u00e9m metais pesados (por exemplo, prata);<\/li>\n<li>Bio-compat\u00edvel;<\/li>\n<li>N\u00e3o causa irrita\u00e7\u00e3o na pele;<\/li>\n<li>Custo reduzido;<\/li>\n<li>Benef\u00edcio m\u00e1ximo;<\/li>\n<li>Amigo do meio ambiente;<\/li>\n<li>Health insurance<\/li>\n<\/ul>\n<p><strong>APLICA\u00c7\u00c3O<\/strong><\/p>\n<p>#FIGHTVIRUS FABRIC SOFTENER is supplied in liquid format to be added directly to your laundry machine as a normal softener. This product will replace other softeners, and is compatible with both synthetic and natural fibers, meaning all textiles can be \u201cwash-treated\u201d with these innovative properties.<\/p>\n<p><strong>INSTRU\u00c7\u00d5ES<\/strong><\/p>\n<p class=\"p1\">Basta adicionar 3ml de #FIGHTVIRUS Softener Fabric<span class=\"s1\">\u00a0<\/span>para cada kg de roupa a ser lavada.<br \/>\nApply the product directly to the softener compartment of your laundry machine.<\/p>\n<p class=\"p1\"><strong>Rendimento:<\/strong>\u00a0 3ml de #FIGHTVIRUS -&gt; 1kg de roupa \/ 1L de #FIGHTVIRUS -&gt; 330kg de roupa.<\/p>\n<p><strong>INFORMA\u00c7\u00c3O ADICIONAL<\/strong><br \/>\nGuarde em local fresco. Manter o recipiente bem fechado em local seco e bem ventilado. Os recipientes abertos devem ser cuidadosamente selados e mantidos em posi\u00e7\u00e3o vertical para evitar vazamentos.<br \/>\nN\u00e3o exponha \u00e0 luz solar directa.<br \/>\nAs informa\u00e7\u00f5es contidas nesta ficha t\u00e9cnica s\u00e3o baseadas no nosso melhor conhecimento t\u00e9cnico e nas condi\u00e7\u00f5es de aplica\u00e7\u00e3o al\u00e9m do nosso controle.<br \/>\nO utilizador \u00e9 totalmente respons\u00e1vel pelo uso correto do produto em rela\u00e7\u00e3o aos aspectos t\u00e9cnicos e de seguran\u00e7a no trabalho.<br \/>\nPor favor, leia a \u201cFicha T\u00e9cnica de Seguran\u00e7a\u201d e tome todas as devidas precau\u00e7\u00f5es de seguran\u00e7a e ambientais.<br \/>\nOs termos desta Ficha T\u00e9cnica apenas fornecem os requisitos t\u00e9cnicos do produto e n\u00e3o criam ou inferem qualquer garantia, expressa ou impl\u00edcita.<\/p>\n<p>&nbsp;<\/p>\n<p>&nbsp;<\/p>\n<p>&nbsp;<\/p>","protected":false},"excerpt":{"rendered":"<p>is developed by ECOPAINT Corporation and is an ECO Product. Functional laundry additive with antimicrobial properties. This additive is a softener to be added to your laundry machine and effective in the fight against bacteria, fungus, mould and unpleasant smells. Ideal for odour-control and avoiding textile contamination and degradation. #FIGHTVIRUS Fabric Softener provides long-lasting hygiene [&hellip;]<\/p>","protected":false},"featured_media":5594,"comment_status":"open","ping_status":"closed","template":"","meta":[],"product_cat":[46,24],"product_tag":[159,158,151,147,150,152,161,149,163,162,164,155,144],"aioseo_notices":[],"_links":{"self":[{"href":"https:\/\/ecopaint-corporation.com\/pt\/wp-json\/wp\/v2\/product\/2111"}],"collection":[{"href":"https:\/\/ecopaint-corporation.com\/pt\/wp-json\/wp\/v2\/product"}],"about":[{"href":"https:\/\/ecopaint-corporation.com\/pt\/wp-json\/wp\/v2\/types\/product"}],"replies":[{"embeddable":true,"href":"https:\/\/ecopaint-corporation.com\/pt\/wp-json\/wp\/v2\/comments?post=2111"}],"version-history":[{"count":1,"href":"https:\/\/ecopaint-corporation.com\/pt\/wp-json\/wp\/v2\/product\/2111\/revisions"}],"predecessor-version":[{"id":4813,"href":"https:\/\/ecopaint-corporation.com\/pt\/wp-json\/wp\/v2\/product\/2111\/revisions\/4813"}],"wp:featuredmedia":[{"embeddable":true,"href":"https:\/\/ecopaint-corporation.com\/pt\/wp-json\/wp\/v2\/media\/5594"}],"wp:attachment":[{"href":"https:\/\/ecopaint-corporation.com\/pt\/wp-json\/wp\/v2\/media?parent=2111"}],"wp:term":[{"taxonomy":"product_cat","embeddable":true,"href":"https:\/\/ecopaint-corporation.com\/pt\/wp-json\/wp\/v2\/product_cat?post=2111"},{"taxonomy":"product_tag","embeddable":true,"href":"https:\/\/ecopaint-corporation.com\/pt\/wp-json\/wp\/v2\/product_tag?post=2111"}],"curies":[{"name":"wp","href":"https:\/\/api.w.org\/{rel}","templated":true}]}}