{"id":2112,"date":"2019-07-11T09:45:37","date_gmt":"2019-07-11T08:45:37","guid":{"rendered":"http:\/\/ecopaint-corporation.com\/?post_type=product&#038;p=2112"},"modified":"2022-05-12T15:50:19","modified_gmt":"2022-05-12T14:50:19","slug":"domestic-fabric-softener","status":"publish","type":"product","link":"https:\/\/ecopaint-corporation.com\/pt\/produto\/domestic-fabric-softener\/","title":{"rendered":"#FIGHTVIRUS Amaciador para Roupa"},"content":{"rendered":"<h2 class=\"ecop\">\u00e9 desenvolvido pela ECOPAINT Corporation e \u00e9 um <strong>Produto ECO<\/strong>.<\/h2>\n<p>Functional laundry additive with antimicrobial properties. This additive is a softener to be added to your laundry machine and is effective in the fight against bacteria, fungus, mould, and unpleasant smells. Ideal for odour control and avoiding textile contamination and degradation. #FIGHTVIRUS FABRIC SOFTENER provides long-lasting hygiene and infection-prevention performance for your garments, uniforms, bed-sheets, fabrics, and all types of textiles.<\/p>\n<p><strong>BENEF\u00cdCIOS<\/strong><\/p>\n<ul>\n<li class=\"p1\">Mant\u00e9m seus tecidos limpos e livres de bact\u00e9rias.<\/li>\n<li class=\"p1\">Preven\u00e7\u00e3o de contamina\u00e7\u00e3o cruzada e infec\u00e7\u00f5es;<\/li>\n<li>Inovador  e \u00fanico<\/li>\n<li>Longa durabilidade;<\/li>\n<li>Alta efici\u00eancia<\/li>\n<li>Aplica\u00e7\u00e3o f\u00e1cil;<\/li>\n<li>N\u00e3o \u00e9 t\u00f3xico;<\/li>\n<li>N\u00e3o cont\u00e9m metais pesados (por exemplo, prata);<\/li>\n<li>Bio-compat\u00edvel;<\/li>\n<li>N\u00e3o causa irrita\u00e7\u00e3o na pele;<\/li>\n<li>Custo reduzido;<\/li>\n<li>Benef\u00edcio m\u00e1ximo;<\/li>\n<li>Amigo do meio ambiente;<\/li>\n<li>Health insurance.<\/li>\n<\/ul>\n<p><strong>APLICA\u00c7\u00c3O<\/strong><\/p>\n<p>#FIGHTINSECTS FABRIC SOFTENER \u00e9 fornecido no formato l\u00edquido para ser adicionado diretamente na sua m\u00e1quina de lavar como um amaciador normal. Este produto substituir\u00e1 outros amaciadores e \u00e9 compat\u00edvel com fibras sint\u00e9ticas e naturais, o que significa que todos os t\u00eaxteis podem ser \u201ctratados por lavagem\u201d com essas propriedades inovadoras.<\/p>\n<p><strong>INSTRU\u00c7\u00d5ES<\/strong><\/p>\n<p>Simply add the product (the package) directly to the softener compartment of your laundry machine (approx. 8 Kg of clothing).<\/p>\n<p><strong>INFORMA\u00c7\u00c3O ADICIONAL<\/strong><br \/>\nGuarde em local fresco. Manter o recipiente bem fechado em local seco e bem ventilado. Os recipientes abertos devem ser cuidadosamente selados e mantidos em posi\u00e7\u00e3o vertical para evitar vazamentos.<br \/>\nN\u00e3o exponha \u00e0 luz solar directa.<br \/>\nAs informa\u00e7\u00f5es contidas nesta ficha t\u00e9cnica s\u00e3o baseadas no nosso melhor conhecimento t\u00e9cnico e nas condi\u00e7\u00f5es de aplica\u00e7\u00e3o al\u00e9m do nosso controle.<br \/>\nO utilizador \u00e9 totalmente respons\u00e1vel pelo uso correto do produto em rela\u00e7\u00e3o aos aspectos t\u00e9cnicos e de seguran\u00e7a no trabalho.<br \/>\nPor favor, leia a \u201cFicha T\u00e9cnica de Seguran\u00e7a\u201d e tome todas as devidas precau\u00e7\u00f5es de seguran\u00e7a e ambientais.<br \/>\nOs termos desta Ficha T\u00e9cnica apenas fornecem os requisitos t\u00e9cnicos do produto e n\u00e3o criam ou inferem qualquer garantia, expressa ou impl\u00edcita.<\/p>\n<p>&nbsp;<\/p>\n<p>&nbsp;<\/p>\n<p>&nbsp;<\/p>","protected":false},"excerpt":{"rendered":"<p>is developed by ECOPAINT Corporation and is an ECO Product. Functional laundry additive with antimicrobial properties. This additive is a softener to be added to your laundry machine and is effective in the fight against bacteria, fungus, mould, and unpleasant smells. Ideal for odour control and avoiding textile contamination and degradation. #FIGHTVIRUS FABRIC SOFTENER provides [&hellip;]<\/p>","protected":false},"featured_media":5234,"comment_status":"open","ping_status":"closed","template":"","meta":[],"product_cat":[46,24],"product_tag":[159,158,153,143,156,160,151,147,150,152,154,149,157,155,144],"aioseo_notices":[],"_links":{"self":[{"href":"https:\/\/ecopaint-corporation.com\/pt\/wp-json\/wp\/v2\/product\/2112"}],"collection":[{"href":"https:\/\/ecopaint-corporation.com\/pt\/wp-json\/wp\/v2\/product"}],"about":[{"href":"https:\/\/ecopaint-corporation.com\/pt\/wp-json\/wp\/v2\/types\/product"}],"replies":[{"embeddable":true,"href":"https:\/\/ecopaint-corporation.com\/pt\/wp-json\/wp\/v2\/comments?post=2112"}],"version-history":[{"count":1,"href":"https:\/\/ecopaint-corporation.com\/pt\/wp-json\/wp\/v2\/product\/2112\/revisions"}],"predecessor-version":[{"id":2420,"href":"https:\/\/ecopaint-corporation.com\/pt\/wp-json\/wp\/v2\/product\/2112\/revisions\/2420"}],"wp:featuredmedia":[{"embeddable":true,"href":"https:\/\/ecopaint-corporation.com\/pt\/wp-json\/wp\/v2\/media\/5234"}],"wp:attachment":[{"href":"https:\/\/ecopaint-corporation.com\/pt\/wp-json\/wp\/v2\/media?parent=2112"}],"wp:term":[{"taxonomy":"product_cat","embeddable":true,"href":"https:\/\/ecopaint-corporation.com\/pt\/wp-json\/wp\/v2\/product_cat?post=2112"},{"taxonomy":"product_tag","embeddable":true,"href":"https:\/\/ecopaint-corporation.com\/pt\/wp-json\/wp\/v2\/product_tag?post=2112"}],"curies":[{"name":"wp","href":"https:\/\/api.w.org\/{rel}","templated":true}]}}