{"id":2228,"date":"2019-07-12T17:44:36","date_gmt":"2019-07-12T16:44:36","guid":{"rendered":"http:\/\/ecopaint-corporation.com\/?post_type=product&#038;p=2228"},"modified":"2020-01-22T14:20:54","modified_gmt":"2020-01-22T14:20:54","slug":"cork-stoppers","status":"publish","type":"product","link":"https:\/\/ecopaint-corporation.com\/pt\/produto\/cork-stoppers\/","title":{"rendered":"Rolhas de Corti\u00e7a"},"content":{"rendered":"<h2 class=\"ecop\">\u00e9 desenvolvido pela ECOPAINT Corporation e \u00e9 um <strong>Produto ECO<\/strong>.<\/h2>\n<p class=\"p1\"><strong>CORTI\u00c7A E VINHO<br \/>\nA corti\u00e7a e o vinho foram realmente feitos um para o outro.<\/strong><br \/>\nSempre que partilha um copo de vinho ou quando abre uma garrafa, h\u00e1 um ritual de reuni\u00e3o, selado por uma rolha de corti\u00e7a na qual tempo e confian\u00e7a foram investidos e que coroa a perfeita comunh\u00e3o entre a cria\u00e7\u00e3o sofisticada do homem e o dom natural do sobreiro.<br \/>\nAs excelentes propriedades f\u00edsicas e qu\u00edmicas das rolhas de corti\u00e7a n\u00e3o s\u00f3 ajudam a armazenar o vinho, como tamb\u00e9m permitem que este continue a desenvolver-se no interior da garrafa.<br \/>\nAs rolhas de corti\u00e7a destacam o car\u00e1ter e a nobreza de cada vinho, melhorando a sua percep\u00e7\u00e3o como produto de alta qualidade.<\/p>\n<p class=\"p1\"><strong>A CORTI\u00c7A CERTA PARA TODOS OS VINHOS<\/strong><br \/>\nAcompanhamos sempre os nossos clientes e fornecemos todo o suporte e aconselhamento necess\u00e1rio.<br \/>\nA escolha da rolha certa para cada vinho requer an\u00e1lise minuciosa e exaustiva, considera\u00e7\u00e3o e amplo conhecimento.<br \/>\nTemos uma equipa altamente especializada para garantir que todos os vinhos recebam as rolhas adequadas e que cada cliente esteja satisfeito e 100% confort\u00e1vel com as suas escolhas.<br \/>\nO primeiro fator a considerar na escolha de uma rolha \u00e9 o TIPO DE VINHO que ser\u00e1 engarrafado.<br \/>\nMas h\u00e1 outros fatores que tamb\u00e9m devem ser levados em conta:<\/p>\n<p class=\"p1\">1. Tipo de vinho: tinto, branco, ros\u00e9, espumante.<\/p>\n<p class=\"p1\">2. Tipo de engarrafamento: quente ou frio.<\/p>\n<p class=\"p1\">3. Quanto tempo \u00e9 prov\u00e1vel que o vinho fique na garrafa.<\/p>\n<p class=\"p1\">4. O mercado a que se destina o vinho.<\/p>\n<p class=\"p1\">5. Condi\u00e7\u00f5es de transporte e armazenamento do vinho.<\/p>\n<p class=\"p1\">6. O CO2 no vinho.<\/p>\n<p class=\"p1\"><b>Rolha Natural de Corti\u00e7a<br \/>\n<\/b>100% Natural e obtido da melhor Corti\u00e7a Portuguesa dispon\u00edvel.<br \/>\nUtilizamos as mais recentes inova\u00e7\u00f5es na esteriliza\u00e7\u00e3o, limpeza e refinamento em rolhas de corti\u00e7a natural. Este tipo de rolha ajuda a envelhecer o vinho enquanto protege o seu sabor e textura.<\/p>\n<p class=\"p3\"><b>Rolha de Corti\u00e7a Colmatada<br \/>\n<\/b>As rolhas colmatadas s\u00e3o rolhas de corti\u00e7a natural obtidas atrav\u00e9s de um processo utilizado para melhorar os n\u00edveis de desempenho em corti\u00e7a de qualidade m\u00e9dia. \u00c0s vezes, os poros da casca da corti\u00e7a s\u00e3o selados com uma<span class=\"Apple-converted-space\">\u00a0 <\/span>mistura de resina alimentar, cola e p\u00f3 de corti\u00e7a. Esta mistura torna a rolha visualmente atraente e ajuda a selar a garrafa. Estas rolhas s\u00e3o utilizadas para vinhos que s\u00e3o chamados \u201cvinhos de consumo r\u00e1pido\u201d.<\/p>\n<p class=\"p1\"><b>Twin Top<br \/>\n<\/b>Tal como as rolhas de corti\u00e7a colmatadas, as rolhas de corti\u00e7a Twin Top n\u00e3o s\u00e3o feitas para o envelhecimento prolongado das garrafas. As rolhas Twin Top s\u00e3o geralmente usadas para vinhos frutados e vinhos que n\u00e3o sejam envelhecidos. S\u00e3o normalmente utilizados em linhas de engarrafamento de alta velocidade e at\u00e9 nas mesmas linhas que as rolhas de corti\u00e7a natural.<\/p>\n<p class=\"p1\"><b>Champanhe<br \/>\n<\/b>As rolhas de champanhe s\u00e3o desenhadas para bebidas gaseificadas de maneira a manter o excesso de ar fora da garrafa e manter os gases na bebida.<br \/>\nO corpo da rolha de corti\u00e7a \u00e9 feito de gr\u00e2nulos com um ligante, e o fundo da rolha tem dois ou tr\u00eas discos de corti\u00e7a selados no fundo da mesma.<\/p>\n<p class=\"p1\"><b>Micro<br \/>\n<\/b>Estas rolhas s\u00e3o feitas com uma rolha granulada de qualidade espec\u00edfica com cola segura para alimentos. As micro rolhas s\u00e3o utilizadas para \u201cvinhos de consumo r\u00e1pido\u201d como as rolhas colmatadas. A \u00fanica diferen\u00e7a \u00e9 que estas rolhas s\u00e3o usadas para vinhos com maior complexidade, como as produzidas em barris \u00fanicos e com sabores adicionados.<\/p>\n<p class=\"p1\"><b>Rolha Aglomerada<br \/>\n<\/b>As rolhas aglomeradas s\u00e3o agora uma das rolhas mais utilizadas devido ao seu baixo custo de fabrico e ao seu prazo de validade. Estas rolhas s\u00e3o feitas de gr\u00e2nulos e aditivos, como ligantes de pl\u00e1stico. Estes s\u00e3o feitos especificamente para os vinhos que devem ser consumidos no prazo de seis meses. Estas rolhas s\u00e3o tamb\u00e9m das mais baratas, devido \u00e0 sua estrutura duradoura, estas rolhas podem ser utilizadas por um per\u00edodo m\u00e1ximo de tr\u00eas anos.<\/p>","protected":false},"excerpt":{"rendered":"<p>is developed by ECOPAINT Corporation and is an ECO Product. CORK AND WINE Cork and wine were really made for one another. Any time you share a glass of wine or when you open a bottle, there is a reunion ritual, sealed by a cork in which time and confidence have been invested and that [&hellip;]<\/p>","protected":false},"featured_media":4499,"comment_status":"open","ping_status":"closed","template":"","meta":[],"product_cat":[49,24],"product_tag":[243,240,227,237,222,225,151,210,150,245,223,226,231,242,235,224,228,233,238,230,229],"aioseo_notices":[],"_links":{"self":[{"href":"https:\/\/ecopaint-corporation.com\/pt\/wp-json\/wp\/v2\/product\/2228"}],"collection":[{"href":"https:\/\/ecopaint-corporation.com\/pt\/wp-json\/wp\/v2\/product"}],"about":[{"href":"https:\/\/ecopaint-corporation.com\/pt\/wp-json\/wp\/v2\/types\/product"}],"replies":[{"embeddable":true,"href":"https:\/\/ecopaint-corporation.com\/pt\/wp-json\/wp\/v2\/comments?post=2228"}],"version-history":[{"count":0,"href":"https:\/\/ecopaint-corporation.com\/pt\/wp-json\/wp\/v2\/product\/2228\/revisions"}],"wp:featuredmedia":[{"embeddable":true,"href":"https:\/\/ecopaint-corporation.com\/pt\/wp-json\/wp\/v2\/media\/4499"}],"wp:attachment":[{"href":"https:\/\/ecopaint-corporation.com\/pt\/wp-json\/wp\/v2\/media?parent=2228"}],"wp:term":[{"taxonomy":"product_cat","embeddable":true,"href":"https:\/\/ecopaint-corporation.com\/pt\/wp-json\/wp\/v2\/product_cat?post=2228"},{"taxonomy":"product_tag","embeddable":true,"href":"https:\/\/ecopaint-corporation.com\/pt\/wp-json\/wp\/v2\/product_tag?post=2228"}],"curies":[{"name":"wp","href":"https:\/\/api.w.org\/{rel}","templated":true}]}}