{"id":2552,"date":"2019-08-13T15:19:51","date_gmt":"2019-08-13T14:19:51","guid":{"rendered":"http:\/\/ecopaint-corporation.com\/?post_type=product&#038;p=2552"},"modified":"2020-01-10T14:22:12","modified_gmt":"2020-01-10T14:22:12","slug":"ecosorb","status":"publish","type":"product","link":"https:\/\/ecopaint-corporation.com\/pt\/produto\/ecosorb\/","title":{"rendered":"EcoSorb"},"content":{"rendered":"<h2 class=\"ecop\">\u00e9 desenvolvido pela ECOPAINT Corporation e \u00e9 um <strong>Produto ECO<\/strong>.<\/h2>\n<p class=\"p1\"><b>ABSORVENTES SUSTENT\u00c1VEIS<\/b><\/p>\n<p class=\"p2\"><b>100% NATURAL<br \/>\n<\/b>Os produtos EcoSorb s\u00e3o absorventes desenhados especificamente para lidar com qualquer tipo de derrames de \u00f3leos, hidrocarbonetos, solventes ou compostos org\u00e2nicos.<\/p>\n<p class=\"p2\"><b>Porqu\u00ea usar EcoSorb?<\/b><\/p>\n<ul class=\"ul1\">\n<li style=\"list-style-type: none;\">\n<ul class=\"ul1\">\n<li class=\"li3\">100% Natural, Sustent\u00e1vel e renov\u00e1vel - gr\u00e2nulos de corti\u00e7a especiais<\/li>\n<li class=\"li3\">Processo de produ\u00e7\u00e3o: Estritamente 100% Natural<\/li>\n<li class=\"li3\">Sem Riscos para a sa\u00fade - Sem aditivos, N\u00e3o t\u00f3xico<\/li>\n<li class=\"li3\">Absorve instantaneamente derrames de \u00f3leos\/hidrocarbonetos\/qu\u00edmicos<\/li>\n<li class=\"li3\">Alta capacidade de absor\u00e7\u00e3o<\/li>\n<li class=\"li3\">Hidrof\u00f3bico (N\u00e3o absorve \u00e1gua)<\/li>\n<li class=\"li3\">Econ\u00f3mico (Necess\u00e1rio menos produto e absorve apenas o contaminante)<\/li>\n<li class=\"li3\">Super leve - muito f\u00e1cil de manipular e usar, e por conseguinte a efici\u00eancia do operador aumenta e os riscos de acidente diminuem drasticamente<\/li>\n<li class=\"li3\">N\u00e3o vasa - (O contaminante fica preso no interior do material)<\/li>\n<li class=\"li3\">N\u00e3o abrasivo<\/li>\n<li class=\"li3\">N\u00e3o reactivo<\/li>\n<li class=\"li3\">Granulometria controlada (Evita a concentra\u00e7\u00e3o de poeiras \u2013 potencialmente explosivas)<\/li>\n<li class=\"li3\">Reduz os res\u00edduos gerados (V\u00e1rias reutiliza\u00e7\u00f5es dos gr\u00e2nulos de corti\u00e7a)<\/li>\n<li class=\"li3\">Ideal para derrames em terra e mar (N\u00e3o afundam! Permanecem \u00e0 superf\u00edcie por longos per\u00edodos de tempo, se necess\u00e1rio)<\/li>\n<li class=\"li3\">Prazo de validade ilimitado<\/li>\n<li class=\"li3\">Provid\u00eancia um local de trabalho seguro e livre de perigos<\/li>\n<li class=\"li3\">Produzido em Portugal<\/li>\n<\/ul>\n<\/li>\n<\/ul>\n<p>&nbsp;<\/p>\n<p class=\"p1\"><b>Op\u00e7\u00f5es de Descarte<\/b><\/p>\n<p class=\"p2\"><b>Aterro<br \/>\n<\/b>Os Gr\u00e2nulos EcoSorb foram testados segundo a norma USEPA 1311 - Padr\u00e3o de fuga t\u00f3xica para descarga de aterros<\/p>\n<p class=\"p2\"><b>Incinera\u00e7\u00e3o<br \/>\n<\/b>Quando saturados, os gr\u00e2nulos de corti\u00e7a especiais t\u00eam alto poder calor\u00edfico e produzem menos de 3% de cinza. Estes elementos torna-os ideias para incinera\u00e7\u00e3o.<\/p>\n<p class=\"p2\"><b>Fonte Alternativa de Combust\u00edvel<br \/>\n<\/b>O valor BTU dos gr\u00e2nulos de corti\u00e7a especiais depois de saturados \u00e9 elevado.<\/p>\n<p class=\"p2\"><b>Biodegrada\u00e7\u00e3o<br \/>\n<\/b>Os gr\u00e2nulos de corti\u00e7a especiais EcoSorb s\u00e3o biologicamente est\u00e1veis e livres de microrganismos nocivos. Quando s\u00e3o descartados, proporcionam o ambiente necess\u00e1rio para o desenvolvimento de microrganismos que podem oxidar os hidrocarbonetos absorvidos mais rapidamente do que a biodegrada\u00e7\u00e3o dos pr\u00f3prios gr\u00e2nulos especiais de corti\u00e7a.<\/p>\n<p>&nbsp;<\/p>\n<p class=\"p1\"><b>PRODUTOS<\/b><\/p>\n<p class=\"p2\"><b>Aja rapidamente e de forma eficaz<br \/>\n<\/b><b>Gr\u00e2nulos EcoSorb<br \/>\n<\/b>Aja rapidamente e de forma eficaz. Independentemente do tipo de \u00f3leo derramado em superf\u00edcies porosas e rugosas, os gr\u00e2nulos de corti\u00e7a proporcionam uma limpeza completa e exaustiva da superf\u00edcie. A leveza dos gr\u00e2nulos de corti\u00e7a n\u00e3o s\u00f3 oferece benef\u00edcios para o local de trabalho e trabalhadores, mas tamb\u00e9m mant\u00e9m os custos de elimina\u00e7\u00e3o baixos.<\/p>\n<p class=\"p2\"><b>Permitem uma absor\u00e7\u00e3o r\u00e1pida<br \/>\n<\/b><b>Barreiras terrestres EcoSorb<br \/>\n<\/b>Barreiras super absorventes para derrames, com o intuito de proteger zonas sens\u00edveis. Estas barreiras t\u00eam uma capa resistente e dur\u00e1vel.<\/p>\n<p class=\"p2\"><b>Almofadas Terrestres e Mar\u00edtimas<br \/>\n<\/b><b>Almofadas EcoSorb<br \/>\n<\/b>Almofadas Super absorventes para derrames, para serem utilizadas na manuten\u00e7\u00e3o di\u00e1ria, repara\u00e7\u00f5es e opera\u00e7\u00f5es gerais. Para uso em terra e\/ou \u00e1gua. Permite uma absor\u00e7\u00e3o r\u00e1pida.<\/p>\n<p class=\"p2\"><b>Alta e r\u00e1pida absor\u00e7\u00e3o, excelente capacidade de reten\u00e7\u00e3o<br \/>\n<\/b><b>Barreiras Mar\u00edtimas EcoSorb<br \/>\n<\/b>Alta e r\u00e1pida absor\u00e7\u00e3o, excelente capacidade de reten\u00e7\u00e3o (n\u00e3o-lixivia\u00e7\u00e3o), repele a \u00e1gua e flutuam mesmo depois de saturadas.\nCapa de polipropileno e no seu interior a nossa corti\u00e7a especial altamente absorvente. O absorvente n\u00e3o vai derramar e as barreiras n\u00e3o v\u00e3o afundar quando saturadas com \u00f3leo. Rede robusta com multifilamento de poli\u00e9ster e fio de corda para garantir a durabilidade e f\u00e1cil recolha durante a opera\u00e7\u00e3o. As barreiras podem ser ligadas entre si. T\u00eam um mosquet\u00e3o que as liga.<\/p>\n<p class=\"p2\"><b>Kits personalizados<br \/>\n<\/b><b>Kits para derrames EcoSorb<br \/>\n<\/b>Desenhados para prevenir, conter e absorver \u00f3leos \/ hidrocarbonetos \/ produtos qu\u00edmicos sem absor\u00e7\u00e3o de \u00e1gua. F\u00e1cil de transportar, manusear e alocar. Kits personalizados: Podemos construir o kit \u00e0 sua mediada e necessidade; constru\u00edmos os nossos kits de limpeza de derrames na nossa f\u00e1brica. Podemos colocar tamb\u00e9m o logotipo da empresa no pr\u00f3prio kit.<\/p>\n<p class=\"p2\"><b><br \/>\nAbsorvem todo o tipo de \u00f3leos e n\u00e3o absorve \u00e1gua<br \/>\n<\/b><b>Produtos Complementares<br \/>\n<\/b>Panos e rolos absorventes apropriados para o uso em \u00e1reas de tr\u00e1fego, ind\u00fastrias no geral, m\u00e1quinas e oficinas. Absorvem todo o tipo de \u00f3leos e n\u00e3o absorve \u00e1gua; Panos e rolos absorventes de alta performance para absor\u00e7\u00e3o de \u00f3leos e l\u00edquidos de base \u00e1gua; Estes panos e rolos de elevada performance s\u00e3o perfurados para uma absor\u00e7\u00e3o maior e em menos tempo.<\/p>\n<p>&nbsp;<\/p>\n<p class=\"p1\"><b>APLICA\u00c7\u00d5ES<\/b><\/p>\n<p class=\"p2\"><b>Absorver e conter combust\u00edveis e outros produtos qu\u00edmicos<br \/>\n<\/b><b>Minas<br \/>\n<\/b>Combust\u00edveis, lubrificantes, solventes e outros produtos qu\u00edmicos s\u00e3o usados e armazenados em locais de projecto. Os construtores s\u00e3o os respons\u00e1veis pelo transporte de tais materiais e est\u00e3o cientes dos riscos ambientais associados, para tal devem ser utilizados os produtos EcoSorb para lidar, de forma eficiente e segura, com um derrame de maior ou menor dimens\u00e3o.<\/p>\n<p class=\"p2\"><b>Evitar que pequenos derrames se tornem grandes<br \/>\n<\/b><b>F\u00e1bricas, Ind\u00fastrias e Oficinas<br \/>\n<\/b>Os kits e gr\u00e2nulos especiais EcoSorb s\u00e3o muito \u00fateis em f\u00e1bricas para uma resposta r\u00e1pida e eficiente quando ocorre um derrame. A melhor maneira de evitar que pequenos derrames se tornem grandes derrames.<\/p>\n<p class=\"p2\"><b>Grande capacidade de flutua\u00e7\u00e3o<br \/>\n<\/b><b>Barragens, Portos e Marinas<br \/>\n<\/b>Os produtos EcoSorb s\u00e3o 100% naturais, hidrof\u00f3bicos e super absorventes, s\u00e3o ideais para ser usados em \u00e1gua e pelas autoridades portu\u00e1rias. Previna qualquer derrame de acontecer ou contenha-o imediatamente com as nossas barreiras especiais e resistentes EcoSorb, dispon\u00edveis em v\u00e1rios comprimentos, f\u00e1ceis de manusear e grande capacidade de flutua\u00e7\u00e3o (mesmo depois de saturadas).<\/p>\n<p class=\"p2\"><b>Desempenho incr\u00edvel com combust\u00edvel e em eliminar vapores<br \/>\n<\/b><b>Aeroportos<br \/>\n<\/b>Em caso de derrame, ele deve ser limpo imediatamente. Companhias a\u00e9reas, empresas de presta\u00e7\u00e3o de servi\u00e7os est\u00e3o continuamente preocupados com a seguran\u00e7a nos seus hangares e pistas. Os gr\u00e2nulos EcoSorb t\u00eam um desempenho incr\u00edvel com combust\u00edvel e em eliminar vapores.<\/p>\n<p class=\"p2\"><b>Kits mochila para lidar com derrames menores<br \/>\n<\/b><b>Frotas de Cami\u00f5es \/ Carros Assist\u00eancia<br \/>\n<\/b>Os kits mochila EcoSorb s\u00e3o muito leves, f\u00e1ceis de manusear e encaixar perfeitamente em um espa\u00e7o pequeno. Se qualquer derrame menor acontecer, agora pode lidar com isso de forma r\u00e1pida e eficiente e sem preocupa\u00e7\u00f5es ambientais.<\/p>\n<p class=\"p2\"><b>Limpar derrames em postos de gasolina<br \/>\n<\/b><b>\u00c1reas de Servi\u00e7o<br \/>\n<\/b>Pequenos derrames acontecem constantemente em postos de gasolina. Esteja pronto e tenha produtos EcoSorb por perto para limpar o derrame de imediato.<\/p>\n<p class=\"p2\"><b>Limpar e prevenir quaisquer desastres naturais<br \/>\n<\/b><b>Refinarias<br \/>\n<\/b>Os gr\u00e2nulos especiais EcoSorb s\u00e3o super absorventes e tamb\u00e9m suprimem vapores. Derrames \u00e9 agora mais f\u00e1cil e seguro ajudar a limpar e prevenir quaisquer desastres naturais.<\/p>\n<p class=\"p2\"><b>Limpeza r\u00e1pida, f\u00e1cil e amiga do ambiente<br \/>\n<\/b><b>Bombeiros<br \/>\n<\/b>Os gr\u00e2nulos especiais EcoSorb s\u00e3o muito \u00fateis num cami\u00e3o de bombeiros para uma limpeza r\u00e1pida, f\u00e1cil e amiga do ambiente.<\/p>\n<p class=\"p2\"><b>Absorver e conter o \u00f3leo derramado<br \/>\n<\/b><b>Perfura\u00e7\u00e3o off-shore on-shore<br \/>\n<\/b>Ao perfurar, o crude pode por vezes ser derramado sobre a superf\u00edcie. Os gr\u00e2nulos EcoSorb podem ser ent\u00e3o pulverizados sobre o derrame para absorver e conter o \u00f3leo.<\/p>\n<p class=\"p2\"><b>Minimizar a contamina\u00e7\u00e3o de peles e penas<br \/>\n<\/b><b>Limpeza de Praias \/ Rochas<br \/>\n<\/b>Os gr\u00e2nulos especiais EcoSorb podem ser aplicados \/ pulverizados em costas rochosas e praias com import\u00e2ncia para a vida selvagem (por exemplo, pinguins e focas ou outros), para minimizar a contamina\u00e7\u00e3o de peles e penas quando eles v\u00eam a terra.<\/p>","protected":false},"excerpt":{"rendered":"<p>is developed by ECOPAINT Corporation and is an ECO Product. SUSTAINABLE ABSORBENTS 100% NATURAL The EcoSorb products are absorbents designed to deal with any kind of hydrocarbons, oils, solvents and organic compounds spills. Why use EcoSorb? 100% Natural, Sustainable and renewable \u2013 Special cork granules Production process: STRICTLY 100% NATURAL NO health risks \u2013 No [&hellip;]<\/p>","protected":false},"featured_media":3088,"comment_status":"closed","ping_status":"closed","template":"","meta":[],"product_cat":[49,24],"product_tag":[71,110,75,117,101,122,103,111,86,113,112,96,73,107,104,106,105,108,120,115,76,100,98,90,94,116,88,121,78,81,118,114,119,85,109,80,83,70,92],"aioseo_notices":[],"_links":{"self":[{"href":"https:\/\/ecopaint-corporation.com\/pt\/wp-json\/wp\/v2\/product\/2552"}],"collection":[{"href":"https:\/\/ecopaint-corporation.com\/pt\/wp-json\/wp\/v2\/product"}],"about":[{"href":"https:\/\/ecopaint-corporation.com\/pt\/wp-json\/wp\/v2\/types\/product"}],"replies":[{"embeddable":true,"href":"https:\/\/ecopaint-corporation.com\/pt\/wp-json\/wp\/v2\/comments?post=2552"}],"version-history":[{"count":1,"href":"https:\/\/ecopaint-corporation.com\/pt\/wp-json\/wp\/v2\/product\/2552\/revisions"}],"predecessor-version":[{"id":2553,"href":"https:\/\/ecopaint-corporation.com\/pt\/wp-json\/wp\/v2\/product\/2552\/revisions\/2553"}],"wp:featuredmedia":[{"embeddable":true,"href":"https:\/\/ecopaint-corporation.com\/pt\/wp-json\/wp\/v2\/media\/3088"}],"wp:attachment":[{"href":"https:\/\/ecopaint-corporation.com\/pt\/wp-json\/wp\/v2\/media?parent=2552"}],"wp:term":[{"taxonomy":"product_cat","embeddable":true,"href":"https:\/\/ecopaint-corporation.com\/pt\/wp-json\/wp\/v2\/product_cat?post=2552"},{"taxonomy":"product_tag","embeddable":true,"href":"https:\/\/ecopaint-corporation.com\/pt\/wp-json\/wp\/v2\/product_tag?post=2552"}],"curies":[{"name":"wp","href":"https:\/\/api.w.org\/{rel}","templated":true}]}}