{"id":4292,"date":"2020-01-15T10:34:45","date_gmt":"2020-01-15T10:34:45","guid":{"rendered":"https:\/\/ecopaint-corporation.com\/?post_type=product&#038;p=4292"},"modified":"2021-03-23T11:35:12","modified_gmt":"2021-03-23T11:35:12","slug":"ecocork-underlay","status":"publish","type":"product","link":"https:\/\/ecopaint-corporation.com\/pt\/produto\/ecocork-underlay\/","title":{"rendered":"EcoCork Underlay"},"content":{"rendered":"<h2 class=\"ecop\">\u00e9 desenvolvido pela ECOPAINT Corporation e \u00e9 um <strong>Produto ECO<\/strong>.<\/h2>\n<p class=\"p1\">Placas para colocar entre a superf\u00edcie do piso e o pr\u00f3prio piso, fazendo com que o som dos seus passos pela casa seja leve como uma pluma.<\/p>\n<p class=\"p3\"><b>O uso da camada subjacente com muitos tipos de pisos pode proporcionar melhorias significativas em termos de isolamento e redu\u00e7\u00e3o de som, al\u00e9m de conforto t\u00e9rmico e de caminhada.<\/b><\/p>\n<p class=\"p2\">As nossas camadas subjacentes consistem em granulado de corti\u00e7a expandida ou granulado de corti\u00e7a misturado com outros materiais reciclados. Tais como: borracha de pneus ou poliuretano de alta densidade ou espuma EVA. As camadas inferiores podem ter espessuras diferentes, dependendo do piso acabado utilizado e do n\u00edvel de desempenho ac\u00fastico necess\u00e1rio para a aplica\u00e7\u00e3o.<br \/>\nAs camadas inferiores n\u00e3o s\u00f3 melhoram as caracter\u00edsticas ac\u00fasticas e t\u00e9rmicas do piso final, mas tamb\u00e9m contribuem para o nivelamento do subpiso, criando uma apar\u00eancia mais satisfat\u00f3ria do piso acabado. As nossas camadas subjacentes s\u00e3o uma \u00f3tima solu\u00e7\u00e3o para aplica\u00e7\u00f5es em novas constru\u00e7\u00f5es e\/ou reforma de espa\u00e7os existentes.<\/p>\n<p class=\"p1\">Atualmente oferecemos 3 tipos de <strong>Solu\u00e7\u00f5es EcoCork Underlay<\/strong>:<\/p>\n<ul>\n<li class=\"p1\">Rolos de Isolamento EcoCork<\/li>\n<li class=\"p1\">Folhas de Isolamento EcoCork<\/li>\n<li class=\"p1\">Betonilha de Isolamento EcoCork<b><br \/>\n<\/b><\/li>\n<\/ul>\n<h3>Rolos &amp; Folhas de Isolamento EcoCork<\/h3>\n<p><img fetchpriority=\"high\" decoding=\"async\" class=\"size-medium wp-image-5787 alignnone\" src=\"https:\/\/ecopaint-corporation.com\/wp-content\/uploads\/2020\/01\/UNDERLAY-4-300x300.jpg\" alt=\"\" width=\"300\" height=\"300\" srcset=\"https:\/\/ecopaint-corporation.com\/wp-content\/uploads\/2020\/01\/UNDERLAY-4-300x300.jpg 300w, https:\/\/ecopaint-corporation.com\/wp-content\/uploads\/2020\/01\/UNDERLAY-4-150x150.jpg 150w, https:\/\/ecopaint-corporation.com\/wp-content\/uploads\/2020\/01\/UNDERLAY-4-100x100.jpg 100w, https:\/\/ecopaint-corporation.com\/wp-content\/uploads\/2020\/01\/UNDERLAY-4.jpg 600w\" sizes=\"(max-width: 300px) 100vw, 300px\" \/><\/p>\n<p class=\"p1\">Os rolos de isolamento EcoCork e as folhas de isolamento s\u00e3o fabricados com corti\u00e7a natural - uma excelente mat\u00e9ria-prima adequada para ser instalada em praticamente qualquer revestimento de piso, com uma melhoria significativa nos n\u00edveis t\u00e9rmico e ac\u00fastico.<\/p>\n<p class=\"p1\">Quando comparada com materiais sint\u00e9ticos, a corti\u00e7a torna-se a escolha certa quando se procura uma solu\u00e7\u00e3o que garanta um desempenho vi\u00e1vel, mas tamb\u00e9m o bem-estar das gera\u00e7\u00f5es futuras. As solu\u00e7\u00f5es de isolamento EcoCork oferecem mais conforto, prote\u00e7\u00e3o e longevidade ao piso final.<\/p>\n<p><strong>F\u00e1cil de instalar | Melhore o conforto ac\u00fastico e t\u00e9rmico | Maximize a vida \u00fatil do sistema de jun\u00e7\u00e3o | Reduzir as imperfei\u00e7\u00f5es do subpiso | Evite a difus\u00e3o de vapor | Aumentar a durabilidade do piso | Evite rachaduras e marcas no ch\u00e3o<\/strong><\/p>\n<h3 class=\"p1\"><b><br \/>\nBetonilha de Isolamento EcoCork<\/b><\/h3>\n<h3 class=\"p1\"><b><\/b><b><\/b><img decoding=\"async\" class=\"size-medium wp-image-4366 alignnone\" src=\"https:\/\/ecopaint-corporation.com\/wp-content\/uploads\/2020\/01\/2_54screed7-300x300.jpg\" alt=\"Screed Samples\" width=\"300\" height=\"300\" srcset=\"https:\/\/ecopaint-corporation.com\/wp-content\/uploads\/2020\/01\/2_54screed7-300x300.jpg 300w, https:\/\/ecopaint-corporation.com\/wp-content\/uploads\/2020\/01\/2_54screed7-150x150.jpg 150w, https:\/\/ecopaint-corporation.com\/wp-content\/uploads\/2020\/01\/2_54screed7-768x768.jpg 768w, https:\/\/ecopaint-corporation.com\/wp-content\/uploads\/2020\/01\/2_54screed7-600x600.jpg 600w, https:\/\/ecopaint-corporation.com\/wp-content\/uploads\/2020\/01\/2_54screed7-100x100.jpg 100w, https:\/\/ecopaint-corporation.com\/wp-content\/uploads\/2020\/01\/2_54screed7.jpg 1024w\" sizes=\"(max-width: 300px) 100vw, 300px\" \/><\/h3>\n<p>A betonilha de Isolamento EcoCork \u00e9 capaz de manter o seu desempenho t\u00e9rmico e ac\u00fastico ao longo dos anos. A estrutura f\u00edsica exclusiva da corti\u00e7a torna o produto um isolador ac\u00fastico muito eficiente.<br \/>\nA mesma estrutura f\u00edsica confere aos materiais de corti\u00e7a a capacidade de ser sistematicamente compactada e, em seguida, recuperar sua forma e tamanho para quase 100% do tamanho original.<\/p>\n<p><strong>Reduz a sensa\u00e7\u00e3o de frio | Resistente a insetos | Produto 100% natural | Antial\u00e9rgico | Resistente \u00e0 humidade | Resistente ao fogo | El\u00e1stico | Compat\u00edvel com aquecimento de piso<\/strong><\/p>","protected":false},"excerpt":{"rendered":"<p>is developed by ECOPAINT Corporation and is an ECO Product. Tiles to place between the floor surface and flooring making the sound of your steps around the house as light as a feather. The use of underlayments with many types of flooring product can provide significant improvements in terms of sound insulation and reduction, as [&hellip;]<\/p>","protected":false},"featured_media":5784,"comment_status":"open","ping_status":"closed","template":"","meta":[],"product_cat":[43,20],"product_tag":[676,678,680,264,665,210,150,178,666,670,673,674,681,679,675,668,671,682,677,185,669,667,672],"aioseo_notices":[],"_links":{"self":[{"href":"https:\/\/ecopaint-corporation.com\/pt\/wp-json\/wp\/v2\/product\/4292"}],"collection":[{"href":"https:\/\/ecopaint-corporation.com\/pt\/wp-json\/wp\/v2\/product"}],"about":[{"href":"https:\/\/ecopaint-corporation.com\/pt\/wp-json\/wp\/v2\/types\/product"}],"replies":[{"embeddable":true,"href":"https:\/\/ecopaint-corporation.com\/pt\/wp-json\/wp\/v2\/comments?post=4292"}],"version-history":[{"count":1,"href":"https:\/\/ecopaint-corporation.com\/pt\/wp-json\/wp\/v2\/product\/4292\/revisions"}],"predecessor-version":[{"id":4418,"href":"https:\/\/ecopaint-corporation.com\/pt\/wp-json\/wp\/v2\/product\/4292\/revisions\/4418"}],"wp:featuredmedia":[{"embeddable":true,"href":"https:\/\/ecopaint-corporation.com\/pt\/wp-json\/wp\/v2\/media\/5784"}],"wp:attachment":[{"href":"https:\/\/ecopaint-corporation.com\/pt\/wp-json\/wp\/v2\/media?parent=4292"}],"wp:term":[{"taxonomy":"product_cat","embeddable":true,"href":"https:\/\/ecopaint-corporation.com\/pt\/wp-json\/wp\/v2\/product_cat?post=4292"},{"taxonomy":"product_tag","embeddable":true,"href":"https:\/\/ecopaint-corporation.com\/pt\/wp-json\/wp\/v2\/product_tag?post=4292"}],"curies":[{"name":"wp","href":"https:\/\/api.w.org\/{rel}","templated":true}]}}