{"id":4337,"date":"2020-01-15T15:16:52","date_gmt":"2020-01-15T15:16:52","guid":{"rendered":"https:\/\/ecopaint-corporation.com\/?post_type=product&#038;p=4337"},"modified":"2022-04-07T16:59:33","modified_gmt":"2022-04-07T15:59:33","slug":"eco-corkjoints","status":"publish","type":"product","link":"https:\/\/ecopaint-corporation.com\/pt\/produto\/eco-corkjoints\/","title":{"rendered":"Juntas de Corti\u00e7a Eco"},"content":{"rendered":"<h2 class=\"ecop\">\u00e9 desenvolvido pela <span style=\"color: #a6ce38;\">ECOPAINT Corporation<\/span> e \u00e9 um <strong>Produto ECO<\/strong>.<\/h2>\n<p>A junta de corti\u00e7a consiste em granulado de corti\u00e7a, firmemente ligados entre si por uma resina sint\u00e9tica de natureza insol\u00favel e moldados sob calor e press\u00e3o.<br \/>\n\u00c9 forte, leve, flex\u00edvel e resistente a \u00e1cidos. Permite que outros materiais alterem o volume, evitando, por exemplo, rachaduras no bet\u00e3o. Pode ser comprimido por per\u00edodos curtos ou longos sem perder suas propriedades.<\/p>\n<p><strong>PRINCIPAIS APLICA\u00c7\u00d5ES:<\/strong><br \/>\nS\u00e3o essencialmente recomendadas onde quer que as juntas de bet\u00e3o, tijolo ou bloco, exijam veda\u00e7\u00e3o e enchimento. As Juntas de Corti\u00e7a Eco s\u00e3o um produto natural incorrupt\u00edvel e altamente resiliente, adequado ao enchimento de expans\u00e3o, recupera\u00e7\u00e3o e quando a contra\u00e7\u00e3o das juntas \u00e9 muito intensa. N\u00e3o \u00e9 expulso, mesmo quando comprimido a 50% da sua espessura original e tendo um alto fator de recupera\u00e7\u00e3o, recupera at\u00e9 96% quando ocorre a contra\u00e7\u00e3o da junta, garantindo assim a perfeita veda\u00e7\u00e3o da junta em todos os momentos.<\/p>\n<p><strong>Juntas Interiores:<\/strong><br \/>\nIdeal para o preenchimento de juntas de dilata\u00e7\u00e3o em pisos e tetos de bet\u00e3o, para o preenchimento de juntas de dilata\u00e7\u00e3o em alvenarias internas e bloqueio de paredes de trabalho. Outras aplica\u00e7\u00f5es como aer\u00f3dromos; centrais el\u00e9ctricas, f\u00e1bricas, armaz\u00e9ns, pavimentos, edif\u00edcios, etc.<br \/>\n<strong>Estradas, Pontes e Superf\u00edcies de Tr\u00e1fego:<\/strong><br \/>\nIdeal para enchimento de juntas de dilata\u00e7\u00e3o em estradas e plataformas de pontes sujeitas a tr\u00e1fego intenso.<br \/>\n<strong>Revestimento Externo:<\/strong><br \/>\nRecomendado para o preenchimento de expans\u00e3o estrutural e separa\u00e7\u00e3o de juntas em constru\u00e7\u00f5es de tijolos, blocos e bet\u00e3o.<\/p>\n<p><strong>TAMANHOS COMUNS:<\/strong><br \/>\n915mm x 610mm<em>\u00a0\/ 36\u2019\u2019 x 24\u2019\u2019<\/em><br \/>\n1520mm x 915mm\u00a0<em>\/ 60\u2019\u2019x35\u2019\u2019<\/em><br \/>\n3050mm x 463.5mm\u00a0<em>\/ 120\u2019\u2019 x 18-1\/4\u2019\u2019<\/em><br \/>\n3050mm x 915mm\u00a0<em>\/ 120\u2019\u2019 x 36\u2019\u2019<br \/>\n<\/em><br \/>\n<strong>ESPESSURAS COMUNS:<\/strong><br \/>\n12.7 mm\u00a0<em>\/ 1\/2\u2019\u2019<\/em><br \/>\n19mm\u00a0<em>\/ 3\/4\u2019\u2019<\/em><br \/>\n25.4mm\u00a0<em>\/ 1\u2019\u2019<\/em><\/p>\n<p>&nbsp;<\/p>\n<h4>Juntas de Corti\u00e7a ECO autoexpans\u00edveis<\/h4>\n<p>Os enchimentos auto-expans\u00edveis de corti\u00e7a s\u00e3o um exclusivo <span style=\"color: #a6ce38;\">ECOPAINT Corporation<\/span> e s\u00e3o produzidos com part\u00edculas de corti\u00e7a granulada, e aglutinadas de forma segura com uma resina sint\u00e9tica. O produto expande com a exposi\u00e7\u00e3o \u00e0 humidade e ao clima, para formar uma veda\u00e7\u00e3o de press\u00e3o por interfer\u00eancia, dentro da junta de cimento. \u00c9 particularmente utilizado para vedar as juntas de dilata\u00e7\u00e3o em estruturas de \u00e1gua, canais de irriga\u00e7\u00e3o, galerias de escoamento, barragens, reservat\u00f3rios, muros mar\u00edtimos, esgotos de docas, piscinas, estruturas de tratamento e armazenamento de \u00e1gua, entre outras.<\/p>\n<p>As Juntas de Corti\u00e7a Eco Autoexpans\u00edveis pode ser comprimido at\u00e9 50% da sua espessura original e recupera at\u00e9 um m\u00ednimo de 90% ap\u00f3s a remo\u00e7\u00e3o da carga. Al\u00e9m disso, quando submetido a condi\u00e7\u00f5es h\u00famidas a altas temperaturas, \u00e9 capaz de acompanhar a junta de acordo com a liberta\u00e7\u00e3o da carga e a largura da junta.<\/p>\n<p><strong>PRINCIPAIS APLICA\u00c7\u00d5ES:<br \/>\nEstruturas de Reten\u00e7\u00e3o de \u00c1gua:<\/strong><br \/>\nAdequado para o enchimento de juntas de expans\u00e3o em canais de irriga\u00e7\u00e3o, pont\u00f5es, barragens, reservat\u00f3rios, diques, esgotos, tratamento de \u00e1gua, piscinas, estruturas de armazenamento, metropolitanos e caves.<br \/>\nJuntas de Corti\u00e7a ECO n\u00e3o s\u00e3o afetadas pelas varia\u00e7\u00f5es de temperatura e est\u00e3o preparadas para suportar diferentes condi\u00e7\u00f5es atmosf\u00e9ricas sem altera\u00e7\u00f5es f\u00edsicas. N\u00e3o s\u00e3o afetadas por roedores, fungos e bact\u00e9rias. \u00c9 muito f\u00e1cil de instalar.<\/p>\n<p><strong>TAMANHOS COMUNS:<\/strong><br \/>\n915 x 610mm\u00a0<em>\/ 36\u2019\u2019 x 24\u2019\u2019<\/em><br \/>\n940 x 635mm\u00a0<em>\/ 37\u2019\u2019 x 25\u2019\u2019<\/em><br \/>\n<strong>ESPESSURAS COMUNS:<\/strong><br \/>\n12.7mm\u00a0<em>\/ 1\/2\u2019\u2019<\/em><br \/>\n19mm\u00a0<em>\/ 3\/4\u2019\u2019<\/em><br \/>\n25.4mm\u00a0<em>\/ 1\u2019\u2019<\/em><\/p>","protected":false},"excerpt":{"rendered":"<p>is developed by ECOPAINT Corporation and is an ECO Product. Resin bonded Eco Corkjoint consist of extremely selected cork granules securely bound together by a synthetic resin of an insoluble and molded under heat and pressure. Eco Corkjoint is strong, light in weight, flexible and acid resistant. It allows other materials to change volume, preventing [&hellip;]<\/p>","protected":false},"featured_media":5799,"comment_status":"open","ping_status":"closed","template":"","meta":[],"product_cat":[49,24],"product_tag":[685,86,683,692,691,687,181,688,684,686,690,689],"aioseo_notices":[],"_links":{"self":[{"href":"https:\/\/ecopaint-corporation.com\/pt\/wp-json\/wp\/v2\/product\/4337"}],"collection":[{"href":"https:\/\/ecopaint-corporation.com\/pt\/wp-json\/wp\/v2\/product"}],"about":[{"href":"https:\/\/ecopaint-corporation.com\/pt\/wp-json\/wp\/v2\/types\/product"}],"replies":[{"embeddable":true,"href":"https:\/\/ecopaint-corporation.com\/pt\/wp-json\/wp\/v2\/comments?post=4337"}],"version-history":[{"count":1,"href":"https:\/\/ecopaint-corporation.com\/pt\/wp-json\/wp\/v2\/product\/4337\/revisions"}],"predecessor-version":[{"id":4417,"href":"https:\/\/ecopaint-corporation.com\/pt\/wp-json\/wp\/v2\/product\/4337\/revisions\/4417"}],"wp:featuredmedia":[{"embeddable":true,"href":"https:\/\/ecopaint-corporation.com\/pt\/wp-json\/wp\/v2\/media\/5799"}],"wp:attachment":[{"href":"https:\/\/ecopaint-corporation.com\/pt\/wp-json\/wp\/v2\/media?parent=4337"}],"wp:term":[{"taxonomy":"product_cat","embeddable":true,"href":"https:\/\/ecopaint-corporation.com\/pt\/wp-json\/wp\/v2\/product_cat?post=4337"},{"taxonomy":"product_tag","embeddable":true,"href":"https:\/\/ecopaint-corporation.com\/pt\/wp-json\/wp\/v2\/product_tag?post=4337"}],"curies":[{"name":"wp","href":"https:\/\/api.w.org\/{rel}","templated":true}]}}