{"id":4361,"date":"2020-01-15T17:28:42","date_gmt":"2020-01-15T17:28:42","guid":{"rendered":"https:\/\/ecopaint-corporation.com\/?post_type=product&#038;p=4361"},"modified":"2021-03-23T12:40:56","modified_gmt":"2021-03-23T12:40:56","slug":"anti-vibration-cork","status":"publish","type":"product","link":"https:\/\/ecopaint-corporation.com\/pt\/produto\/anti-vibration-cork\/","title":{"rendered":"Corti\u00e7a Anti Vibra\u00e7\u00e3o"},"content":{"rendered":"<h2 class=\"ecop\">\u00e9 desenvolvido pela <span style=\"color: #a6ce38;\">ECOPAINT Corporation<\/span> e \u00e9 um <strong>Produto ECO<\/strong>.<\/h2>\n<p>The Natural High-Density Insulation Corkboard is a product designed to insulate vibrations, showing a higher volumetric mass.<\/p>\n<p>Sizes or specially tailored specifications can be developed to your specific requirements.<\/p>","protected":false},"excerpt":{"rendered":"<p>is developed by ECOPAINT Corporation and is an ECO Product. The Natural High-Density Insulation Corkboard is a product designed to insulate vibrations, showing a higher volumetric mass. Sizes or specially tailored specifications can be developed to your specific requirements.<\/p>","protected":false},"featured_media":5804,"comment_status":"open","ping_status":"closed","template":"","meta":[],"product_cat":[43,20],"product_tag":[697,151,150,693,695,694,696],"aioseo_notices":[],"_links":{"self":[{"href":"https:\/\/ecopaint-corporation.com\/pt\/wp-json\/wp\/v2\/product\/4361"}],"collection":[{"href":"https:\/\/ecopaint-corporation.com\/pt\/wp-json\/wp\/v2\/product"}],"about":[{"href":"https:\/\/ecopaint-corporation.com\/pt\/wp-json\/wp\/v2\/types\/product"}],"replies":[{"embeddable":true,"href":"https:\/\/ecopaint-corporation.com\/pt\/wp-json\/wp\/v2\/comments?post=4361"}],"version-history":[{"count":1,"href":"https:\/\/ecopaint-corporation.com\/pt\/wp-json\/wp\/v2\/product\/4361\/revisions"}],"predecessor-version":[{"id":4416,"href":"https:\/\/ecopaint-corporation.com\/pt\/wp-json\/wp\/v2\/product\/4361\/revisions\/4416"}],"wp:featuredmedia":[{"embeddable":true,"href":"https:\/\/ecopaint-corporation.com\/pt\/wp-json\/wp\/v2\/media\/5804"}],"wp:attachment":[{"href":"https:\/\/ecopaint-corporation.com\/pt\/wp-json\/wp\/v2\/media?parent=4361"}],"wp:term":[{"taxonomy":"product_cat","embeddable":true,"href":"https:\/\/ecopaint-corporation.com\/pt\/wp-json\/wp\/v2\/product_cat?post=4361"},{"taxonomy":"product_tag","embeddable":true,"href":"https:\/\/ecopaint-corporation.com\/pt\/wp-json\/wp\/v2\/product_tag?post=4361"}],"curies":[{"name":"wp","href":"https:\/\/api.w.org\/{rel}","templated":true}]}}