{"id":4368,"date":"2020-01-16T16:14:19","date_gmt":"2020-01-16T16:14:19","guid":{"rendered":"https:\/\/ecopaint-corporation.com\/?post_type=product&#038;p=4368"},"modified":"2021-03-23T12:22:30","modified_gmt":"2021-03-23T12:22:30","slug":"ecorustic","status":"publish","type":"product","link":"https:\/\/ecopaint-corporation.com\/pt\/produto\/ecorustic\/","title":{"rendered":"EcoRustic"},"content":{"rendered":"<h2 class=\"ecop\">\u00e9 desenvolvido pela <span style=\"color: #a6ce38;\">ECOPAINT Corporation<\/span> e \u00e9 um <strong>Produto ECO<\/strong>.<\/h2>\n<p>O EcoRustic d\u00e1 ao seu espa\u00e7o um toque minimalista e contempor\u00e2neo. Permite-lhe ter todas as propriedades da corti\u00e7a e manter uma tend\u00eancia eterna.<br \/>\nQualidade de vida, conforto dos edif\u00edcios e toque da natureza s\u00e3o garantidos pelas propriedades naturais da corti\u00e7a e pelo visual singular.<\/p>\n<p><strong>CARACTER\u00cdSTICAS DA COLE\u00c7\u00c3O ECORUSTIC:<br \/>\n<\/strong>Produto amigo do ambiente | Isolamento T\u00e9rmico | Amortecimento de som | Anti Est\u00e1tico e Antial\u00e9rgico | Propriedades Saud\u00e1veis<\/p>\n<p><strong>TAMANHOS DISPON\u00cdVEIS:<\/strong><br \/>\n600 x 300 x 30 mm<\/p>","protected":false},"excerpt":{"rendered":"<p>is developed by ECOPAINT Corporation and is an ECO Product. EcoRustic gives your space a contemporary minimalistic touch. It allows you to have all the cork properties and keep an everlasting trend. Living quality, comfort of buildings and nature\u2019s touch are assured by cork\u2019s natural proprieties and singular visuals. CHARACTERISTICS FOR THE ECORUSTIC COLLECTION: True [&hellip;]<\/p>","protected":false},"featured_media":5800,"comment_status":"open","ping_status":"closed","template":"","meta":[],"product_cat":[49,24],"product_tag":[707,706,702,699,700,151,698,210,150,273,708,701,703,704,705,185],"aioseo_notices":[],"_links":{"self":[{"href":"https:\/\/ecopaint-corporation.com\/pt\/wp-json\/wp\/v2\/product\/4368"}],"collection":[{"href":"https:\/\/ecopaint-corporation.com\/pt\/wp-json\/wp\/v2\/product"}],"about":[{"href":"https:\/\/ecopaint-corporation.com\/pt\/wp-json\/wp\/v2\/types\/product"}],"replies":[{"embeddable":true,"href":"https:\/\/ecopaint-corporation.com\/pt\/wp-json\/wp\/v2\/comments?post=4368"}],"version-history":[{"count":1,"href":"https:\/\/ecopaint-corporation.com\/pt\/wp-json\/wp\/v2\/product\/4368\/revisions"}],"predecessor-version":[{"id":4415,"href":"https:\/\/ecopaint-corporation.com\/pt\/wp-json\/wp\/v2\/product\/4368\/revisions\/4415"}],"wp:featuredmedia":[{"embeddable":true,"href":"https:\/\/ecopaint-corporation.com\/pt\/wp-json\/wp\/v2\/media\/5800"}],"wp:attachment":[{"href":"https:\/\/ecopaint-corporation.com\/pt\/wp-json\/wp\/v2\/media?parent=4368"}],"wp:term":[{"taxonomy":"product_cat","embeddable":true,"href":"https:\/\/ecopaint-corporation.com\/pt\/wp-json\/wp\/v2\/product_cat?post=4368"},{"taxonomy":"product_tag","embeddable":true,"href":"https:\/\/ecopaint-corporation.com\/pt\/wp-json\/wp\/v2\/product_tag?post=4368"}],"curies":[{"name":"wp","href":"https:\/\/api.w.org\/{rel}","templated":true}]}}