{"id":4369,"date":"2020-01-16T16:45:24","date_gmt":"2020-01-16T16:45:24","guid":{"rendered":"https:\/\/ecopaint-corporation.com\/?post_type=product&#038;p=4369"},"modified":"2020-08-12T09:31:34","modified_gmt":"2020-08-12T08:31:34","slug":"ecosilk","status":"publish","type":"product","link":"https:\/\/ecopaint-corporation.com\/pt\/produto\/ecosilk\/","title":{"rendered":"EcoSilk"},"content":{"rendered":"<h2 class=\"ecop\">\u00e9 desenvolvido pela <span style=\"color: #a6ce38;\">ECOPAINT Corporation<\/span> e \u00e9 um <strong>Produto ECO<\/strong>.<\/h2>\n<p>A Cole\u00e7\u00e3o EcoSilk oferece ambientes saud\u00e1veis e designs harmoniosos.<br \/>\nEmbora a qualidade de vida, o conforto dos pr\u00e9dios e o toque da natureza sejam garantidos pelas propriedades naturais e pelo visual singular da corti\u00e7a, a grande variedade de tons e padr\u00f5es permite uma f\u00e1cil mistura com todos os tipos de decora\u00e7\u00f5es e pe\u00e7as de mobili\u00e1rio.<\/p>\n<p><strong>CARACTER\u00cdSTICAS DA COLE\u00c7\u00c3O ECOSILK:<\/strong><br \/>\nProduto amigo do ambiente | Isolamento T\u00e9rmico | Amortecimento de som | Anti Est\u00e1tico e Antial\u00e9rgico | Propriedades Saud\u00e1veis<\/p>\n<p><strong>TAMANHOS DISPON\u00cdVEIS:<\/strong><br \/>\n600 x 300 x 3 mm<em>\u00a0\/ 24\u201d x 12\u201d x 1\/8\u201d<\/em><br \/>\n300 x 300 x 3 mm<em>\u00a0\/ 12\u201d x 12\u201d x 1\/8\u201d<\/em><\/p>","protected":false},"excerpt":{"rendered":"<p>is developed by ECOPAINT Corporation and is an ECO Product. EcoSilk\u00a0provides healthy environments and harmonious designs. While the living quality, comfort of buildings and nature\u2019s touch are assured by cork\u2019s natural proprieties and singular visuals, the wide variety of shades and patterns allow an easy blending with all sorts of decorations and furniture pieces. CHARACTERISTICS [&hellip;]<\/p>","protected":false},"featured_media":4854,"comment_status":"open","ping_status":"closed","template":"","meta":[],"product_cat":[49,24],"product_tag":[707,706,712,151,210,150,709,273,711,710,708,701,705,185],"aioseo_notices":[],"_links":{"self":[{"href":"https:\/\/ecopaint-corporation.com\/pt\/wp-json\/wp\/v2\/product\/4369"}],"collection":[{"href":"https:\/\/ecopaint-corporation.com\/pt\/wp-json\/wp\/v2\/product"}],"about":[{"href":"https:\/\/ecopaint-corporation.com\/pt\/wp-json\/wp\/v2\/types\/product"}],"replies":[{"embeddable":true,"href":"https:\/\/ecopaint-corporation.com\/pt\/wp-json\/wp\/v2\/comments?post=4369"}],"version-history":[{"count":0,"href":"https:\/\/ecopaint-corporation.com\/pt\/wp-json\/wp\/v2\/product\/4369\/revisions"}],"wp:featuredmedia":[{"embeddable":true,"href":"https:\/\/ecopaint-corporation.com\/pt\/wp-json\/wp\/v2\/media\/4854"}],"wp:attachment":[{"href":"https:\/\/ecopaint-corporation.com\/pt\/wp-json\/wp\/v2\/media?parent=4369"}],"wp:term":[{"taxonomy":"product_cat","embeddable":true,"href":"https:\/\/ecopaint-corporation.com\/pt\/wp-json\/wp\/v2\/product_cat?post=4369"},{"taxonomy":"product_tag","embeddable":true,"href":"https:\/\/ecopaint-corporation.com\/pt\/wp-json\/wp\/v2\/product_tag?post=4369"}],"curies":[{"name":"wp","href":"https:\/\/api.w.org\/{rel}","templated":true}]}}