{"id":4399,"date":"2020-01-17T12:39:19","date_gmt":"2020-01-17T12:39:19","guid":{"rendered":"https:\/\/ecopaint-corporation.com\/?post_type=product&#038;p=4399"},"modified":"2021-03-23T13:24:03","modified_gmt":"2021-03-23T13:24:03","slug":"3d-corkwall","status":"publish","type":"product","link":"https:\/\/ecopaint-corporation.com\/pt\/produto\/3d-corkwall\/","title":{"rendered":"Parede de Corti\u00e7a 3D"},"content":{"rendered":"<h2 class=\"ecop\">\u00e9 desenvolvido pela <span style=\"color: #a6ce38;\">ECOPAINT Corporation<\/span> e \u00e9 um <strong>Produto ECO<\/strong>.<\/h2>\n<p>A Parede de Corti\u00e7a 3D representa a combina\u00e7\u00e3o luxuosa da natureza e design.<br \/>\nSempre que procura algo ousado, exclusivo e <strong>100% natural<\/strong>, esta cole\u00e7\u00e3o atende \u00e0s suas necessidades. Vai adicionar um minimalismo intemporal e um toque sofisticado a todos os designs.<br \/>\nEsta cole\u00e7\u00e3o oferece uma quantidade infinita de possibilidades criativas, capazes de instalar na mesma dire\u00e7\u00e3o e criar padr\u00f5es sim\u00e9tricos ou organizar de uma maneira completamente diferente, o que permite que a inspira\u00e7\u00e3o de designers e arquitetos flua livremente.<\/p>\n<p><strong>Verdadeiro amigo do ambiente | Isolamento t\u00e9rmico e ac\u00fastico | Antial\u00e9rgicos | Antibacteriano<\/strong><\/p>\n<p><img fetchpriority=\"high\" decoding=\"async\" class=\"alignleft wp-image-4414\" src=\"https:\/\/ecopaint-corporation.com\/wp-content\/uploads\/2020\/01\/technical-data.jpg\" alt=\"CorkWall Technical Data\" width=\"600\" height=\"600\" srcset=\"https:\/\/ecopaint-corporation.com\/wp-content\/uploads\/2020\/01\/technical-data.jpg 1024w, https:\/\/ecopaint-corporation.com\/wp-content\/uploads\/2020\/01\/technical-data-300x300.jpg 300w, https:\/\/ecopaint-corporation.com\/wp-content\/uploads\/2020\/01\/technical-data-150x150.jpg 150w, https:\/\/ecopaint-corporation.com\/wp-content\/uploads\/2020\/01\/technical-data-768x768.jpg 768w, https:\/\/ecopaint-corporation.com\/wp-content\/uploads\/2020\/01\/technical-data-600x600.jpg 600w, https:\/\/ecopaint-corporation.com\/wp-content\/uploads\/2020\/01\/technical-data-100x100.jpg 100w\" sizes=\"(max-width: 600px) 100vw, 600px\" \/><\/p>","protected":false},"excerpt":{"rendered":"<p>is developed by ECOPAINT Corporation and is an ECO Product. 3D CorkWall represents the luxurious combination of nature and design. Whenever looking for something bold, exclusive and 100% natural, this collection will fulfill your requirements. They will add a timeless, minimalism and sophisticated touch to every design. This collection offers you an endless amount of [&hellip;]<\/p>","protected":false},"featured_media":5820,"comment_status":"open","ping_status":"closed","template":"","meta":[],"product_cat":[49,24],"product_tag":[71,713,707,719,151,210,150,273,715,717,714,718,260,716],"aioseo_notices":[],"_links":{"self":[{"href":"https:\/\/ecopaint-corporation.com\/pt\/wp-json\/wp\/v2\/product\/4399"}],"collection":[{"href":"https:\/\/ecopaint-corporation.com\/pt\/wp-json\/wp\/v2\/product"}],"about":[{"href":"https:\/\/ecopaint-corporation.com\/pt\/wp-json\/wp\/v2\/types\/product"}],"replies":[{"embeddable":true,"href":"https:\/\/ecopaint-corporation.com\/pt\/wp-json\/wp\/v2\/comments?post=4399"}],"version-history":[{"count":0,"href":"https:\/\/ecopaint-corporation.com\/pt\/wp-json\/wp\/v2\/product\/4399\/revisions"}],"wp:featuredmedia":[{"embeddable":true,"href":"https:\/\/ecopaint-corporation.com\/pt\/wp-json\/wp\/v2\/media\/5820"}],"wp:attachment":[{"href":"https:\/\/ecopaint-corporation.com\/pt\/wp-json\/wp\/v2\/media?parent=4399"}],"wp:term":[{"taxonomy":"product_cat","embeddable":true,"href":"https:\/\/ecopaint-corporation.com\/pt\/wp-json\/wp\/v2\/product_cat?post=4399"},{"taxonomy":"product_tag","embeddable":true,"href":"https:\/\/ecopaint-corporation.com\/pt\/wp-json\/wp\/v2\/product_tag?post=4399"}],"curies":[{"name":"wp","href":"https:\/\/api.w.org\/{rel}","templated":true}]}}