{"id":4422,"date":"2020-01-17T15:55:19","date_gmt":"2020-01-17T15:55:19","guid":{"rendered":"https:\/\/ecopaint-corporation.com\/?post_type=product&#038;p=4422"},"modified":"2022-04-07T16:58:25","modified_gmt":"2022-04-07T15:58:25","slug":"ecowallpaper-cork","status":"publish","type":"product","link":"https:\/\/ecopaint-corporation.com\/pt\/produto\/ecowallpaper-cork\/","title":{"rendered":"Papel de Parede de Corti\u00e7a"},"content":{"rendered":"<h2 class=\"ecop\">\u00e9 desenvolvido pela <span style=\"color: #a6ce38;\">ECOPAINT Corporation<\/span> e \u00e9 um <strong>Produto ECO<\/strong>.<\/h2>\n<p class=\"p1\">O Papel de Parede de Corti\u00e7a representa as solu\u00e7\u00f5es de corti\u00e7a natural e atraentes da mais alta qualidade, com excelentes n\u00edveis de desempenho, gra\u00e7as \u00e0s excelentes propriedades do seu material principal: a corti\u00e7a. Como material natural, elegante e moderno, a corti\u00e7a torna os espa\u00e7os mais acolhedores e convidativos, al\u00e9m de acrescentar conforto t\u00e9rmico e ac\u00fastico.<\/p>\n<p class=\"p1\">Os rolos de Papel de Parade de Corti\u00e7a ECOPAINT s\u00e3o produzidos a partir de corti\u00e7a natural e permitem decorar facilmente paredes ou outras superf\u00edcies.<\/p>\n<p><strong><br \/>\nLeve | Flex\u00edvel | Isolamento t\u00e9rmico e ac\u00fastico | Resistente \u00e0 abras\u00e3o | Anti-bacteriano e higi\u00e9nico<\/strong><\/p>\n<p><strong>TAMANHOS DISPON\u00cdVEIS:<\/strong><br \/>\n1000 x 0.6mm x 7.5m\u00a0\/\u00a039 3\/8&#8221; x 1\/32&#8221; x 295 9\/32&#8242;<em>\u00a0<\/em><\/p>\n<p><strong>EMBALAGEM:<\/strong><br \/>\n7.50 m<sup>2<\/sup>\/Rolo \/ 80.73 sqft<\/p>\n<p>Devido a limita\u00e7\u00f5es t\u00e9cnicas e \u00e0s caracter\u00edsticas da corti\u00e7a, as cores e os padr\u00f5es naturais aqui reproduzidos podem variar um pouco do produto real.<\/p>","protected":false},"excerpt":{"rendered":"<p>is developed by ECOPAINT Corporation and is an ECO Product. ECOWallpaper Cork stands for natural and attractive cork solutions of the highest quality, with excellent levels of performance thanks to the outstanding properties of its core material: cork. As a natural, elegant and modern material, cork makes spaces more welcoming and inviting while also adding [&hellip;]<\/p>","protected":false},"featured_media":5790,"comment_status":"open","ping_status":"closed","template":"","meta":[],"product_cat":[49,24],"product_tag":[728,729,264,721,151,210,150,720,724,181,722,90,725,180,727,723,726],"aioseo_notices":[],"_links":{"self":[{"href":"https:\/\/ecopaint-corporation.com\/pt\/wp-json\/wp\/v2\/product\/4422"}],"collection":[{"href":"https:\/\/ecopaint-corporation.com\/pt\/wp-json\/wp\/v2\/product"}],"about":[{"href":"https:\/\/ecopaint-corporation.com\/pt\/wp-json\/wp\/v2\/types\/product"}],"replies":[{"embeddable":true,"href":"https:\/\/ecopaint-corporation.com\/pt\/wp-json\/wp\/v2\/comments?post=4422"}],"version-history":[{"count":0,"href":"https:\/\/ecopaint-corporation.com\/pt\/wp-json\/wp\/v2\/product\/4422\/revisions"}],"wp:featuredmedia":[{"embeddable":true,"href":"https:\/\/ecopaint-corporation.com\/pt\/wp-json\/wp\/v2\/media\/5790"}],"wp:attachment":[{"href":"https:\/\/ecopaint-corporation.com\/pt\/wp-json\/wp\/v2\/media?parent=4422"}],"wp:term":[{"taxonomy":"product_cat","embeddable":true,"href":"https:\/\/ecopaint-corporation.com\/pt\/wp-json\/wp\/v2\/product_cat?post=4422"},{"taxonomy":"product_tag","embeddable":true,"href":"https:\/\/ecopaint-corporation.com\/pt\/wp-json\/wp\/v2\/product_tag?post=4422"}],"curies":[{"name":"wp","href":"https:\/\/api.w.org\/{rel}","templated":true}]}}