{"id":4941,"date":"2020-09-08T14:47:02","date_gmt":"2020-09-08T13:47:02","guid":{"rendered":"https:\/\/ecopaint-corporation.com\/?post_type=product&#038;p=4941"},"modified":"2020-11-06T17:48:13","modified_gmt":"2020-11-06T17:48:13","slug":"fightinsects-ecopaint-corporation","status":"publish","type":"product","link":"https:\/\/ecopaint-corporation.com\/pt\/produto\/fightinsects-ecopaint-corporation\/","title":{"rendered":"#FIGHTINSECTS Ecopaint Corporation"},"content":{"rendered":"<h2 class=\"ecop\">\u00e9 desenvolvido pela ECOPAINT Corporation e \u00e9 um <strong>ECO-FRIENDLY Product<\/strong>.<\/h2>\n<p>Pulverization solution with insect repellent properties. This liquid solution is to be sprayed on all types of surfaces and materials to fight mosquitoes, ticks, flies, lice and other bugs. One application will remain active for 30 days. Ideal for preventing insect bites and transmission of diseases such as Malaria, Dengue, Zika, Chikungunya, and others. #FIGHTINSECTS provides durable and safe protection to surfaces and materials where applied to, reducing mosquito populations around your home and other areas.<\/p>\n<p><strong>BENEF\u00cdCIOS<\/strong><\/p>\n<ul>\n<li>Preven\u00e7\u00e3o de doen\u00e7as transmitidas por mosquitos.<\/li>\n<li>\u00c9 um repelente, n\u00e3o um inseticida (sem Permetrina).<\/li>\n<li>F\u00e1cil de aplicar e econ\u00f3mico;<\/li>\n<li>Seguro para crian\u00e7as a partir dos 6 meses de idade e gr\u00e1vidas;<\/li>\n<li>Sustent\u00e1vel;<\/li>\n<li>Long durability (30 days);<\/li>\n<li>Alta efici\u00eancia<\/li>\n<li>N\u00e3o \u00e9 t\u00f3xico;<\/li>\n<li>Seguro para a sa\u00fade;<\/li>\n<li>N\u00e3o causa irrita\u00e7\u00e3o na pele;<\/li>\n<li>Amigo do meio ambiente.<\/li>\n<\/ul>\n<p><strong>DADOS T\u00c9CNICOS<br \/>\n<\/strong><strong>Aspecto de acabamento:<\/strong> N\u00e3o dispon\u00edvel<br \/>\n<strong>Forma:<\/strong> L\u00edquido<br \/>\n<strong>Odor:<\/strong> Caracter\u00edstico<br \/>\n<strong>Densidade, 20\u00baC:<\/strong> 1069,1 kg\/m3<br \/>\n<strong>Viscosidade:<\/strong> N\u00e3o dispon\u00edvel<br \/>\n<strong>Valor de PH:<\/strong> N\u00e3o relevante<\/p>\n<p><strong>APLICA\u00c7\u00c3O<br \/>\n<\/strong>#FIGHTINSECTS \u00e9 fornecido em formato l\u00edquido para ser adicionado diretamente na <a href=\"https:\/\/ecopaint-corporation.com\/pt\/produto\/fightvirus-machine\/\">#FIGHTVIRUS<\/a> <a href=\"https:\/\/ecopaint-corporation.com\/pt\/produto\/fightvirus-machine\/\">MACHINE<\/a> ou m\u00e1quina de fumo.<\/p>\n<p><strong>ONDE APLICAR<br \/>\n<\/strong>Resid\u00eancias, Escrit\u00f3rios, Empresas Alimentares, Hospitais, Escolas, Instala\u00e7\u00f5es M\u00e9dicas, Creches, Cozinhas e Ind\u00fastria.<\/p>\n<p><strong>INFORMA\u00c7\u00c3O ADICIONAL<\/strong><br \/>\nGuarde em local fresco. Manter o recipiente bem fechado em local seco e bem ventilado. Os recipientes abertos devem ser cuidadosamente selados e mantidos em posi\u00e7\u00e3o vertical para evitar vazamentos.<br \/>\nN\u00e3o exponha \u00e0 luz solar directa.<br \/>\nAs informa\u00e7\u00f5es contidas nesta ficha t\u00e9cnica s\u00e3o baseadas no nosso melhor conhecimento t\u00e9cnico e nas condi\u00e7\u00f5es de aplica\u00e7\u00e3o al\u00e9m do nosso controle.<br \/>\nO utilizador \u00e9 totalmente respons\u00e1vel pelo uso correto do produto em rela\u00e7\u00e3o aos aspectos t\u00e9cnicos e de seguran\u00e7a no trabalho.<br \/>\nPor favor, leia a \u201cFicha T\u00e9cnica de Seguran\u00e7a\u201d e tome todas as devidas precau\u00e7\u00f5es de seguran\u00e7a e ambientais.<br \/>\nOs termos desta Ficha T\u00e9cnica apenas fornecem os requisitos t\u00e9cnicos do produto e n\u00e3o criam ou inferem qualquer garantia, expressa ou impl\u00edcita.<\/p>","protected":false},"excerpt":{"rendered":"<p>is developed by ECOPAINT Corporation and is an ECO-FRIENDLY Product. Pulverization solution with insect repellent properties. This liquid solution is to be sprayed on all types of surfaces and materials to fight mosquitoes, ticks, flies, lice and other bugs. One application will remain active for 30 days. Ideal for preventing insect bites and transmission of [&hellip;]<\/p>","protected":false},"featured_media":4977,"comment_status":"open","ping_status":"closed","template":"","meta":[],"product_cat":[47,24],"product_tag":[158,147,150,152,161,149,163,162,164,155,144],"aioseo_notices":[],"_links":{"self":[{"href":"https:\/\/ecopaint-corporation.com\/pt\/wp-json\/wp\/v2\/product\/4941"}],"collection":[{"href":"https:\/\/ecopaint-corporation.com\/pt\/wp-json\/wp\/v2\/product"}],"about":[{"href":"https:\/\/ecopaint-corporation.com\/pt\/wp-json\/wp\/v2\/types\/product"}],"replies":[{"embeddable":true,"href":"https:\/\/ecopaint-corporation.com\/pt\/wp-json\/wp\/v2\/comments?post=4941"}],"version-history":[{"count":1,"href":"https:\/\/ecopaint-corporation.com\/pt\/wp-json\/wp\/v2\/product\/4941\/revisions"}],"predecessor-version":[{"id":4946,"href":"https:\/\/ecopaint-corporation.com\/pt\/wp-json\/wp\/v2\/product\/4941\/revisions\/4946"}],"wp:featuredmedia":[{"embeddable":true,"href":"https:\/\/ecopaint-corporation.com\/pt\/wp-json\/wp\/v2\/media\/4977"}],"wp:attachment":[{"href":"https:\/\/ecopaint-corporation.com\/pt\/wp-json\/wp\/v2\/media?parent=4941"}],"wp:term":[{"taxonomy":"product_cat","embeddable":true,"href":"https:\/\/ecopaint-corporation.com\/pt\/wp-json\/wp\/v2\/product_cat?post=4941"},{"taxonomy":"product_tag","embeddable":true,"href":"https:\/\/ecopaint-corporation.com\/pt\/wp-json\/wp\/v2\/product_tag?post=4941"}],"curies":[{"name":"wp","href":"https:\/\/api.w.org\/{rel}","templated":true}]}}