{"id":5203,"date":"2020-10-23T11:21:54","date_gmt":"2020-10-23T10:21:54","guid":{"rendered":"https:\/\/ecopaint-corporation.com\/?post_type=product&#038;p=5203"},"modified":"2022-05-12T15:32:43","modified_gmt":"2022-05-12T14:32:43","slug":"fightvirus-surfaces-ecopaint-corporation","status":"publish","type":"product","link":"https:\/\/ecopaint-corporation.com\/pt\/produto\/fightvirus-surfaces-ecopaint-corporation\/","title":{"rendered":"#FIGHTVIRUS SURFACES Ecopaint Corporation"},"content":{"rendered":"<h2 class=\"ecop\">\u00e9 desenvolvido pela ECOPAINT Corporation e \u00e9 um <strong>ECO-FRIENDLY Product<\/strong>.<\/h2>\n<p><strong>O primeiro no mundo a ser testado contra SARS-CoV-2 (COVID-19)<\/strong><\/p>\n<p>Solu\u00e7\u00e3o l\u00edquida antimicrobiana para pulverizar em todos os tipos de superf\u00edcies. Eficaz no combate a bact\u00e9rias, fungos, bolores, algas e cheiros desagrad\u00e1veis. Um aplicativo permanecer\u00e1 ativo por 12h. Ideal para prevenir contamina\u00e7\u00e3o de superf\u00edcies, infec\u00e7\u00f5es e degrada\u00e7\u00e3o de materiais. #FIGHTVIRUS SURFACES fornece higiene duradoura e prote\u00e7\u00e3o para preven\u00e7\u00e3o de infec\u00e7\u00f5es em superf\u00edcies e materiais onde aplicado.<\/p>\n<p><strong>BENEF\u00cdCIOS<\/strong><\/p>\n<ul>\n<li>Mant\u00e9m as superf\u00edcies limpas e livres de bact\u00e9rias;<\/li>\n<li>F\u00e1cil de aplicar e econ\u00f3mico;<\/li>\n<li>Preven\u00e7\u00e3o de contamina\u00e7\u00e3o cruzada e infec\u00e7\u00f5es;<\/li>\n<li>Sustent\u00e1vel;<\/li>\n<li>Longa durabilidade;<\/li>\n<li>Alta efici\u00eancia<\/li>\n<li>N\u00e3o \u00e9 t\u00f3xico;<\/li>\n<li>N\u00e3o cont\u00e9m metais pesados (por exemplo, prata);<\/li>\n<li>N\u00e3o causa irrita\u00e7\u00e3o na pele;<\/li>\n<li>Amigo do meio ambiente;<\/li>\n<\/ul>\n<p><strong>DADOS T\u00c9CNICOS<br \/>\n<\/strong><strong>Aspecto de acabamento:<\/strong> N\u00e3o dispon\u00edvel<br \/>\n<strong>Forma:<\/strong> L\u00edquido<br \/>\n<strong>Odor:<\/strong> Caracter\u00edstico<br \/>\n<strong>Densidade:<\/strong> N\u00e3o dispon\u00edvel<br \/>\n<strong>Viscosidade:<\/strong> N\u00e3o dispon\u00edvel<br \/>\n<strong>Valor de PH:<\/strong> N\u00e3o dispon\u00edvel<\/p>\n<p><strong>APLICA\u00c7\u00c3O<br \/>\n<\/strong>#FIGHTVIRUS SURFACES \u00e9 fornecido no formato l\u00edquido para ser misturado com \u00e1gua e adicionado a um borrifador. Simplesmente borrife em qualquer superf\u00edcie (metal, vidro, balc\u00f5es, m\u00f3veis, paredes, cal\u00e7adas, cozinha, banheiro) e deixe secar. N\u00e3o h\u00e1 necessidade de enxaguar ou esfregar. Misture 1L de #FIGHTVIRUS SURFACES com 12L de \u00e1gua.<\/p>\n<p><strong>ONDE APLICAR<br \/>\n<\/strong>Casa, escrit\u00f3rio, restaurantes e caf\u00e9s, hospitais, escolas, transporte p\u00fablico, sal\u00f5es de beleza, cozinhas, ind\u00fastria.<\/p>\n<p><strong>INFORMA\u00c7\u00c3O ADICIONAL<\/strong><br \/>\nGuarde em local fresco. Manter o recipiente bem fechado em local seco e bem ventilado. Os recipientes abertos devem ser cuidadosamente selados e mantidos em posi\u00e7\u00e3o vertical para evitar vazamentos.<br \/>\nN\u00e3o exponha \u00e0 luz solar directa.<br \/>\nAs informa\u00e7\u00f5es contidas nesta ficha t\u00e9cnica s\u00e3o baseadas no nosso melhor conhecimento t\u00e9cnico e nas condi\u00e7\u00f5es de aplica\u00e7\u00e3o al\u00e9m do nosso controle.<br \/>\nO utilizador \u00e9 totalmente respons\u00e1vel pelo uso correto do produto em rela\u00e7\u00e3o aos aspectos t\u00e9cnicos e de seguran\u00e7a no trabalho.<br \/>\nPor favor, leia a \u201cFicha T\u00e9cnica de Seguran\u00e7a\u201d e tome todas as devidas precau\u00e7\u00f5es de seguran\u00e7a e ambientais.<br \/>\nOs termos desta Ficha T\u00e9cnica apenas fornecem os requisitos t\u00e9cnicos do produto e n\u00e3o criam ou inferem qualquer garantia, expressa ou impl\u00edcita.<\/p>\n<p>&nbsp;<\/p>\n<p>&nbsp;<\/p>\n<p>&nbsp;<\/p>","protected":false},"excerpt":{"rendered":"<p>is developed by ECOPAINT Corporation and is an ECO-FRIENDLY Product. The first in the world to be tested against SARS-CoV-2 (COVID-19) Antimicrobial liquid solution to be sprayed on all types of surfaces. Effective in the fight against bacteria, fungus, mould, algae and unpleasant smells. One application will remain active for 12h. Ideal for preventing surface [&hellip;]<\/p>","protected":false},"featured_media":5207,"comment_status":"open","ping_status":"closed","template":"","meta":[],"product_cat":[46,24],"product_tag":[159,158,147,150,152,161,149,163,162,164,155,144],"aioseo_notices":[],"_links":{"self":[{"href":"https:\/\/ecopaint-corporation.com\/pt\/wp-json\/wp\/v2\/product\/5203"}],"collection":[{"href":"https:\/\/ecopaint-corporation.com\/pt\/wp-json\/wp\/v2\/product"}],"about":[{"href":"https:\/\/ecopaint-corporation.com\/pt\/wp-json\/wp\/v2\/types\/product"}],"replies":[{"embeddable":true,"href":"https:\/\/ecopaint-corporation.com\/pt\/wp-json\/wp\/v2\/comments?post=5203"}],"version-history":[{"count":0,"href":"https:\/\/ecopaint-corporation.com\/pt\/wp-json\/wp\/v2\/product\/5203\/revisions"}],"wp:featuredmedia":[{"embeddable":true,"href":"https:\/\/ecopaint-corporation.com\/pt\/wp-json\/wp\/v2\/media\/5207"}],"wp:attachment":[{"href":"https:\/\/ecopaint-corporation.com\/pt\/wp-json\/wp\/v2\/media?parent=5203"}],"wp:term":[{"taxonomy":"product_cat","embeddable":true,"href":"https:\/\/ecopaint-corporation.com\/pt\/wp-json\/wp\/v2\/product_cat?post=5203"},{"taxonomy":"product_tag","embeddable":true,"href":"https:\/\/ecopaint-corporation.com\/pt\/wp-json\/wp\/v2\/product_tag?post=5203"}],"curies":[{"name":"wp","href":"https:\/\/api.w.org\/{rel}","templated":true}]}}