{"id":5318,"date":"2020-11-03T11:09:45","date_gmt":"2020-11-03T11:09:45","guid":{"rendered":"https:\/\/ecopaint-corporation.com\/?post_type=product&#038;p=5318"},"modified":"2022-05-12T16:08:52","modified_gmt":"2022-05-12T15:08:52","slug":"fightinsects-surfaces-ecopaint-corporation","status":"publish","type":"product","link":"https:\/\/ecopaint-corporation.com\/pt\/produto\/fightinsects-surfaces-ecopaint-corporation\/","title":{"rendered":"#FIGHTINSECTS SUPERF\u00cdCIES Ecopaint Corporation"},"content":{"rendered":"<h2 class=\"ecop\">\u00e9 desenvolvido pela ECOPAINT Corporation e \u00e9 um <strong>ECO-FRIENDLY Product<\/strong>.<\/h2>\n<p>Aditivo de pulveriza\u00e7\u00e3o com propriedades repelentes de insetos. Esta solu\u00e7\u00e3o l\u00edquida de pulveriza\u00e7\u00e3o \u00famida deve ser pulverizada em todos os tipos de superf\u00edcies e materiais para combater mosquitos, carrapatos, moscas, piolhos e outros insetos. Um aplicativo permanecer\u00e1 ativo por 30 dias. Ideal para prevenir picadas de insetos e transmiss\u00e3o de doen\u00e7as como Mal\u00e1ria, Dengue, Zika, Chikungunya, entre outras. #FIGHTINSECTS SURFACES fornece prote\u00e7\u00e3o dur\u00e1vel e segura para superf\u00edcies e materiais onde s\u00e3o aplicados, reduzindo as popula\u00e7\u00f5es de mosquitos ao redor de sua casa e outras \u00e1reas.<\/p>\n<p><strong>BENEF\u00cdCIOS<\/strong><\/p>\n<ul>\n<li>Preven\u00e7\u00e3o de doen\u00e7as transmitidas por mosquitos.<\/li>\n<li>Prote\u00e7\u00e3o duradoura contra mordidas;<\/li>\n<li>\u00c9 um repelente, n\u00e3o um inseticida (sem Permetrina).<\/li>\n<li>F\u00e1cil de aplicar e econ\u00f3mico;<\/li>\n<li>Seguro para crian\u00e7as a partir dos 6 meses de idade e gr\u00e1vidas;<\/li>\n<li>Sustent\u00e1vel;<\/li>\n<li>Longa durabilidade;<\/li>\n<li>Alta efici\u00eancia<\/li>\n<li>N\u00e3o \u00e9 t\u00f3xico;<\/li>\n<li>N\u00e3o causa irrita\u00e7\u00e3o na pele;<\/li>\n<li>Amigo do meio ambiente.<\/li>\n<\/ul>\n<p>&nbsp;<\/p>\n<p><strong>APLICA\u00c7\u00c3O<br \/>\n<\/strong>#FIGHTINSECTS SURFACES \u00e9 fornecido em formato l\u00edquido concentrado para ser dilu\u00eddo com \u00e1gua. Basta misturar o aditivo com \u00e1gua normal e usar um pulverizador de compress\u00e3o manual para aplicar. Pode ser usado em resid\u00eancias, escolas, armaz\u00e9ns, f\u00e1bricas de processamento de alimentos, restaurantes, parques de campismo, \u00e1reas de conviv\u00eancia de animais e outros locais industriais e comerciais, tanto internos quanto externos.<\/p>\n<p><strong>INSTRU\u00c7\u00d5ES<br \/>\n<\/strong>Add 1L of #FIGHTINSECTS Surfaces to 25L of water.<br \/>\nMisturar at\u00e9 obter uma solu\u00e7\u00e3o homog\u00e9nea e aplicar.<br \/>\nAp\u00f3s a dilui\u00e7\u00e3o, deve ser utilizado como spray de contato direto, pulverizando diretamente sobre materiais e superf\u00edcies.<\/p>\n<p><strong>ONDE APLICAR<br \/>\n<\/strong>Resid\u00eancias, Escrit\u00f3rios, Empresas Alimentares, Hospitais, Escolas, Instala\u00e7\u00f5es M\u00e9dicas, Creches, Cozinhas e Ind\u00fastria.<\/p>\n<p><strong>INFORMA\u00c7\u00c3O ADICIONAL<\/strong><br \/>\nGuarde em local fresco. Manter o recipiente bem fechado em local seco e bem ventilado. Os recipientes abertos devem ser cuidadosamente selados e mantidos em posi\u00e7\u00e3o vertical para evitar vazamentos.<br \/>\nN\u00e3o exponha \u00e0 luz solar directa.<br \/>\nAs informa\u00e7\u00f5es contidas nesta ficha t\u00e9cnica s\u00e3o baseadas no nosso melhor conhecimento t\u00e9cnico e nas condi\u00e7\u00f5es de aplica\u00e7\u00e3o al\u00e9m do nosso controle.<br \/>\nO utilizador \u00e9 totalmente respons\u00e1vel pelo uso correto do produto em rela\u00e7\u00e3o aos aspectos t\u00e9cnicos e de seguran\u00e7a no trabalho.<br \/>\nPor favor, leia a \u201cFicha T\u00e9cnica de Seguran\u00e7a\u201d e tome todas as devidas precau\u00e7\u00f5es de seguran\u00e7a e ambientais.<br \/>\nOs termos desta Ficha T\u00e9cnica apenas fornecem os requisitos t\u00e9cnicos do produto e n\u00e3o criam ou inferem qualquer garantia, expressa ou impl\u00edcita.<\/p>\n<p>&nbsp;<\/p>\n<p>&nbsp;<\/p>\n<p>&nbsp;<\/p>","protected":false},"excerpt":{"rendered":"<p>is developed by ECOPAINT Corporation and is an ECO-FRIENDLY Product. Pulverization additive with insect repellent properties. This wet-spray liquid solution is to be sprayed on all types of surfaces and materials to fight mosquitoes, ticks, flies, lice and other bugs. One application will remain active for 30 days. Ideal for preventing insect bites and transmission [&hellip;]<\/p>","protected":false},"featured_media":5598,"comment_status":"open","ping_status":"closed","template":"","meta":[],"product_cat":[47,24],"product_tag":[159,158,147,150,152,161,149,163,162,164,155,144],"aioseo_notices":[],"_links":{"self":[{"href":"https:\/\/ecopaint-corporation.com\/pt\/wp-json\/wp\/v2\/product\/5318"}],"collection":[{"href":"https:\/\/ecopaint-corporation.com\/pt\/wp-json\/wp\/v2\/product"}],"about":[{"href":"https:\/\/ecopaint-corporation.com\/pt\/wp-json\/wp\/v2\/types\/product"}],"replies":[{"embeddable":true,"href":"https:\/\/ecopaint-corporation.com\/pt\/wp-json\/wp\/v2\/comments?post=5318"}],"version-history":[{"count":1,"href":"https:\/\/ecopaint-corporation.com\/pt\/wp-json\/wp\/v2\/product\/5318\/revisions"}],"predecessor-version":[{"id":5326,"href":"https:\/\/ecopaint-corporation.com\/pt\/wp-json\/wp\/v2\/product\/5318\/revisions\/5326"}],"wp:featuredmedia":[{"embeddable":true,"href":"https:\/\/ecopaint-corporation.com\/pt\/wp-json\/wp\/v2\/media\/5598"}],"wp:attachment":[{"href":"https:\/\/ecopaint-corporation.com\/pt\/wp-json\/wp\/v2\/media?parent=5318"}],"wp:term":[{"taxonomy":"product_cat","embeddable":true,"href":"https:\/\/ecopaint-corporation.com\/pt\/wp-json\/wp\/v2\/product_cat?post=5318"},{"taxonomy":"product_tag","embeddable":true,"href":"https:\/\/ecopaint-corporation.com\/pt\/wp-json\/wp\/v2\/product_tag?post=5318"}],"curies":[{"name":"wp","href":"https:\/\/api.w.org\/{rel}","templated":true}]}}