{"id":5507,"date":"2020-12-17T16:34:38","date_gmt":"2020-12-17T16:34:38","guid":{"rendered":"https:\/\/ecopaint-corporation.com\/?post_type=product&#038;p=5507"},"modified":"2022-05-12T15:02:58","modified_gmt":"2022-05-12T14:02:58","slug":"fightvirus-sanitizer-spray-ecopaint-corporation-copy","status":"publish","type":"product","link":"https:\/\/ecopaint-corporation.com\/pt\/produto\/fightvirus-sanitizer-spray-ecopaint-corporation-copy\/","title":{"rendered":"#FIGHTVIRUS SANITIZER SPRAY Ecopaint Corporation"},"content":{"rendered":"<h2 class=\"ecop\">\u00e9 desenvolvido pela ECOPAINT Corporation e \u00e9 um <strong>ECO-FRIENDLY Product<\/strong>.<\/h2>\n<p><strong>DESINFETANTE M\u00c3OS E SUPERF\u00cdCIES<\/strong><\/p>\n<p>Desinfetante de a\u00e7\u00e3o r\u00e1pida que elimina 99% de todos os tipos de bact\u00e9rias, fungos e v\u00edrus. Para todos os tipos de superf\u00edcies, superf\u00edcies t\u00e1teis (dispositivos eletr\u00f4nicos), m\u00e3os e tecidos. Efic\u00e1cia comprovada contra V\u00cdRUS e BACT\u00c9RIAS<\/p>\n<p><strong>BENEF\u00cdCIOS<\/strong><\/p>\n<ul>\n<li>Para todos os tipos de superf\u00edcies<\/li>\n<li>Incluindo superf\u00edcies t\u00e1teis (dispositivos eletr\u00f3nicos)<\/li>\n<li>M\u00e3os<\/li>\n<li>A\u00e7\u00e3o muito r\u00e1pida e eficaz (1min.)<\/li>\n<li>Virucida \/\/ Bactericida \/\/ Fungicida<\/li>\n<li>N\u00e3o cont\u00e9m componentes perigosos.<\/li>\n<li>N\u00e3o \u00e9 inflam\u00e1vel e biodegrad\u00e1vel.<\/li>\n<\/ul>\n<p><strong>DADOS T\u00c9CNICOS<br \/>\n<\/strong><strong>Aspecto de acabamento:<\/strong> N\u00e3o dispon\u00edvel<br \/>\n<strong>Forma:<\/strong> L\u00edquido<br \/>\n<strong>Odor:<\/strong> Caracter\u00edstico<br \/>\n<strong>Densidade:<\/strong> N\u00e3o dispon\u00edvel<br \/>\n<strong>Viscosidade:<\/strong> N\u00e3o dispon\u00edvel<br \/>\n<strong>Valor de PH:<\/strong> N\u00e3o dispon\u00edvel<\/p>\n<p><strong>APLICA\u00c7\u00c3O<br \/>\n<\/strong>#FIGHTVIRUS SANITIZER SPRAY \u00e9 uma solu\u00e7\u00e3o bactericida pronta para usar.<br \/>\n<strong>Superf\u00edcies:<\/strong> Superf\u00edcies: Aplique em objetos e superf\u00edcies e deixe agir. Certifique-se de que as superf\u00edcies estejam totalmente impregnadas com o produto. Se necess\u00e1rio, remova o excesso com um pano.<br \/>\n<strong>Dispositivos eletr\u00f4nicos:<\/strong> Evite borrifar diretamente nas ranhuras.<br \/>\n<strong>M\u00e3os<\/strong> Borrife nas m\u00e3os e esfregue.<br \/>\n<strong>T\u00eaxteis:<\/strong> Pulverizar em qualquer tipo de tecido.<\/p>\n<p><strong>ONDE APLICAR<br \/>\n<\/strong>M\u00e3os, superf\u00edcies e t\u00eaxteis.<\/p>\n<p><strong>INFORMA\u00c7\u00c3O ADICIONAL<\/strong><br \/>\nMantenha fora do alcance das crian\u00e7as.<br \/>\nN\u00e3o beba.<br \/>\nN\u00e3o aplique em outras partes do corpo.<br \/>\nSiga as instru\u00e7\u00f5es da ficha de dados de seguran\u00e7a para o manuseio seguro do produto.<br \/>\nN\u00e3o aplique o produto em superf\u00edcies quentes.<br \/>\nAs informa\u00e7\u00f5es contidas nesta ficha t\u00e9cnica s\u00e3o baseadas no nosso melhor conhecimento t\u00e9cnico e nas condi\u00e7\u00f5es de aplica\u00e7\u00e3o al\u00e9m do nosso controle.<br \/>\nO utilizador \u00e9 totalmente respons\u00e1vel pelo uso correto do produto em rela\u00e7\u00e3o aos aspectos t\u00e9cnicos e de seguran\u00e7a no trabalho.<br \/>\nPor favor, leia a \u201cFicha T\u00e9cnica de Seguran\u00e7a\u201d e tome todas as devidas precau\u00e7\u00f5es de seguran\u00e7a e ambientais.<br \/>\nOs termos desta Ficha T\u00e9cnica apenas fornecem os requisitos t\u00e9cnicos do produto e n\u00e3o criam ou inferem qualquer garantia, expressa ou impl\u00edcita.<\/p>\n<p>&nbsp;<\/p>\n<p>&nbsp;<\/p>","protected":false},"excerpt":{"rendered":"<p>is developed by ECOPAINT Corporation and is an ECO-FRIENDLY Product. DISINFECTANT HANDS AND SURFACES Quick-acting disinfectant that eliminates 99% of all types of bacteria, fungi and viruses. For all type surfaces, tactile surfaces (electronic devices), hands and textiles. Proven effectiveness against VIRUSES and BACTERIA. BENEFITS For all types of surfaces Including tactile surfaces (electronic devices) [&hellip;]<\/p>","protected":false},"featured_media":5512,"comment_status":"open","ping_status":"closed","template":"","meta":[],"product_cat":[46,24],"product_tag":[159,158,147,150,152,161,149,163,162,164,155,144],"aioseo_notices":[],"_links":{"self":[{"href":"https:\/\/ecopaint-corporation.com\/pt\/wp-json\/wp\/v2\/product\/5507"}],"collection":[{"href":"https:\/\/ecopaint-corporation.com\/pt\/wp-json\/wp\/v2\/product"}],"about":[{"href":"https:\/\/ecopaint-corporation.com\/pt\/wp-json\/wp\/v2\/types\/product"}],"replies":[{"embeddable":true,"href":"https:\/\/ecopaint-corporation.com\/pt\/wp-json\/wp\/v2\/comments?post=5507"}],"version-history":[{"count":1,"href":"https:\/\/ecopaint-corporation.com\/pt\/wp-json\/wp\/v2\/product\/5507\/revisions"}],"predecessor-version":[{"id":5551,"href":"https:\/\/ecopaint-corporation.com\/pt\/wp-json\/wp\/v2\/product\/5507\/revisions\/5551"}],"wp:featuredmedia":[{"embeddable":true,"href":"https:\/\/ecopaint-corporation.com\/pt\/wp-json\/wp\/v2\/media\/5512"}],"wp:attachment":[{"href":"https:\/\/ecopaint-corporation.com\/pt\/wp-json\/wp\/v2\/media?parent=5507"}],"wp:term":[{"taxonomy":"product_cat","embeddable":true,"href":"https:\/\/ecopaint-corporation.com\/pt\/wp-json\/wp\/v2\/product_cat?post=5507"},{"taxonomy":"product_tag","embeddable":true,"href":"https:\/\/ecopaint-corporation.com\/pt\/wp-json\/wp\/v2\/product_tag?post=5507"}],"curies":[{"name":"wp","href":"https:\/\/api.w.org\/{rel}","templated":true}]}}