{"id":5852,"date":"2021-04-06T16:10:19","date_gmt":"2021-04-06T15:10:19","guid":{"rendered":"https:\/\/ecopaint-corporation.com\/?post_type=product&#038;p=5852"},"modified":"2022-04-05T17:25:31","modified_gmt":"2022-04-05T16:25:31","slug":"water-soluble-laundry-bag-copy","status":"publish","type":"product","link":"https:\/\/ecopaint-corporation.com\/pt\/produto\/water-soluble-laundry-bag-copy\/","title":{"rendered":"Saco para roupa sol\u00favel em \u00e1gua"},"content":{"rendered":"<h2 class=\"ecop\">\u00e9 desenvolvido pela ECOPAINT Corporation e \u00e9 um <strong>Produto ECO<\/strong>.<\/h2>\n<p>O saco de roupa sol\u00favel em \u00e1gua \u00e9 especialmente projetado para fins de preven\u00e7\u00e3o de infec\u00e7\u00f5es durante o manuseio ou lavagem de roupas contaminadas. \u00c9 100% biodegrad\u00e1vel, n\u00e3o entope os canos durante a lavagem da roupa. Hospitais e outras institui\u00e7\u00f5es de sa\u00fade est\u00e3o incorporando ativamente sacos de lavanderia sol\u00faveis em \u00e1gua, pois s\u00e3o um meio valioso de prevenir a contamina\u00e7\u00e3o cruzada.<\/p>\n<p><strong>Vantagens do saco de roupa sol\u00favel em \u00e1gua para controle de infec\u00e7\u00e3o:<\/strong><\/p>\n<ul>\n<li>Os sacos sol\u00faveis para roupa suja garantem que os funcion\u00e1rios do hospital transportem materiais ou equipamentos contaminados com seguran\u00e7a. Uma vez que a roupa e o equipamento s\u00e3o selados em sacos, o risco de contamina\u00e7\u00e3o e infec\u00e7\u00e3o \u00e9 minimizado.<\/li>\n<li>O saco de roupa sol\u00favel em \u00e1gua ser\u00e1 completamente dissolvido em \u00e1gua durante o processo de lavagem. Eles n\u00e3o deixar\u00e3o res\u00edduos que possam estar infectados e n\u00e3o poluir\u00e3o a \u00e1gua.<\/li>\n<li>A sacola sol\u00favel em \u00e1gua tem as caracter\u00edsticas de antiest\u00e1tica, n\u00e3o t\u00f3xica e biodegrad\u00e1vel.<\/li>\n<li>O saco de roupa sol\u00favel em \u00e1gua tem excelente resist\u00eancia ao ar.<\/li>\n<\/ul>\n<p><strong>Aplica\u00e7\u00e3o:<\/strong><br \/>\nServi\u00e7os de lavanderia comercial, instala\u00e7\u00f5es m\u00e9dicas, casa, servi\u00e7os de hotel, lavanderia de pris\u00f5es, controle de percevejos.<\/p>\n<p><strong>Recomenda\u00e7\u00e3o:<\/strong><br \/>\nColoque os sacos sol\u00faveis em \u00e1gua diretamente na m\u00e1quina de lavar ap\u00f3s ench\u00ea-los com roupas contaminadas. As sacolas s\u00e3o compostas por filmes de \u00e1lcool polivin\u00edlico que se dissolvem completamente na \u00e1gua na hora de lavar as roupas.<\/p>","protected":false},"excerpt":{"rendered":"<p>is developed by ECOPAINT Corporation and is an ECO Product. The water-soluble laundry bag is specially designed for infection prevention purposes while handling or washing contaminated clothes. It is 100% biodegradable that does not clog the pipes while you are washing the clothes. Hospitals and other care institutions are actively incorporating water-soluble laundry bags as [&hellip;]<\/p>","protected":false},"featured_media":5853,"comment_status":"open","ping_status":"closed","template":"","meta":[],"product_cat":[771],"product_tag":[774,158,564,122,773,147,150,772],"aioseo_notices":[],"_links":{"self":[{"href":"https:\/\/ecopaint-corporation.com\/pt\/wp-json\/wp\/v2\/product\/5852"}],"collection":[{"href":"https:\/\/ecopaint-corporation.com\/pt\/wp-json\/wp\/v2\/product"}],"about":[{"href":"https:\/\/ecopaint-corporation.com\/pt\/wp-json\/wp\/v2\/types\/product"}],"replies":[{"embeddable":true,"href":"https:\/\/ecopaint-corporation.com\/pt\/wp-json\/wp\/v2\/comments?post=5852"}],"version-history":[{"count":1,"href":"https:\/\/ecopaint-corporation.com\/pt\/wp-json\/wp\/v2\/product\/5852\/revisions"}],"predecessor-version":[{"id":5863,"href":"https:\/\/ecopaint-corporation.com\/pt\/wp-json\/wp\/v2\/product\/5852\/revisions\/5863"}],"wp:featuredmedia":[{"embeddable":true,"href":"https:\/\/ecopaint-corporation.com\/pt\/wp-json\/wp\/v2\/media\/5853"}],"wp:attachment":[{"href":"https:\/\/ecopaint-corporation.com\/pt\/wp-json\/wp\/v2\/media?parent=5852"}],"wp:term":[{"taxonomy":"product_cat","embeddable":true,"href":"https:\/\/ecopaint-corporation.com\/pt\/wp-json\/wp\/v2\/product_cat?post=5852"},{"taxonomy":"product_tag","embeddable":true,"href":"https:\/\/ecopaint-corporation.com\/pt\/wp-json\/wp\/v2\/product_tag?post=5852"}],"curies":[{"name":"wp","href":"https:\/\/api.w.org\/{rel}","templated":true}]}}