{"id":5864,"date":"2021-04-07T15:55:42","date_gmt":"2021-04-07T14:55:42","guid":{"rendered":"https:\/\/ecopaint-corporation.com\/?post_type=product&#038;p=5864"},"modified":"2021-04-07T17:21:38","modified_gmt":"2021-04-07T16:21:38","slug":"reusable-water-soluble-bag-copy","status":"publish","type":"product","link":"https:\/\/ecopaint-corporation.com\/pt\/produto\/reusable-water-soluble-bag-copy\/","title":{"rendered":"Saco reutiliz\u00e1vel sol\u00favel em \u00e1gua"},"content":{"rendered":"<h2 class=\"ecop\">\u00e9 desenvolvido pela ECOPAINT Corporation e \u00e9 um <strong>Produto ECO<\/strong>.<\/h2>\n<p>Bolsa em tecido n\u00e3o tecido, sol\u00favel em \u00e1gua quente a 95 graus Celsius. N\u00e3o h\u00e1 nenhuma mudan\u00e7a \u00f3bvia na temperatura ambiente (25 graus Celsius). A resist\u00eancia do saco n\u00e3o \u00e9 afetada pela temperatura normal da \u00e1gua, pelo que pode utilizar os nossos produtos em dias de chuva. Feito de \u00e1lcool polivin\u00edlico, \u00e9 um produto ecol\u00f3gico que acaba se decompondo em di\u00f3xido de carbono e \u00e1gua e \u00e9 inofensivo ao meio ambiente. A sacola \u00e9 recicl\u00e1vel e \u00e9 um dos produtos preferidos dos ambientalistas.<\/p>\n<p><strong>Vantagens\u00a0<\/strong><\/p>\n<ul>\n<li>A bolsa de n\u00e3o tecido \u00e9 sol\u00favel em \u00e1gua quente.<\/li>\n<li>\u00c9 um produto amigo do ambiente.<\/li>\n<li>A bolsa \u00e9 recicl\u00e1vel.<\/li>\n<\/ul>\n<p>&nbsp;<\/p>","protected":false},"excerpt":{"rendered":"<p>is developed by ECOPAINT Corporation and is an ECO Product. Handbag in non-woven fabric, soluble in hot water at 95 degrees Celsius. There is no obvious change in room temperature (25 degrees Celsius). The resistance of the bag is not affected by the normal water temperature, so you can use our products on rainy days. [&hellip;]<\/p>","protected":false},"featured_media":5865,"comment_status":"open","ping_status":"closed","template":"","meta":[],"product_cat":[771],"product_tag":[774,158,564,122,773,147,150,772],"aioseo_notices":[],"_links":{"self":[{"href":"https:\/\/ecopaint-corporation.com\/pt\/wp-json\/wp\/v2\/product\/5864"}],"collection":[{"href":"https:\/\/ecopaint-corporation.com\/pt\/wp-json\/wp\/v2\/product"}],"about":[{"href":"https:\/\/ecopaint-corporation.com\/pt\/wp-json\/wp\/v2\/types\/product"}],"replies":[{"embeddable":true,"href":"https:\/\/ecopaint-corporation.com\/pt\/wp-json\/wp\/v2\/comments?post=5864"}],"version-history":[{"count":0,"href":"https:\/\/ecopaint-corporation.com\/pt\/wp-json\/wp\/v2\/product\/5864\/revisions"}],"wp:featuredmedia":[{"embeddable":true,"href":"https:\/\/ecopaint-corporation.com\/pt\/wp-json\/wp\/v2\/media\/5865"}],"wp:attachment":[{"href":"https:\/\/ecopaint-corporation.com\/pt\/wp-json\/wp\/v2\/media?parent=5864"}],"wp:term":[{"taxonomy":"product_cat","embeddable":true,"href":"https:\/\/ecopaint-corporation.com\/pt\/wp-json\/wp\/v2\/product_cat?post=5864"},{"taxonomy":"product_tag","embeddable":true,"href":"https:\/\/ecopaint-corporation.com\/pt\/wp-json\/wp\/v2\/product_tag?post=5864"}],"curies":[{"name":"wp","href":"https:\/\/api.w.org\/{rel}","templated":true}]}}