{"id":6064,"date":"2021-06-08T16:48:04","date_gmt":"2021-06-08T15:48:04","guid":{"rendered":"https:\/\/ecopaint-corporation.com\/?post_type=product&#038;p=6064"},"modified":"2022-05-12T17:49:50","modified_gmt":"2022-05-12T16:49:50","slug":"porous-hose","status":"publish","type":"product","link":"https:\/\/ecopaint-corporation.com\/pt\/produto\/porous-hose\/","title":{"rendered":"Mangueira Porosa"},"content":{"rendered":"<h2 class=\"ecop\">\u00e9 desenvolvido pela ECOPAINT Corporation e \u00e9 um <strong>Produto ECO<\/strong>.<\/h2>\n<p>A mangueira porosa \u00e9 feita com material granulado proveniente da reciclagem de pneus velhos. Adequado para pequenos jardins, agricultura, irriga\u00e7\u00e3o e constru\u00e7\u00e3o. Produto ecol\u00f3gico e sustent\u00e1vel.<\/p>\n<p><strong>VANTAGENS<\/strong><\/p>\n<ul>\n<li>Flex\u00edvel<\/li>\n<li>Economia de \u00e1gua em at\u00e9 70%<\/li>\n<li>Livre de ftalato<\/li>\n<li>Feito de reciclagem de granulados de pneus<\/li>\n<li>Os fertilizantes podem ser aplicados l\u00edquidos atrav\u00e9s da mangueira<\/li>\n<li>Durabilidade ao longo de 15 anos.<\/li>\n<\/ul>\n<p><strong>APLICA\u00c7\u00d5ES<\/strong><\/p>\n<ul>\n<li>Jardinagem<\/li>\n<li>Agricultura<\/li>\n<li>Irriga\u00e7\u00e3o<\/li>\n<li>Constru\u00e7\u00e3o<\/li>\n<\/ul>\n<div class=\"zak-oembed-container\"><iframe title=\"Mangueira Porosa\" width=\"812\" height=\"457\" src=\"https:\/\/www.youtube.com\/embed\/hj6zYGKQdqI?feature=oembed\" frameborder=\"0\" allow=\"accelerometer; autoplay; clipboard-write; encrypted-media; gyroscope; picture-in-picture\" allowfullscreen><\/iframe><\/div>\n<p>&nbsp;<\/p>\n<p>&nbsp;<\/p>\n<p>&nbsp;<\/p>\n<p>&nbsp;<\/p>","protected":false},"excerpt":{"rendered":"<p>is developed by ECOPAINT Corporation and is an ECO Product. The porous hose is made with granular material from the recycling of old tires. Suitable for small gardens, agriculture, irrigation, and construction. Ecological and sustainable product. ADVANTAGES Flexible Water savings up to 70% Free of Phthalate Made of recycling granulates of tires Fertilizers may be [&hellip;]<\/p>","protected":false},"featured_media":6068,"comment_status":"open","ping_status":"closed","template":"","meta":[],"product_cat":[775],"product_tag":[774,158,564,147,150,83,582],"aioseo_notices":[],"_links":{"self":[{"href":"https:\/\/ecopaint-corporation.com\/pt\/wp-json\/wp\/v2\/product\/6064"}],"collection":[{"href":"https:\/\/ecopaint-corporation.com\/pt\/wp-json\/wp\/v2\/product"}],"about":[{"href":"https:\/\/ecopaint-corporation.com\/pt\/wp-json\/wp\/v2\/types\/product"}],"replies":[{"embeddable":true,"href":"https:\/\/ecopaint-corporation.com\/pt\/wp-json\/wp\/v2\/comments?post=6064"}],"version-history":[{"count":1,"href":"https:\/\/ecopaint-corporation.com\/pt\/wp-json\/wp\/v2\/product\/6064\/revisions"}],"predecessor-version":[{"id":6069,"href":"https:\/\/ecopaint-corporation.com\/pt\/wp-json\/wp\/v2\/product\/6064\/revisions\/6069"}],"wp:featuredmedia":[{"embeddable":true,"href":"https:\/\/ecopaint-corporation.com\/pt\/wp-json\/wp\/v2\/media\/6068"}],"wp:attachment":[{"href":"https:\/\/ecopaint-corporation.com\/pt\/wp-json\/wp\/v2\/media?parent=6064"}],"wp:term":[{"taxonomy":"product_cat","embeddable":true,"href":"https:\/\/ecopaint-corporation.com\/pt\/wp-json\/wp\/v2\/product_cat?post=6064"},{"taxonomy":"product_tag","embeddable":true,"href":"https:\/\/ecopaint-corporation.com\/pt\/wp-json\/wp\/v2\/product_tag?post=6064"}],"curies":[{"name":"wp","href":"https:\/\/api.w.org\/{rel}","templated":true}]}}