{"id":6637,"date":"2022-01-13T15:04:31","date_gmt":"2022-01-13T15:04:31","guid":{"rendered":"https:\/\/ecopaint-corporation.com\/?post_type=product&#038;p=6637"},"modified":"2022-04-05T17:13:14","modified_gmt":"2022-04-05T16:13:14","slug":"rubber-master","status":"publish","type":"product","link":"https:\/\/ecopaint-corporation.com\/pt\/produto\/rubber-master\/","title":{"rendered":"Rubber Master &#038; Component B"},"content":{"rendered":"<h2 class=\"ecop\">\u00e9 desenvolvido pela ECOPAINT Corporation e \u00e9 um <strong>Produto ECO<\/strong>.<\/h2>\n<p>Gr\u00e2nulos de borracha reciclada, obtidos por moagem mec\u00e2nica \u00e0 temperatura ambiente de pneus em fim de vida.\u00a0<strong>100% borracha de pneu vulcanizada<\/strong>.<br \/>\nCOMPONENT B \u00e9 um aglutinante de poliuretano de um componente baseado em poli\u00f3is e MDI. Aparece como um l\u00edquido transparente sem materiais em suspens\u00e3o. O produto \u00e9 curado reagindo com umidade ambiente ou \u00e1gua.<\/p>\n<p><strong>DADOS T\u00c9CNICOS<br \/>\n<\/strong>Rubber Master<\/p>\n<ul>\n<li><strong>Forma F\u00edsica:<\/strong>: Part\u00edculas tipo cuboide<\/li>\n<li><strong>Dimens\u00e3o Nominal das Part\u00edculas<\/strong>: 4.0-6.0mm<\/li>\n<li><strong>Umidade<\/strong>: 0.05%<\/li>\n<li><strong>Part\u00edculas de A\u00e7o<\/strong>: \u22640.05%.<\/li>\n<li><strong>Textile Fiber Particles<\/strong>: \u2264 0.05%<\/li>\n<li><strong>Densidade<\/strong>: 0.45-0.5 Kg\/Dm3<\/li>\n<\/ul>\n<p><strong>APLICA\u00c7\u00d5ES<br \/>\n<\/strong><\/p>\n<ul>\n<li>Piso do gin\u00e1sio<\/li>\n<li>Quartos<\/li>\n<li>Passeios de rua<\/li>\n<li>Playgrounds<\/li>\n<li>Entre outros<\/li>\n<\/ul>\n<p>O COMPONENTE B \u00e9 usado como aglutinante para a produ\u00e7\u00e3o de borracha e aglomerados de corti\u00e7a a partir de gr\u00e2nulos de borracha reciclados ou EPDM.<b><br \/>\n<\/b>Para a produ\u00e7\u00e3o de aglomerados de borracha e corti\u00e7a, recomenda-se a utiliza\u00e7\u00e3o de 5 a 10% de COMPONENTE B, dependendo do tamanho e qualidade do granulado, do tipo de processo e das propriedades finais desejadas. O processo de produ\u00e7\u00e3o mais adequado \u00e9 a compress\u00e3o a quente. Para casos de produ\u00e7\u00e3o em temperatura ambiente, recomenda-se a adi\u00e7\u00e3o de \u00e1gua e\/ou catalisador.<\/p>\n<p><b>QUANTIDADE DE MISTURA<br \/>\n<\/b>Para cada 20kg de Rubber Master adicione 1L de Componente B.<\/p>\n<p><strong>VANTAGENS<br \/>\n<\/strong>MEIO AMBIENTE: Uma das vantagens da nossa cola, uma vez aplicada, mant\u00e9m o mesmo volume no molhado e depois no seco, sem liberar nenhum g\u00e1s nocivo para a atmosfera.<\/p>\n<p><b>ARMAZENAMENTO<br \/>\n<\/b>O COMPONENTE B deve ser armazenado na embalagem original, longe de umidade e luz solar direta. Em condi\u00e7\u00f5es adequadas de armazenamento e quando mantido em sua embalagem original lacrada, a qualidade do produto \u00e9 garantida por um per\u00edodo de 12 meses. A temperatura de armazenamento deve ser mantida entre 5 e 30o C. Em temperaturas muito baixas, a viscosidade aumenta significativamente, o que pode causar dificuldades de processamento.<br \/>\nConsulte a ficha de dados de seguran\u00e7a para obter informa\u00e7\u00f5es detalhadas sobre manuseio, armazenamento e descarte do produto.<\/p>\n<p><strong>MANUSEIO<br \/>\n<\/strong>O produto possui isocianatos na sua composi\u00e7\u00e3o, pelo que deve ser manuseado em locais com boas condi\u00e7\u00f5es de ventila\u00e7\u00e3o e\/ou extrac\u00e7\u00e3o de ar, nomeadamente quando utilizado a temperaturas elevadas. Sempre respeite as boas pr\u00e1ticas de sa\u00fade e seguran\u00e7a ao manusear produtos qu\u00edmicos. Evitar o contacto com os olhos e a inala\u00e7\u00e3o de vapores. Evite contato prolongado ou repetido com a pele.<\/p>\n<p>&nbsp;<\/p>","protected":false},"excerpt":{"rendered":"<p>is developed by ECOPAINT Corporation and is an ECO Product. Recycled rubber granules, obtained by mechanical grinding at room temperature of end-of-life tires.\u00a0100% vulcanized tire rubber. COMPONENT B is a one-component polyurethane binder based on polyols and MDI. It appears as a transparent liquid with no suspended materials. The product is cured by reacting with [&hellip;]<\/p>","protected":false},"featured_media":6670,"comment_status":"open","ping_status":"closed","template":"","meta":[],"product_cat":[49,24],"product_tag":[774,158,564,147,150,83,582],"aioseo_notices":[],"_links":{"self":[{"href":"https:\/\/ecopaint-corporation.com\/pt\/wp-json\/wp\/v2\/product\/6637"}],"collection":[{"href":"https:\/\/ecopaint-corporation.com\/pt\/wp-json\/wp\/v2\/product"}],"about":[{"href":"https:\/\/ecopaint-corporation.com\/pt\/wp-json\/wp\/v2\/types\/product"}],"replies":[{"embeddable":true,"href":"https:\/\/ecopaint-corporation.com\/pt\/wp-json\/wp\/v2\/comments?post=6637"}],"version-history":[{"count":1,"href":"https:\/\/ecopaint-corporation.com\/pt\/wp-json\/wp\/v2\/product\/6637\/revisions"}],"predecessor-version":[{"id":6643,"href":"https:\/\/ecopaint-corporation.com\/pt\/wp-json\/wp\/v2\/product\/6637\/revisions\/6643"}],"wp:featuredmedia":[{"embeddable":true,"href":"https:\/\/ecopaint-corporation.com\/pt\/wp-json\/wp\/v2\/media\/6670"}],"wp:attachment":[{"href":"https:\/\/ecopaint-corporation.com\/pt\/wp-json\/wp\/v2\/media?parent=6637"}],"wp:term":[{"taxonomy":"product_cat","embeddable":true,"href":"https:\/\/ecopaint-corporation.com\/pt\/wp-json\/wp\/v2\/product_cat?post=6637"},{"taxonomy":"product_tag","embeddable":true,"href":"https:\/\/ecopaint-corporation.com\/pt\/wp-json\/wp\/v2\/product_tag?post=6637"}],"curies":[{"name":"wp","href":"https:\/\/api.w.org\/{rel}","templated":true}]}}