{"id":6673,"date":"2022-01-17T15:29:29","date_gmt":"2022-01-17T15:29:29","guid":{"rendered":"https:\/\/ecopaint-corporation.com\/?post_type=product&#038;p=6673"},"modified":"2022-04-01T16:01:15","modified_gmt":"2022-04-01T15:01:15","slug":"master-stone-component-b","status":"publish","type":"product","link":"https:\/\/ecopaint-corporation.com\/pt\/produto\/master-stone-component-b\/","title":{"rendered":"Master Stone &#038; Component B"},"content":{"rendered":"<h2 class=\"ecop\">\u00e9 desenvolvido pela ECOPAINT Corporation e \u00e9 um <strong>Produto ECO<\/strong>.<\/h2>\n<p>Calc\u00e1rio usado para produzir vigas, concreto, lajes e tamb\u00e9m \u00e9 adequado para decora\u00e7\u00e3o.<br \/>\nCOMPONENT B \u00e9 um aglutinante de poliuretano de um componente baseado em poli\u00f3is e MDI. Aparece como um l\u00edquido transparente sem materiais em suspens\u00e3o. O produto \u00e9 curado reagindo com umidade ambiente ou \u00e1gua.<\/p>\n<p><strong>APLICA\u00c7\u00d5ES<br \/>\n<\/strong><\/p>\n<ul>\n<li>Feixes<\/li>\n<li>Concreto<\/li>\n<li>Lajes<\/li>\n<li>Decora\u00e7\u00e3o<\/li>\n<\/ul>\n<p>O COMPONENTE B \u00e9 usado como aglutinante para a produ\u00e7\u00e3o de borracha e aglomerados de corti\u00e7a a partir de gr\u00e2nulos de borracha reciclados ou EPDM.<b><br \/>\n<\/b>Para a produ\u00e7\u00e3o de aglomerados de borracha e corti\u00e7a, recomenda-se a utiliza\u00e7\u00e3o de 5 a 10% de COMPONENTE B, dependendo do tamanho e qualidade do granulado, do tipo de processo e das propriedades finais desejadas. O processo de produ\u00e7\u00e3o mais adequado \u00e9 a compress\u00e3o a quente. Para casos de produ\u00e7\u00e3o em temperatura ambiente, recomenda-se a adi\u00e7\u00e3o de \u00e1gua e\/ou catalisador.<\/p>\n<p><b>QUANTIDADE DE MISTURA<br \/>\n<\/b>Para cada 20kg de Master Stone adicionar 2L de Componente B.<\/p>\n<p><strong>VANTAGENS<br \/>\n<\/strong>MEIO AMBIENTE: Uma das vantagens da nossa cola, uma vez aplicada, mant\u00e9m o mesmo volume no molhado e depois no seco, sem liberar nenhum g\u00e1s nocivo para a atmosfera.<\/p>\n<p><b>ARMAZENAMENTO<br \/>\n<\/b>O COMPONENTE B deve ser armazenado na embalagem original, longe de umidade e luz solar direta. Em condi\u00e7\u00f5es adequadas de armazenamento e quando mantido em sua embalagem original lacrada, a qualidade do produto \u00e9 garantida por um per\u00edodo de 12 meses. A temperatura de armazenamento deve ser mantida entre 5 e 30o C. Em temperaturas muito baixas, a viscosidade aumenta significativamente, o que pode causar dificuldades de processamento.<br \/>\nConsulte a ficha de dados de seguran\u00e7a para obter informa\u00e7\u00f5es detalhadas sobre manuseio, armazenamento e descarte do produto.<\/p>\n<p><strong>MANUSEIO<br \/>\n<\/strong>O produto possui isocianatos na sua composi\u00e7\u00e3o, pelo que deve ser manuseado em locais com boas condi\u00e7\u00f5es de ventila\u00e7\u00e3o e\/ou extrac\u00e7\u00e3o de ar, nomeadamente quando utilizado a temperaturas elevadas. Sempre respeite as boas pr\u00e1ticas de sa\u00fade e seguran\u00e7a ao manusear produtos qu\u00edmicos. Evitar o contacto com os olhos e a inala\u00e7\u00e3o de vapores. Evite contato prolongado ou repetido com a pele.<\/p>\n<p>&nbsp;<\/p>","protected":false},"excerpt":{"rendered":"<p>is developed by ECOPAINT Corporation and is an ECO Product. Limestone is used to produce beams, concrete, slabs and is also suitable for decoration. COMPONENT B is a one-component polyurethane binder based on polyols and MDI. It appears as a transparent liquid with no suspended materials. The product is cured by reacting with ambient humidity [&hellip;]<\/p>","protected":false},"featured_media":6676,"comment_status":"open","ping_status":"closed","template":"","meta":[],"product_cat":[49,24],"product_tag":[774,158,564,147,150,83,582],"aioseo_notices":[],"_links":{"self":[{"href":"https:\/\/ecopaint-corporation.com\/pt\/wp-json\/wp\/v2\/product\/6673"}],"collection":[{"href":"https:\/\/ecopaint-corporation.com\/pt\/wp-json\/wp\/v2\/product"}],"about":[{"href":"https:\/\/ecopaint-corporation.com\/pt\/wp-json\/wp\/v2\/types\/product"}],"replies":[{"embeddable":true,"href":"https:\/\/ecopaint-corporation.com\/pt\/wp-json\/wp\/v2\/comments?post=6673"}],"version-history":[{"count":1,"href":"https:\/\/ecopaint-corporation.com\/pt\/wp-json\/wp\/v2\/product\/6673\/revisions"}],"predecessor-version":[{"id":6679,"href":"https:\/\/ecopaint-corporation.com\/pt\/wp-json\/wp\/v2\/product\/6673\/revisions\/6679"}],"wp:featuredmedia":[{"embeddable":true,"href":"https:\/\/ecopaint-corporation.com\/pt\/wp-json\/wp\/v2\/media\/6676"}],"wp:attachment":[{"href":"https:\/\/ecopaint-corporation.com\/pt\/wp-json\/wp\/v2\/media?parent=6673"}],"wp:term":[{"taxonomy":"product_cat","embeddable":true,"href":"https:\/\/ecopaint-corporation.com\/pt\/wp-json\/wp\/v2\/product_cat?post=6673"},{"taxonomy":"product_tag","embeddable":true,"href":"https:\/\/ecopaint-corporation.com\/pt\/wp-json\/wp\/v2\/product_tag?post=6673"}],"curies":[{"name":"wp","href":"https:\/\/api.w.org\/{rel}","templated":true}]}}