{"id":6949,"date":"2022-03-29T15:42:03","date_gmt":"2022-03-29T14:42:03","guid":{"rendered":"https:\/\/ecopaint-corporation.com\/?post_type=product&#038;p=6949"},"modified":"2022-05-11T17:28:14","modified_gmt":"2022-05-11T16:28:14","slug":"cork-wood-decor","status":"publish","type":"product","link":"https:\/\/ecopaint-corporation.com\/pt\/produto\/cork-wood-decor\/","title":{"rendered":"Cork Wood Decor"},"content":{"rendered":"<h2 class=\"ecop\">\u00e9 desenvolvido pela <span style=\"color: #a6ce38;\">ECOPAINT Corporation<\/span> e \u00e9 um <strong>Produto ECO<\/strong>.<\/h2>\n<p class=\"p1\">Placa aglomerada de corti\u00e7a folheada a folha de madeira. Feito de aglomerado de corti\u00e7a de alta densidade, com uma camada intermedi\u00e1ria de papel reciclado e acabamento com um folheado de madeira que pode ser personalizado (de acordo com o design apresentado pelo cliente), com acabamento em verniz retardante de \u00e1gua e retardante de fogo. Muito f\u00e1cil de aplicar, pode ser colado diretamente na parede, usando\u00a0Velcro, em perfis \u00f4mega. Pode ser vendido com sistema macho\/f\u00eamea.<\/p>\n<p><strong>F\u00e1cil aplica\u00e7\u00e3o | Decora\u00e7\u00e3o | 100% recicl\u00e1vel | Isolamento T\u00e9rmico e Ac\u00fastico<\/strong><\/p>\n<p><strong>BENEF\u00cdCIOS<\/strong><\/p>\n<ul>\n<li>Excelente isolamento t\u00e9rmico, ac\u00fastico e decorativo<\/li>\n<li>\u00d3timo comportamento em grandes faixas de temperatura (-180 \u00b0 C a 120 \u00b0 C)<\/li>\n<li>Processo industrial 100% natural e sem aditivos<\/li>\n<li>Totalmente recicl\u00e1vel<\/li>\n<li>Sumidouro de CO2 (carbono negativo)<\/li>\n<li>Baixa energia incorporada<\/li>\n<\/ul>\n<p><strong>CARACTER\u00cdSTICAS<\/strong><\/p>\n<ul>\n<li><strong>Densidade:<\/strong>\u00a0+\/-130 kg\/m3<\/li>\n<li><strong>Condutividade t\u00e9rmica: <\/strong>\u03bb = 0,043 W\/m\u00b0C<\/li>\n<li><strong>Compress\u00e3o:<\/strong> 10%: 220KPa<\/li>\n<li><strong>Absor\u00e7\u00e3o de \u00e1gua por imers\u00e3o parcial:<\/strong> 0,17Kg\/m2<\/li>\n<li><strong>Rea\u00e7\u00e3o ao fogo:<\/strong> Euroclass E<\/li>\n<\/ul>\n<p>&nbsp;<\/p>\n<p><img fetchpriority=\"high\" decoding=\"async\" class=\"alignleft wp-image-6969\" src=\"https:\/\/ecopaint-corporation.com\/wp-content\/uploads\/2022\/03\/PADR\u00c3O-COLORIDO-DEITADO-225x300.png\" alt=\"\" width=\"310\" height=\"413\" srcset=\"https:\/\/ecopaint-corporation.com\/wp-content\/uploads\/2022\/03\/PADR\u00c3O-COLORIDO-DEITADO-225x300.png 225w, https:\/\/ecopaint-corporation.com\/wp-content\/uploads\/2022\/03\/PADR\u00c3O-COLORIDO-DEITADO-768x1024.png 768w, https:\/\/ecopaint-corporation.com\/wp-content\/uploads\/2022\/03\/PADR\u00c3O-COLORIDO-DEITADO-113x150.png 113w, https:\/\/ecopaint-corporation.com\/wp-content\/uploads\/2022\/03\/PADR\u00c3O-COLORIDO-DEITADO-1152x1536.png 1152w, https:\/\/ecopaint-corporation.com\/wp-content\/uploads\/2022\/03\/PADR\u00c3O-COLORIDO-DEITADO-1536x2048.png 1536w, https:\/\/ecopaint-corporation.com\/wp-content\/uploads\/2022\/03\/PADR\u00c3O-COLORIDO-DEITADO-600x800.png 600w\" sizes=\"(max-width: 310px) 100vw, 310px\" \/><\/p>\n<p>&nbsp;<\/p>\n<p>&nbsp;<\/p>\n<p>&nbsp;<\/p>\n<p><strong>Dimens\u00e3o das placas:\u00a0<\/strong>1000x500mm(male\/female)<\/p>\n<p><strong>Espessura: <\/strong>Until 100mm<\/p>\n<p>&nbsp;<\/p>\n<p>&nbsp;<\/p>\n<p>&nbsp;<\/p>\n<p>&nbsp;<\/p>\n<p>&nbsp;<\/p>\n<p>&nbsp;<\/p>\n<p>&nbsp;<\/p>","protected":false},"excerpt":{"rendered":"<p>is developed by ECOPAINT Corporation and is an ECO Product. Agglomerated cork board veneered with wood veneer.\u00a0Made of high-density agglomerated cork, with an intermediate\u00a0layer of recycled paper and finished with a wood veneer that can\u00a0be customized (according to the design presented by the\u00a0customer), with a water-retardant, fire-retardant varnish finish.\u00a0Very easy to apply, it can be [&hellip;]<\/p>","protected":false},"featured_media":6975,"comment_status":"open","ping_status":"closed","template":"","meta":[],"product_cat":[49,24],"product_tag":[728,264,721,151,210,150,720,724,181,722,90,725,180,727,723,726],"aioseo_notices":[],"_links":{"self":[{"href":"https:\/\/ecopaint-corporation.com\/pt\/wp-json\/wp\/v2\/product\/6949"}],"collection":[{"href":"https:\/\/ecopaint-corporation.com\/pt\/wp-json\/wp\/v2\/product"}],"about":[{"href":"https:\/\/ecopaint-corporation.com\/pt\/wp-json\/wp\/v2\/types\/product"}],"replies":[{"embeddable":true,"href":"https:\/\/ecopaint-corporation.com\/pt\/wp-json\/wp\/v2\/comments?post=6949"}],"version-history":[{"count":1,"href":"https:\/\/ecopaint-corporation.com\/pt\/wp-json\/wp\/v2\/product\/6949\/revisions"}],"predecessor-version":[{"id":6965,"href":"https:\/\/ecopaint-corporation.com\/pt\/wp-json\/wp\/v2\/product\/6949\/revisions\/6965"}],"wp:featuredmedia":[{"embeddable":true,"href":"https:\/\/ecopaint-corporation.com\/pt\/wp-json\/wp\/v2\/media\/6975"}],"wp:attachment":[{"href":"https:\/\/ecopaint-corporation.com\/pt\/wp-json\/wp\/v2\/media?parent=6949"}],"wp:term":[{"taxonomy":"product_cat","embeddable":true,"href":"https:\/\/ecopaint-corporation.com\/pt\/wp-json\/wp\/v2\/product_cat?post=6949"},{"taxonomy":"product_tag","embeddable":true,"href":"https:\/\/ecopaint-corporation.com\/pt\/wp-json\/wp\/v2\/product_tag?post=6949"}],"curies":[{"name":"wp","href":"https:\/\/api.w.org\/{rel}","templated":true}]}}