{"id":7024,"date":"2022-04-22T14:58:06","date_gmt":"2022-04-22T13:58:06","guid":{"rendered":"https:\/\/ecopaint-corporation.com\/?post_type=product&#038;p=7024"},"modified":"2022-05-11T17:08:22","modified_gmt":"2022-05-11T16:08:22","slug":"3d-cork","status":"publish","type":"product","link":"https:\/\/ecopaint-corporation.com\/pt\/produto\/3d-cork\/","title":{"rendered":"3D Cork"},"content":{"rendered":"<h2 class=\"ecop\">\u00e9 desenvolvido pela <span style=\"color: #a6ce38;\">ECOPAINT Corporation<\/span> e \u00e9 um <strong>Produto ECO<\/strong>.<\/h2>\n<p class=\"p1\">Produto constitu\u00eddo por gr\u00e2nulos de corti\u00e7a com uma\u00a0granulometria e massa volum\u00e9trica espec\u00edfica e predeterminada\u00a0por uma a\u00e7\u00e3o conjunta de press\u00e3o, temperatura e um agente ligante (resinas de poliuretano sint\u00e9tico). A mistura \u00e9 medida, colocada em moldes e prensada sob certa compress\u00e3o.<\/p>\n<p class=\"p1\"><strong>F\u00e1cil aplica\u00e7\u00e3o | Decora\u00e7\u00e3o | 100% recicl\u00e1vel | Isolamento T\u00e9rmico e Ac\u00fastico<\/strong><\/p>\n<p><strong>APLICA\u00c7\u00d5ES PRINCIPAIS<\/strong><\/p>\n<ul>\n<li>Elemento decorativo para tetos e paredes<\/li>\n<li>Insonoriza\u00e7\u00e3o<\/li>\n<li>Isolamento t\u00e9rmico e ac\u00fastico de paredes<\/li>\n<li>Isolamento t\u00e9rmico e ac\u00fastico de estruturas de concreto<\/li>\n<\/ul>\n<p><strong>INDICADORES ECOL\u00d3GICOS<\/strong><\/p>\n<ul>\n<li>Baixa energia incorporada<\/li>\n<li>Sequestro de carbono (reduz o efeito estufa)<\/li>\n<li>100% recicl\u00e1vel<\/li>\n<li>Produto local<\/li>\n<\/ul>\n<p><strong>CARACTER\u00cdSTICAS<\/strong><\/p>\n<ul>\n<li><strong>Densidade:<\/strong>\u00a0de 320 a 400<\/li>\n<li><strong>Condutividade t\u00e9rmica:\u00a0<\/strong>0.040 W\/m<\/li>\n<li><strong>Compress\u00e3o:<\/strong>\u00a0\u2265 1000KPa<\/li>\n<li><strong>Redu\u00e7\u00e3o de ru\u00eddo de percuss\u00e3o (2mm): <\/strong>16 dB (teste ITECONS)<\/li>\n<li><strong>Rea\u00e7\u00e3o ao fogo:<\/strong> Euroclass E<\/li>\n<\/ul>\n<p>&nbsp;<\/p>\n<p><img fetchpriority=\"high\" decoding=\"async\" class=\"size-medium wp-image-7032 alignleft\" src=\"https:\/\/ecopaint-corporation.com\/wp-content\/uploads\/2022\/04\/3D-cork-red1-300x300.png\" alt=\"\" width=\"300\" height=\"300\" srcset=\"https:\/\/ecopaint-corporation.com\/wp-content\/uploads\/2022\/04\/3D-cork-red1-300x300.png 300w, https:\/\/ecopaint-corporation.com\/wp-content\/uploads\/2022\/04\/3D-cork-red1-150x150.png 150w, https:\/\/ecopaint-corporation.com\/wp-content\/uploads\/2022\/04\/3D-cork-red1-768x768.png 768w, https:\/\/ecopaint-corporation.com\/wp-content\/uploads\/2022\/04\/3D-cork-red1-600x600.png 600w, https:\/\/ecopaint-corporation.com\/wp-content\/uploads\/2022\/04\/3D-cork-red1-100x100.png 100w, https:\/\/ecopaint-corporation.com\/wp-content\/uploads\/2022\/04\/3D-cork-red1.png 1024w\" sizes=\"(max-width: 300px) 100vw, 300px\" \/><\/p>\n<p>&nbsp;<\/p>\n<p>&nbsp;<\/p>\n<p><strong>Dimens\u00e3o das placas:\u00a0<\/strong>500mm x 500mm x 40mm<\/p>\n<p><strong>Espessura: <\/strong>De 40mm a 80mm<\/p>\n<p>&nbsp;<\/p>\n<p>&nbsp;<\/p>\n<p>&nbsp;<\/p>\n<p>&nbsp;<\/p>\n<p>&nbsp;<\/p>\n<p>&nbsp;<\/p>\n<p>&nbsp;<\/p>","protected":false},"excerpt":{"rendered":"<p>is developed by ECOPAINT Corporation and is an ECO Product. Product consisting of cork granules with a\u00a0specific and predetermined granulometry and volume mass\u00a0by a joint action of pressure, temperature and a binding agent (synthetic polyurethane resins). The mixture is measured, placed in molds and pressed under certain compression. Easy application | Decoration | 100% recyclable [&hellip;]<\/p>","protected":false},"featured_media":7051,"comment_status":"open","ping_status":"closed","template":"","meta":[],"product_cat":[49,24],"product_tag":[728,264,721,151,210,150,720,724,181,722,90,725,180,727,723,726],"aioseo_notices":[],"_links":{"self":[{"href":"https:\/\/ecopaint-corporation.com\/pt\/wp-json\/wp\/v2\/product\/7024"}],"collection":[{"href":"https:\/\/ecopaint-corporation.com\/pt\/wp-json\/wp\/v2\/product"}],"about":[{"href":"https:\/\/ecopaint-corporation.com\/pt\/wp-json\/wp\/v2\/types\/product"}],"replies":[{"embeddable":true,"href":"https:\/\/ecopaint-corporation.com\/pt\/wp-json\/wp\/v2\/comments?post=7024"}],"version-history":[{"count":1,"href":"https:\/\/ecopaint-corporation.com\/pt\/wp-json\/wp\/v2\/product\/7024\/revisions"}],"predecessor-version":[{"id":7034,"href":"https:\/\/ecopaint-corporation.com\/pt\/wp-json\/wp\/v2\/product\/7024\/revisions\/7034"}],"wp:featuredmedia":[{"embeddable":true,"href":"https:\/\/ecopaint-corporation.com\/pt\/wp-json\/wp\/v2\/media\/7051"}],"wp:attachment":[{"href":"https:\/\/ecopaint-corporation.com\/pt\/wp-json\/wp\/v2\/media?parent=7024"}],"wp:term":[{"taxonomy":"product_cat","embeddable":true,"href":"https:\/\/ecopaint-corporation.com\/pt\/wp-json\/wp\/v2\/product_cat?post=7024"},{"taxonomy":"product_tag","embeddable":true,"href":"https:\/\/ecopaint-corporation.com\/pt\/wp-json\/wp\/v2\/product_tag?post=7024"}],"curies":[{"name":"wp","href":"https:\/\/api.w.org\/{rel}","templated":true}]}}