{"id":7074,"date":"2022-05-10T14:16:10","date_gmt":"2022-05-10T13:16:10","guid":{"rendered":"https:\/\/ecopaint-corporation.com\/?post_type=product&#038;p=7074"},"modified":"2022-05-31T14:37:00","modified_gmt":"2022-05-31T13:37:00","slug":"eco-protect","status":"publish","type":"product","link":"https:\/\/ecopaint-corporation.com\/pt\/produto\/eco-protect\/","title":{"rendered":"Eco Protect"},"content":{"rendered":"<h2 class=\"ecop\">\u00e9 desenvolvido pela <span style=\"color: #a6ce38;\">ECOPAINT Corporation<\/span> e \u00e9 um <strong>Produto ECO<\/strong>.<\/h2>\n<p>Tratamento repelente de sujeira e refor\u00e7o para concreto, tijolo, madeira e outras superf\u00edcies.<br \/>\nAumente a vida \u00fatil e reduza a manuten\u00e7\u00e3o intensiva de m\u00e3o de obra de superf\u00edcies, o ECO PROTECT oferece prote\u00e7\u00e3o duradoura para uma ampla variedade de superf\u00edcies de constru\u00e7\u00e3o. Os benef\u00edcios incluem maior resist\u00eancia e durabilidade, propriedades anti-incrustantes e repelentes de sujeira. Nossas formula\u00e7\u00f5es s\u00e3o hidrof\u00edlicas e baseadas em ingredientes naturais para ajudar a reduzir o uso de produtos qu\u00edmicos nocivos e a manuten\u00e7\u00e3o trabalhosa.<\/p>\n<p><strong>Maior resist\u00eancia e durabilidade, | Propriedades anti-incrustantes e repelentes de sujeira | Menos custo para voc\u00ea e menos custo para o meio ambiente.<\/strong><\/p>\n<p><strong>BENEF\u00cdCIOS<\/strong><\/p>\n<ul>\n<li><strong>Repel\u00eancia de sujeira e autolimpeza:<\/strong> Melhore a condi\u00e7\u00e3o e aumente a longevidade do material<\/li>\n<li><strong>Durabilidade e fortalecimento:<\/strong> Aumentar a expectativa de vida de materiais de constru\u00e7\u00e3o e superf\u00edcies<\/li>\n<li><strong>Secagem r\u00e1pida:<\/strong> Menos manchas e incrusta\u00e7\u00f5es<\/li>\n<li><strong>Super Hidrofilicidade:<\/strong> Em compara\u00e7\u00e3o com os revestimentos hidrof\u00f3bicos, a hidrofilicidade cria um efeito de autolimpeza eficaz<\/li>\n<\/ul>\n<p><strong>PROPRIEDADES<\/strong><\/p>\n<ul>\n<li><strong>Apar\u00eancia visual:<\/strong> L\u00edquido ligeiramente turvo, ligeiramente azul<\/li>\n<li><strong>Conte\u00fado seco:\u00a0<\/strong>7 wt%<\/li>\n<li><strong>pH:<\/strong>\u00a08 &#8211; 10<\/li>\n<li><strong>Densidade: <\/strong>1,1 g\/cc<\/li>\n<li><strong>Viscosidade:<\/strong>\u00a0&lt;50 mPa\u00b7s (como \u00e1gua)<\/li>\n<li><strong>Odor:\u00a0<\/strong>fraco<\/li>\n<\/ul>\n<p><b>UTILIZA\u00c7\u00c3O<\/b><\/p>\n<p>ECO PROTECT \u00e9 um tratamento anti-sujidade e refor\u00e7o para a absor\u00e7\u00e3o de superf\u00edcies minerais como bet\u00e3o, gesso e tijolo e madeira. Proporciona um efeito super hidrof\u00edlico. O consumo normal \u00e9 de cerca de 0,1 litro por metro quadrado.<\/p>\n<p><b>COMO APLICAR<\/b><\/p>\n<p>A superf\u00edcie a ser tratada com ECO PROTECT deve estar limpa e seca. Aplicar com pulverizador de baixa press\u00e3o ou pincel. Certifique-se de que o l\u00edquido seja absorvido pela superf\u00edcie e evite o ac\u00famulo de l\u00edquido.<br \/>\nO tratamento deve ser feito a uma temperatura superior a 5\u00b0C e sem precipita\u00e7\u00e3o. Proteja as superf\u00edcies que n\u00e3o devem ser tratadas, pois podem ocorrer manchas em superf\u00edcies n\u00e3o absorventes. Um teste antes do tratamento deve sempre ser realizado em uma superf\u00edcie invis\u00edvel para determinar o n\u00edvel de poss\u00edvel descolora\u00e7\u00e3o e colora\u00e7\u00e3o. Deixe a superf\u00edcie secar antes de tocar.<\/p>\n<p><strong>ARMAZENAMENTO, MANUSEIO E EMBALAGEM<\/strong><\/p>\n<p>ECO PROTECT \u00e9 sens\u00edvel ao congelamento e deve ser armazenado a 5 \u2013 35\u00b0C em um recipiente fechado feito de um material n\u00e3o corrosivo, como pl\u00e1stico. Alum\u00ednio, cobre e a\u00e7o n\u00e3o tratado devem ser evitados. A vida \u00fatil \u00e9 de pelo menos 24 meses a partir da produ\u00e7\u00e3o nas condi\u00e7\u00f5es de armazenamento recomendadas.<\/p>\n<p>&nbsp;<\/p>\n<p>&nbsp;<\/p>\n<p>&nbsp;<\/p>","protected":false},"excerpt":{"rendered":"<p>is developed by ECOPAINT Corporation and is an ECO Product. Dirt repellent and reinforcing treatment for concrete, brick, wood, and\u00a0other surfaces. Increase lifespan &amp; Reduce labor-intensive maintenance of surfaces, ECO PROTECT offers long-lasting protection for a wide variety of building surfaces. Benefits include increased strength &amp; durability, anti-fouling &amp; dirt-repellent properties. Our formulations are hydrophilic [&hellip;]<\/p>","protected":false},"featured_media":7075,"comment_status":"open","ping_status":"closed","template":"","meta":[],"product_cat":[49,24],"product_tag":[728,264,721,151,210,150,720,724,181,722,90,725,180,727,723,726],"aioseo_notices":[],"_links":{"self":[{"href":"https:\/\/ecopaint-corporation.com\/pt\/wp-json\/wp\/v2\/product\/7074"}],"collection":[{"href":"https:\/\/ecopaint-corporation.com\/pt\/wp-json\/wp\/v2\/product"}],"about":[{"href":"https:\/\/ecopaint-corporation.com\/pt\/wp-json\/wp\/v2\/types\/product"}],"replies":[{"embeddable":true,"href":"https:\/\/ecopaint-corporation.com\/pt\/wp-json\/wp\/v2\/comments?post=7074"}],"version-history":[{"count":1,"href":"https:\/\/ecopaint-corporation.com\/pt\/wp-json\/wp\/v2\/product\/7074\/revisions"}],"predecessor-version":[{"id":7084,"href":"https:\/\/ecopaint-corporation.com\/pt\/wp-json\/wp\/v2\/product\/7074\/revisions\/7084"}],"wp:featuredmedia":[{"embeddable":true,"href":"https:\/\/ecopaint-corporation.com\/pt\/wp-json\/wp\/v2\/media\/7075"}],"wp:attachment":[{"href":"https:\/\/ecopaint-corporation.com\/pt\/wp-json\/wp\/v2\/media?parent=7074"}],"wp:term":[{"taxonomy":"product_cat","embeddable":true,"href":"https:\/\/ecopaint-corporation.com\/pt\/wp-json\/wp\/v2\/product_cat?post=7074"},{"taxonomy":"product_tag","embeddable":true,"href":"https:\/\/ecopaint-corporation.com\/pt\/wp-json\/wp\/v2\/product_tag?post=7074"}],"curies":[{"name":"wp","href":"https:\/\/api.w.org\/{rel}","templated":true}]}}