{"id":7085,"date":"2022-05-11T10:41:56","date_gmt":"2022-05-11T09:41:56","guid":{"rendered":"https:\/\/ecopaint-corporation.com\/?post_type=product&#038;p=7085"},"modified":"2022-05-20T16:36:44","modified_gmt":"2022-05-20T15:36:44","slug":"eco-nature-olive-pits","status":"publish","type":"product","link":"https:\/\/ecopaint-corporation.com\/pt\/produto\/eco-nature-olive-pits\/","title":{"rendered":"Eco Nature \u2013 caro\u00e7os de azeitona"},"content":{"rendered":"<h2 class=\"ecop\">\u00e9 desenvolvido pela <span style=\"color: #a6ce38;\">ECOPAINT Corporation<\/span> e \u00e9 um <strong>Produto ECO<\/strong>.<\/h2>\n<p>Os caro\u00e7os de azeitona s\u00e3o um subproduto da produ\u00e7\u00e3o de azeite. Os gr\u00e2nulos de pedra de azeitona n\u00e3o flutuam e s\u00e3o um material dur\u00e1vel e regulador de temperatura. Para produzir os nossos caro\u00e7os de caro\u00e7o de azeitona, os caro\u00e7os s\u00e3o cuidadosamente secos e depois triturados (mo\u00eddos) para obter um gr\u00e3o fino, tornando-os adequados para a cria\u00e7\u00e3o de objetos decorativos, entre outras aplica\u00e7\u00f5es. Eles s\u00e3o completamente naturais e ambientalmente \u201csaud\u00e1veis\u201d. S\u00e3o totalmente biodegrad\u00e1veis e n\u00e3o representam nenhum risco para os nossos rios ou oceanos.<\/p>\n<p><strong>100% Natural | Resistente ao fogo | Durabilidade | Biodegrad\u00e1vel | Seguro para rios ou oceanos<\/strong><\/p>\n<p><strong>CARACTER\u00cdSTICAS<\/strong><\/p>\n<ul>\n<li>Durabilidade<\/li>\n<li>Propriedades de drenagem ideais<\/li>\n<li>Compost\u00e1vel<\/li>\n<li>O material n\u00e3o flutua e \u00e9 termorregulador<\/li>\n<li>Granulometria: p\u00f3 at\u00e9 2mm<\/li>\n<\/ul>\n<p><b>APLICA\u00c7\u00c3O<\/b><\/p>\n<p>Dada sua rigidez e resist\u00eancia a choques, pode ser\u00a0aplicado em m\u00f3veis, decora\u00e7\u00e3o de paredes e tetos,\u00a0entre muitas outras aplica\u00e7\u00f5es.<br \/>\nNo momento, temos 6 placas decorativas para\u00a0diferentes aplica\u00e7\u00f5es.<\/p>\n<p>&nbsp;<\/p>\n<p><img fetchpriority=\"high\" decoding=\"async\" class=\"size-medium wp-image-7104 alignleft\" src=\"https:\/\/ecopaint-corporation.com\/wp-content\/uploads\/2022\/05\/PECA-2-CAROCO-AZEITONA-1-1-300x300.jpg\" alt=\"\" width=\"300\" height=\"300\" srcset=\"https:\/\/ecopaint-corporation.com\/wp-content\/uploads\/2022\/05\/PECA-2-CAROCO-AZEITONA-1-1-300x300.jpg 300w, https:\/\/ecopaint-corporation.com\/wp-content\/uploads\/2022\/05\/PECA-2-CAROCO-AZEITONA-1-1-150x150.jpg 150w, https:\/\/ecopaint-corporation.com\/wp-content\/uploads\/2022\/05\/PECA-2-CAROCO-AZEITONA-1-1-768x768.jpg 768w, https:\/\/ecopaint-corporation.com\/wp-content\/uploads\/2022\/05\/PECA-2-CAROCO-AZEITONA-1-1-12x12.jpg 12w, https:\/\/ecopaint-corporation.com\/wp-content\/uploads\/2022\/05\/PECA-2-CAROCO-AZEITONA-1-1-600x600.jpg 600w, https:\/\/ecopaint-corporation.com\/wp-content\/uploads\/2022\/05\/PECA-2-CAROCO-AZEITONA-1-1-100x100.jpg 100w, https:\/\/ecopaint-corporation.com\/wp-content\/uploads\/2022\/05\/PECA-2-CAROCO-AZEITONA-1-1.jpg 1024w\" sizes=\"(max-width: 300px) 100vw, 300px\" \/><\/p>\n<p>&nbsp;<\/p>\n<p>&nbsp;<\/p>\n<p>&nbsp;<\/p>\n<p><strong>Dimens\u00e3o da placa:<\/strong> 27cm x 27cm x 2cm<\/p>\n<p>&nbsp;<\/p>\n<p>&nbsp;<\/p>\n<p>&nbsp;<\/p>\n<p>&nbsp;<\/p>\n<p>&nbsp;<\/p>\n<p>&nbsp;<\/p>","protected":false},"excerpt":{"rendered":"<p>is developed by ECOPAINT Corporation and is an ECO Product. Olive pits are a by-product of olive oil production. Olive stone granules do not float and are a durable, temperature regulating material. To produce our olive stone kernels, the stones are carefully dried and then crushed (ground) to obtain a fine grain, making them suitable [&hellip;]<\/p>","protected":false},"featured_media":7087,"comment_status":"open","ping_status":"closed","template":"","meta":[],"product_cat":[49,24],"product_tag":[728,264,721,151,210,150,720,724,181,722,90,725,180,727,723,726],"aioseo_notices":[],"_links":{"self":[{"href":"https:\/\/ecopaint-corporation.com\/pt\/wp-json\/wp\/v2\/product\/7085"}],"collection":[{"href":"https:\/\/ecopaint-corporation.com\/pt\/wp-json\/wp\/v2\/product"}],"about":[{"href":"https:\/\/ecopaint-corporation.com\/pt\/wp-json\/wp\/v2\/types\/product"}],"replies":[{"embeddable":true,"href":"https:\/\/ecopaint-corporation.com\/pt\/wp-json\/wp\/v2\/comments?post=7085"}],"version-history":[{"count":1,"href":"https:\/\/ecopaint-corporation.com\/pt\/wp-json\/wp\/v2\/product\/7085\/revisions"}],"predecessor-version":[{"id":7086,"href":"https:\/\/ecopaint-corporation.com\/pt\/wp-json\/wp\/v2\/product\/7085\/revisions\/7086"}],"wp:featuredmedia":[{"embeddable":true,"href":"https:\/\/ecopaint-corporation.com\/pt\/wp-json\/wp\/v2\/media\/7087"}],"wp:attachment":[{"href":"https:\/\/ecopaint-corporation.com\/pt\/wp-json\/wp\/v2\/media?parent=7085"}],"wp:term":[{"taxonomy":"product_cat","embeddable":true,"href":"https:\/\/ecopaint-corporation.com\/pt\/wp-json\/wp\/v2\/product_cat?post=7085"},{"taxonomy":"product_tag","embeddable":true,"href":"https:\/\/ecopaint-corporation.com\/pt\/wp-json\/wp\/v2\/product_tag?post=7085"}],"curies":[{"name":"wp","href":"https:\/\/api.w.org\/{rel}","templated":true}]}}