{"id":7121,"date":"2022-05-13T16:59:31","date_gmt":"2022-05-13T15:59:31","guid":{"rendered":"https:\/\/ecopaint-corporation.com\/?post_type=product&#038;p=7121"},"modified":"2022-07-14T18:01:42","modified_gmt":"2022-07-14T17:01:42","slug":"eco-asphalt-flex","status":"publish","type":"product","link":"https:\/\/ecopaint-corporation.com\/pt\/produto\/eco-asphalt-flex\/","title":{"rendered":"Eco Asphalt FLEX"},"content":{"rendered":"<h2 class=\"ecop\">\u00e9 desenvolvido pela <span style=\"color: #a6ce38;\">ECOPAINT Corporation<\/span> e \u00e9 um <strong>Produto ECO<\/strong>.<\/h2>\n<p><strong>Asfalto de Repara\u00e7\u00e3o Ecol\u00f3gico \u2013 <span style=\"color: #ff6600;\">O mais resistente<\/span><\/strong><\/p>\n<p>Mistura asf\u00e1ltica ecol\u00f3gica feita com p\u00f3 de pneu reutilizado. Perfeito para realizar trabalhos com menor espessura, pois \u00e9 uma mistura mais fina e fluida. O Eco Asphalt FLEX tamb\u00e9m apresenta um tipo de acabamento mais liso, mais est\u00e9tico e muito menos rugoso; alcan\u00e7ando o atraente efeito \u201cespelho negro\u201d.<br \/>\nA utiliza\u00e7\u00e3o de p\u00f3 de pneus permite reduzir o fendilhamento das estradas e assim prolongar a vida \u00fatil das mesmas. Al\u00e9m de apresentar alta resist\u00eancia ao desgaste, condi\u00e7\u00f5es clim\u00e1ticas extremas e agress\u00f5es qu\u00edmicas.<\/p>\n<p><strong>Perfeito para todos os tipos de reabilita\u00e7\u00e3o | Aplica\u00e7\u00e3o r\u00e1pida e f\u00e1cil | Produto ecol\u00f3gico<\/strong><\/p>\n<p><strong>CARACTER\u00cdSTICAS<\/strong><\/p>\n<ul>\n<li>Pronto a usar. N\u00e3o necessita de tratamento pr\u00e9vio;<\/li>\n<li>F\u00e1cil de aplicar;<\/li>\n<li>N\u00e3o h\u00e1 necessidade de ferramentas;<\/li>\n<li>Pode ser estendido a temperaturas extremas, desde -30 at\u00e9 50 \u00b0C;<\/li>\n<li>Pode ser aplicado com chuva, pois repele a \u00e1gua;<\/li>\n<li>Uma vez aplicado, pode ser imediatamente aberto ao tr\u00e1fego, pois os pr\u00f3prios ve\u00edculos ajudam a cur\u00e1-lo.<\/li>\n<\/ul>\n<p><b>VANTAGENS<\/b><\/p>\n<ul>\n<li>Longo tempo de armazenamento;<\/li>\n<li>Uma vez aberto o recipiente, podemos reutiliz\u00e1-lo em outras ocasi\u00f5es;<\/li>\n<li>Produto org\u00e2nico;<\/li>\n<li>Devido \u00e0 presen\u00e7a de borracha, a mistura asf\u00e1ltica ajuda a reduzir o ru\u00eddo gerado;<\/li>\n<li>Em seu processo de fabrica\u00e7\u00e3o completo geramos 10 vezes menos pegada de carbono.<\/li>\n<\/ul>\n<p><b>APLICA\u00c7\u00d5ES<\/b><\/p>\n<ul>\n<li>Repara\u00e7\u00e3o de buracos em estradas, ruas, garagens, estacionamentos, etc.<\/li>\n<li>Enchimento de valas, balizamento de zonas, sinaliza\u00e7\u00e3o, repara\u00e7\u00e3o de esgotos e bueiros, etc.<\/li>\n<li>\u00c9 recomendado para qualquer \u00e1rea onde deva ser colocado aglomerado asf\u00e1ltico e, devido \u00e0 sua pequena quantidade, n\u00e3o \u00e9 vi\u00e1vel a mobiliza\u00e7\u00e3o de m\u00e1quinas para sua coloca\u00e7\u00e3o.<\/li>\n<li>Pode ser utilizado em suportes betuminosos, bet\u00e3o (rega de ader\u00eancia pr\u00e9via), gravilha, etc.<\/li>\n<li>Em \u00e1reas de aplica\u00e7\u00e3o com superf\u00edcie superior a 0,50 cm, <a href=\"https:\/\/ecopaint-corporation.com\/pt\/produto\/renew-pri\/\">o primer RENEW PRI<\/a> deve ser aplicado.<\/li>\n<\/ul>\n<p><strong>INSTRU\u00c7\u00d5ES DE APLICA\u00c7\u00c3O<\/strong><\/p>\n<ul>\n<li>Limpe a superf\u00edcie para trabalhar.<\/li>\n<li>Esvazie o saco de Eco Asphalt FLEX.<\/li>\n<li>Expanda o produto na \u00e1rea de trabalho.<\/li>\n<\/ul>\n<p>&nbsp;<\/p>\n<p>&nbsp;<\/p>\n<p>&nbsp;<\/p>\n<p>&nbsp;<\/p>","protected":false},"excerpt":{"rendered":"<p>is developed by ECOPAINT Corporation and is an ECO Product. Ecological Repair Asphalt &#8211; The most resistant Ecological asphalt mixture made from reused tire powder. Perfect for carrying out works with a smaller thickness since it is a finer and more fluid mixture. Eco Asphalt FLEX also presents a type of finish that is smoother, [&hellip;]<\/p>","protected":false},"featured_media":7122,"comment_status":"open","ping_status":"closed","template":"","meta":[],"product_cat":[778],"product_tag":[728,264,721,151,210,150,724,181,722,90,725,180,727,723],"aioseo_notices":[],"_links":{"self":[{"href":"https:\/\/ecopaint-corporation.com\/pt\/wp-json\/wp\/v2\/product\/7121"}],"collection":[{"href":"https:\/\/ecopaint-corporation.com\/pt\/wp-json\/wp\/v2\/product"}],"about":[{"href":"https:\/\/ecopaint-corporation.com\/pt\/wp-json\/wp\/v2\/types\/product"}],"replies":[{"embeddable":true,"href":"https:\/\/ecopaint-corporation.com\/pt\/wp-json\/wp\/v2\/comments?post=7121"}],"version-history":[{"count":1,"href":"https:\/\/ecopaint-corporation.com\/pt\/wp-json\/wp\/v2\/product\/7121\/revisions"}],"predecessor-version":[{"id":7425,"href":"https:\/\/ecopaint-corporation.com\/pt\/wp-json\/wp\/v2\/product\/7121\/revisions\/7425"}],"wp:featuredmedia":[{"embeddable":true,"href":"https:\/\/ecopaint-corporation.com\/pt\/wp-json\/wp\/v2\/media\/7122"}],"wp:attachment":[{"href":"https:\/\/ecopaint-corporation.com\/pt\/wp-json\/wp\/v2\/media?parent=7121"}],"wp:term":[{"taxonomy":"product_cat","embeddable":true,"href":"https:\/\/ecopaint-corporation.com\/pt\/wp-json\/wp\/v2\/product_cat?post=7121"},{"taxonomy":"product_tag","embeddable":true,"href":"https:\/\/ecopaint-corporation.com\/pt\/wp-json\/wp\/v2\/product_tag?post=7121"}],"curies":[{"name":"wp","href":"https:\/\/api.w.org\/{rel}","templated":true}]}}