{"id":7146,"date":"2022-05-20T15:12:36","date_gmt":"2022-05-20T14:12:36","guid":{"rendered":"https:\/\/ecopaint-corporation.com\/?post_type=product&#038;p=7146"},"modified":"2022-06-02T16:31:45","modified_gmt":"2022-06-02T15:31:45","slug":"renew-pri","status":"publish","type":"product","link":"https:\/\/ecopaint-corporation.com\/pt\/produto\/renew-pri\/","title":{"rendered":"o primer RENEW PRI"},"content":{"rendered":"<h2 class=\"ecop\">\u00e9 desenvolvido pela <span style=\"color: #a6ce38;\">ECOPAINT Corporation<\/span> e \u00e9 um <strong>Produto ECO<\/strong>.<\/h2>\n<p>\u00c9 uma emuls\u00e3o betuminosa ani\u00f4nica com cargas enriquecidas com grafeno, de consist\u00eancia viscosa e aplica\u00e7\u00e3o a frio. \u00c9 formado pela dispers\u00e3o de part\u00edculas de betume asf\u00e1ltico em \u00e1gua, com agente emulsificante ani\u00f4nico e incorpora\u00e7\u00e3o de cargas minerais.<\/p>\n<div><b><span lang=\"EN-US\">N\u00e3o inflam\u00e1vel\u00a0<\/span><\/b><strong><strong>| N\u00e3o combust\u00edvel<b><span lang=\"EN-US\">\u00a0<\/span><\/b>| Pode ser aplicado em superf\u00edcie seca ou molhada<\/strong><\/strong><\/div>\n<p><strong><br \/>\nAPLICA\u00c7\u00c3O<\/strong><\/p>\n<ul>\n<li>Primer e prepara\u00e7\u00e3o de substratos porosos onde s\u00e3o aplicados produtos asf\u00e1lticos ou betuminosos.<\/li>\n<li>Primer em sistemas de impermeabiliza\u00e7\u00e3o de coberturas, paredes e funda\u00e7\u00f5es com placas betuminosas modificadas.<\/li>\n<li>Primer para reabilita\u00e7\u00e3o de telhados com chapa asf\u00e1ltica acabada em gr\u00e2nulos ou ard\u00f3sia.<\/li>\n<li>Prote\u00e7\u00e3o contra umidade em extratos de paredes, paredes e divis\u00f3rias de concreto atuando na face em contato com o solo.<\/li>\n<li>Prepara\u00e7\u00e3o de argamassas asf\u00e1lticas para reboco sobre impermeabiliza\u00e7\u00e3o asf\u00e1ltica ou como camada de nivelamento em forma\u00e7\u00e3o de taludes.<\/li>\n<\/ul>\n<p><b>M\u00c9TODO DE APLICAR<\/b><\/p>\n<p>Antes da aplica\u00e7\u00e3o, a superf\u00edcie deve ser limpa de poeira, \u00f3leo, graxa ou qualquer outro material que possa afetar a aplica\u00e7\u00e3o normal e a fixa\u00e7\u00e3o do produto. N\u00e3o aplicar se houver risco de chuva, neve ou vento forte em superf\u00edcies com escoamento de \u00e1gua.<br \/>\nTemperatura de aplica\u00e7\u00e3o recomendada &gt; +5\u00baC, preferencialmente entre +10 e +35\u00baC. Homogeneizar o produto antes de sua aplica\u00e7\u00e3o. Aplicar com pincel, rolo ou pincel.<br \/>\nO tempo de secagem \u00e9 de aproximadamente 12 horas. Os utens\u00edlios utilizados podem ser limpos com \u00e1gua caso o RENEW PRI n\u00e3o tenha curado, utilizando solvente comercial, diesel, etc.<\/p>\n<p><b>ARMAZENAMENTO E PRESERVA\u00c7\u00c3O<\/b><\/p>\n<p>Os recipientes devem permanecer abrigados das intemp\u00e9ries, protegidos da geada e da forte exposi\u00e7\u00e3o ao sol. Temperaturas abaixo de 0\u00baC. pode afetar a qualidade do produto.<br \/>\nNestas condi\u00e7\u00f5es e em suas embalagens originais bem fechadas, o tempo de armazenamento \u00e9 de aproximadamente seis meses a partir da data de fabrica\u00e7\u00e3o.<\/p>\n<p>&nbsp;<\/p>\n<p>&nbsp;<\/p>","protected":false},"excerpt":{"rendered":"<p>is developed by ECOPAINT Corporation and is an ECO Product. It is an anionic bituminous emulsion with fillers enriched with graphene, with a viscous consistency and cold application. It is formed by the dispersion of asphalt bitumen particles in water, with an anionic emulsifying agent and incorporation of mineral fillers. Non Flammable\u00a0| Not Fuel\u00a0| Can [&hellip;]<\/p>","protected":false},"featured_media":7237,"comment_status":"open","ping_status":"closed","template":"","meta":[],"product_cat":[49,24],"product_tag":[728,264,721,151,210,150,724,181,722,90,725,180,727,723],"aioseo_notices":[],"_links":{"self":[{"href":"https:\/\/ecopaint-corporation.com\/pt\/wp-json\/wp\/v2\/product\/7146"}],"collection":[{"href":"https:\/\/ecopaint-corporation.com\/pt\/wp-json\/wp\/v2\/product"}],"about":[{"href":"https:\/\/ecopaint-corporation.com\/pt\/wp-json\/wp\/v2\/types\/product"}],"replies":[{"embeddable":true,"href":"https:\/\/ecopaint-corporation.com\/pt\/wp-json\/wp\/v2\/comments?post=7146"}],"version-history":[{"count":0,"href":"https:\/\/ecopaint-corporation.com\/pt\/wp-json\/wp\/v2\/product\/7146\/revisions"}],"wp:featuredmedia":[{"embeddable":true,"href":"https:\/\/ecopaint-corporation.com\/pt\/wp-json\/wp\/v2\/media\/7237"}],"wp:attachment":[{"href":"https:\/\/ecopaint-corporation.com\/pt\/wp-json\/wp\/v2\/media?parent=7146"}],"wp:term":[{"taxonomy":"product_cat","embeddable":true,"href":"https:\/\/ecopaint-corporation.com\/pt\/wp-json\/wp\/v2\/product_cat?post=7146"},{"taxonomy":"product_tag","embeddable":true,"href":"https:\/\/ecopaint-corporation.com\/pt\/wp-json\/wp\/v2\/product_tag?post=7146"}],"curies":[{"name":"wp","href":"https:\/\/api.w.org\/{rel}","templated":true}]}}