{"id":735,"date":"2019-05-20T09:32:41","date_gmt":"2019-05-20T08:32:41","guid":{"rendered":"http:\/\/wordpress.localhost\/wordpress.localhost\/?post_type=product&#038;p=735"},"modified":"2019-11-29T14:41:36","modified_gmt":"2019-11-29T14:41:36","slug":"water-based-sealant","status":"publish","type":"product","link":"https:\/\/ecopaint-corporation.com\/pt\/produto\/water-based-sealant\/","title":{"rendered":"Selante Aquoso (Branco)"},"content":{"rendered":"<h2 class=\"ecop\">\u00e9 desenvolvido pela ECOPAINT Corporation e \u00e9 um <strong>Produto ECO<\/strong>.<\/h2>\n<p>Prim\u00e1rio baseado em emuls\u00f5es aquosas de alta qualidade e pigmentos cuidadosamente selecionados.<\/p>\n<p><strong>ATRIBUTOS<\/strong><\/p>\n<ul>\n<li>Adequado para todos os tipos de gesso de parede (interior, exterior, liso ou texturizado)<\/li>\n<li>Excelente absor\u00e7\u00e3o uniforme mesmo em superf\u00edcies porosas<\/li>\n<li>Garante uma cor de pintura e brilho uniforme<\/li>\n<li>Econ\u00f3micamente vi\u00e1veis<\/li>\n<\/ul>\n<p><strong>DADOS T\u00c9CNICOS<\/strong><strong><br \/>\nAspecto de acabamento:<\/strong> Branco<br \/>\n<strong>Densidade:<\/strong> 1.36 \u00b1 0.02<br \/>\n<strong>Viscosidade (KU a 20oC):<\/strong> 80 \u00b1 10<br \/>\n<strong>VOCs (%):<\/strong> 0,6 &#8211; 1,0<\/p>\n<p><strong>APLICA\u00c7\u00c3O<\/strong><br \/>\n<strong>Cobertura:<\/strong> 10 a 12 m2\/L<br \/>\n<strong>Diluente:<\/strong> \u00c1gua (volume de dilui\u00e7\u00e3o at\u00e9 5%)<br \/>\n<strong>Camadas:<\/strong> 1 camada<br \/>\n<strong>Tempo de secagem:<\/strong> 4 a 6 horas<br \/>\n<strong>VOCs:<\/strong> Valor Limite UE para o produto cat. A\/a): 30g\/L (2010).<br \/>\nEste produto cont\u00e9m no m\u00e1ximo 14g\/L.<br \/>\n<strong>Aplica\u00e7\u00e3o:<\/strong> Use uma escova ou rolo.<br \/>\n<strong>Recomenda\u00e7\u00f5es:<\/strong> Deve ser utilizado como Prim\u00e1rio para tinta acr\u00edlica, texturizada com areia e esmalte.<\/p>","protected":false},"excerpt":{"rendered":"<p>is developed by ECOPAINT Corporation and is an ECO Product. Primer based on high-quality aqueous emulsions and carefully selected pigments. ATTRIBUTES Suitable for all sorts of wall plaster (interior, exterior, smooth or textured) Excellent uniform absorption even in porous surfaces Ensures an even finish paint colour and glow Cost-effective TECHNICAL DATA Finish aspect: White Density: [&hellip;]<\/p>","protected":false},"featured_media":2143,"comment_status":"open","ping_status":"closed","template":"","meta":[],"product_cat":[19,26],"product_tag":[158,564,651,575,655,574,356,591,151,150,654,653,556,650,652,144,648,649],"aioseo_notices":[],"_links":{"self":[{"href":"https:\/\/ecopaint-corporation.com\/pt\/wp-json\/wp\/v2\/product\/735"}],"collection":[{"href":"https:\/\/ecopaint-corporation.com\/pt\/wp-json\/wp\/v2\/product"}],"about":[{"href":"https:\/\/ecopaint-corporation.com\/pt\/wp-json\/wp\/v2\/types\/product"}],"replies":[{"embeddable":true,"href":"https:\/\/ecopaint-corporation.com\/pt\/wp-json\/wp\/v2\/comments?post=735"}],"version-history":[{"count":1,"href":"https:\/\/ecopaint-corporation.com\/pt\/wp-json\/wp\/v2\/product\/735\/revisions"}],"predecessor-version":[{"id":1434,"href":"https:\/\/ecopaint-corporation.com\/pt\/wp-json\/wp\/v2\/product\/735\/revisions\/1434"}],"wp:featuredmedia":[{"embeddable":true,"href":"https:\/\/ecopaint-corporation.com\/pt\/wp-json\/wp\/v2\/media\/2143"}],"wp:attachment":[{"href":"https:\/\/ecopaint-corporation.com\/pt\/wp-json\/wp\/v2\/media?parent=735"}],"wp:term":[{"taxonomy":"product_cat","embeddable":true,"href":"https:\/\/ecopaint-corporation.com\/pt\/wp-json\/wp\/v2\/product_cat?post=735"},{"taxonomy":"product_tag","embeddable":true,"href":"https:\/\/ecopaint-corporation.com\/pt\/wp-json\/wp\/v2\/product_tag?post=735"}],"curies":[{"name":"wp","href":"https:\/\/api.w.org\/{rel}","templated":true}]}}