{"id":7409,"date":"2022-06-14T14:46:31","date_gmt":"2022-06-14T13:46:31","guid":{"rendered":"https:\/\/ecopaint-corporation.com\/?post_type=product&#038;p=7409"},"modified":"2022-07-14T18:02:40","modified_gmt":"2022-07-14T17:02:40","slug":"eco-asphalt-extreme","status":"publish","type":"product","link":"https:\/\/ecopaint-corporation.com\/pt\/produto\/eco-asphalt-extreme\/","title":{"rendered":"Eco Asphalt EXTREME"},"content":{"rendered":"<h2 class=\"ecop\">\u00e9 desenvolvido pela <span style=\"color: #a6ce38;\">ECOPAINT Corporation<\/span> e \u00e9 um <strong>Produto ECO<\/strong>.<\/h2>\n<p><strong>Asfalto de Repara\u00e7\u00e3o Ecol\u00f3gico \u2013\u00a0<span style=\"color: #ff6600;\">Para condi\u00e7\u00f5es extremas<\/span><\/strong><\/p>\n<p>Massa asf\u00e1ltica fria perfeita para uso nos buracos mais profundos. Destaca-se pelo seu grande esqueleto granulom\u00e9trico e cura com uma rea\u00e7\u00e3o f\u00edsica estrutural que significa que quanto mais enrolado, melhor compacta. Pode ser armazenado por at\u00e9 5 anos e por cada tonelada s\u00e3o reutilizados at\u00e9 2 NFU.<br \/>\nA utiliza\u00e7\u00e3o de p\u00f3 de pneus permite reduzir o fendilhamento das estradas e assim prolongar a vida \u00fatil das mesmas. Al\u00e9m de apresentar alta resist\u00eancia ao desgaste, condi\u00e7\u00f5es clim\u00e1ticas extremas e agress\u00f5es qu\u00edmicas.<\/p>\n<div><b><span lang=\"EN-US\">Uma solu\u00e7\u00e3o eficiente com uma aplica\u00e7\u00e3o f\u00e1cil e r\u00e1pida <\/span><\/b><strong> | Produto Ecol\u00f3gico<\/strong><\/div>\n<div><strong><br \/>\n<\/strong><strong>CARACTER\u00cdSTICAS<\/strong><\/div>\n<ul>\n<li>Pronto a usar. N\u00e3o necessita de tratamento pr\u00e9vio;<\/li>\n<li>F\u00e1cil de aplicar;<\/li>\n<li>N\u00e3o h\u00e1 necessidade de ferramentas;<\/li>\n<li>Pode ser estendido a temperaturas extremas, desde -30 at\u00e9 50 \u00b0C;<\/li>\n<li>Pode ser aplicado com chuva, pois repele a \u00e1gua;<\/li>\n<li>Uma vez aplicado, pode ser imediatamente aberto ao tr\u00e1fego, pois os pr\u00f3prios ve\u00edculos ajudam a cur\u00e1-lo.<\/li>\n<\/ul>\n<p><b>VANTAGENS<\/b><\/p>\n<ul>\n<li>Longo tempo de armazenamento;<\/li>\n<li>Uma vez aberto o recipiente, podemos reutiliz\u00e1-lo em outras ocasi\u00f5es;<\/li>\n<li>Dura\u00e7\u00e3o do produto at\u00e9 60 meses;<\/li>\n<li>Produto org\u00e2nico;<\/li>\n<li>Devido \u00e0 presen\u00e7a de borracha, a mistura asf\u00e1ltica ajuda a reduzir o ru\u00eddo gerado;<\/li>\n<li>Em seu processo de fabrica\u00e7\u00e3o completo geramos 10 vezes menos pegada de carbono.<\/li>\n<\/ul>\n<p><b>APLICA\u00c7\u00d5ES<\/b><\/p>\n<ul>\n<li>Repara\u00e7\u00e3o de buracos em estradas, ruas, garagens, estacionamentos, etc.<\/li>\n<li>Enchimento de valas, balizamento de zonas, sinaliza\u00e7\u00e3o, repara\u00e7\u00e3o de esgotos e bueiros, etc.<\/li>\n<li>\u00c9 recomendado para qualquer \u00e1rea onde deva ser colocado aglomerado asf\u00e1ltico e, devido \u00e0 sua pequena quantidade, n\u00e3o \u00e9 vi\u00e1vel a mobiliza\u00e7\u00e3o de m\u00e1quinas para sua coloca\u00e7\u00e3o.<\/li>\n<li>Pode ser utilizado em suportes betuminosos, bet\u00e3o (rega de ader\u00eancia pr\u00e9via), gravilha, etc.<\/li>\n<li>Em \u00e1reas de aplica\u00e7\u00e3o com superf\u00edcie superior a 0,50 cm, <a href=\"https:\/\/ecopaint-corporation.com\/pt\/produto\/renew-pri\/\">o primer RENEW PRI<\/a> deve ser aplicado.<\/li>\n<\/ul>\n<p><strong>INSTRU\u00c7\u00d5ES DE APLICA\u00c7\u00c3O<\/strong><\/p>\n<ul>\n<li>Limpe a superf\u00edcie para trabalhar.<\/li>\n<li>Esvazie o saco de Eco Asphalt EXTREME<\/li>\n<li>Expanda o produto na \u00e1rea de trabalho.<\/li>\n<\/ul>\n<p>&nbsp;<\/p>\n<p>&nbsp;<\/p>\n<p>&nbsp;<\/p>\n<p>&nbsp;<\/p>","protected":false},"excerpt":{"rendered":"<p>is developed by ECOPAINT Corporation and is an ECO Product. Ecological Repair Asphalt &#8211;\u00a0For extreme conditions Cold asphalt mass perfect for use in the deepest potholes. It stands out for its large granulometric skeleton and it cures with a physical structural reaction that means that the more it is rolled, the better it compacts. It [&hellip;]<\/p>","protected":false},"featured_media":7411,"comment_status":"open","ping_status":"closed","template":"","meta":[],"product_cat":[778],"product_tag":[728,264,721,151,210,150,724,181,722,90,725,180,727,723],"aioseo_notices":[],"_links":{"self":[{"href":"https:\/\/ecopaint-corporation.com\/pt\/wp-json\/wp\/v2\/product\/7409"}],"collection":[{"href":"https:\/\/ecopaint-corporation.com\/pt\/wp-json\/wp\/v2\/product"}],"about":[{"href":"https:\/\/ecopaint-corporation.com\/pt\/wp-json\/wp\/v2\/types\/product"}],"replies":[{"embeddable":true,"href":"https:\/\/ecopaint-corporation.com\/pt\/wp-json\/wp\/v2\/comments?post=7409"}],"version-history":[{"count":1,"href":"https:\/\/ecopaint-corporation.com\/pt\/wp-json\/wp\/v2\/product\/7409\/revisions"}],"predecessor-version":[{"id":7410,"href":"https:\/\/ecopaint-corporation.com\/pt\/wp-json\/wp\/v2\/product\/7409\/revisions\/7410"}],"wp:featuredmedia":[{"embeddable":true,"href":"https:\/\/ecopaint-corporation.com\/pt\/wp-json\/wp\/v2\/media\/7411"}],"wp:attachment":[{"href":"https:\/\/ecopaint-corporation.com\/pt\/wp-json\/wp\/v2\/media?parent=7409"}],"wp:term":[{"taxonomy":"product_cat","embeddable":true,"href":"https:\/\/ecopaint-corporation.com\/pt\/wp-json\/wp\/v2\/product_cat?post=7409"},{"taxonomy":"product_tag","embeddable":true,"href":"https:\/\/ecopaint-corporation.com\/pt\/wp-json\/wp\/v2\/product_tag?post=7409"}],"curies":[{"name":"wp","href":"https:\/\/api.w.org\/{rel}","templated":true}]}}