{"id":768,"date":"2019-05-20T15:41:43","date_gmt":"2019-05-20T14:41:43","guid":{"rendered":"http:\/\/wordpress.localhost\/wordpress.localhost\/?post_type=product&#038;p=768"},"modified":"2024-02-22T14:47:29","modified_gmt":"2024-02-22T14:47:29","slug":"economic-acrylic-paint-int","status":"publish","type":"product","link":"https:\/\/ecopaint-corporation.com\/pt\/produto\/economic-acrylic-paint-int\/","title":{"rendered":"Tinta Econ\u00f3mica (Interior e Exterior)"},"content":{"rendered":"<h2 class=\"ecop\">\u00e9 desenvolvido pela ECOPAINT Corporation e \u00e9 um <strong>Produto ECO<\/strong>.<\/h2>\n<p>Este produto \u00e9 baseado em uma dispers\u00e3o aquosa de resinas sint\u00e9ticas contendo pigmentos e cargas cuidadosamente selecionados.<\/p>\n<p><strong>ATRIBUTOS<\/strong><\/p>\n<ul>\n<li>Tinta de acabamento fosco para uso em interiores<\/li>\n<li>Grande cobertura com poucas camadas<\/li>\n<li>Acabamento econ\u00f3mico<\/li>\n<li>Boa durabilidade e resist\u00eancia \u00e0 abras\u00e3o<\/li>\n<li>Ideal para \u00e1reas de gesso, gesso cartonado, etc.<\/li>\n<li>Dispon\u00edvel em Branco e cores claras<\/li>\n<\/ul>\n<p><strong>DADOS T\u00c9CNICOS<\/strong><strong><br \/>\nAspecto de acabamento:<\/strong> Fosco<br \/>\n<strong>Densidade:<\/strong> 1.575 \u00b1 0.02<br \/>\n<strong>Viscosidade (KU a 20oC):<\/strong> 100 \u00b1 10<br \/>\n<strong>VOCs (%):<\/strong> 1,1 &#8211; 1,5<\/p>\n<p><strong>APLICA\u00c7\u00c3O<\/strong><br \/>\n<strong>Cobertura:<\/strong> 8 - 12 m2\/L em paredes rebocadas lisas<br \/>\n<strong>Diluente:<\/strong> \u00c1gua (volume de dilui\u00e7\u00e3o da 1\u00aa camada 20%; dem\u00e3os seguintes: 5 - 10%)<br \/>\n<strong>Camadas:<\/strong> 2-3 camadas<br \/>\n<strong>Tempo de secagem:<\/strong><br \/>\nRetoque - 2 a 4 horas<br \/>\n1\u00aa aplica\u00e7\u00e3o - cerca de 12 horas<br \/>\n<strong>VOCs:<\/strong> Valor Limite UE para o produto cat. A\/a): 30g\/L (2010).<br \/>\nEste produto cont\u00e9m no m\u00e1ximo 30g\/L.<br \/>\n<strong>Aplica\u00e7\u00e3o:<\/strong> Use uma escova, rolo ou pistola.<br \/>\n<strong>Recomenda\u00e7\u00f5es:<\/strong> Antes de aplicar a tinta sobre superf\u00edcies de absor\u00e7\u00e3o de tinta ou superf\u00edcies com imperfei\u00e7\u00f5es de gesso desiguais, utilize uma pasta de enchimento de fissura seguida do Selante \u00e0 Base de \u00c1gua (incolor ou pigmentado).<\/p>","protected":false},"excerpt":{"rendered":"<p>is developed by ECOPAINT Corporation and is an ECO Product. This product is based on an aqueous synthetic resins dispersion containing carefully selected, pigments and fillers. ATTRIBUTES Matte finishing paint for indoor use Great coverage with very few coats Cost-effective finish Good durability and scrub resistance Ideal for stained plaster areas, plasterboard, etc. Available in [&hellip;]<\/p>","protected":false},"featured_media":3110,"comment_status":"open","ping_status":"closed","template":"","meta":[],"product_cat":[19,25],"product_tag":[158,635,564,575,645,574,356,591,151,632,150,556,646,644,647,593,590,643,559,144,578],"aioseo_notices":[],"_links":{"self":[{"href":"https:\/\/ecopaint-corporation.com\/pt\/wp-json\/wp\/v2\/product\/768"}],"collection":[{"href":"https:\/\/ecopaint-corporation.com\/pt\/wp-json\/wp\/v2\/product"}],"about":[{"href":"https:\/\/ecopaint-corporation.com\/pt\/wp-json\/wp\/v2\/types\/product"}],"replies":[{"embeddable":true,"href":"https:\/\/ecopaint-corporation.com\/pt\/wp-json\/wp\/v2\/comments?post=768"}],"version-history":[{"count":2,"href":"https:\/\/ecopaint-corporation.com\/pt\/wp-json\/wp\/v2\/product\/768\/revisions"}],"predecessor-version":[{"id":15834,"href":"https:\/\/ecopaint-corporation.com\/pt\/wp-json\/wp\/v2\/product\/768\/revisions\/15834"}],"wp:featuredmedia":[{"embeddable":true,"href":"https:\/\/ecopaint-corporation.com\/pt\/wp-json\/wp\/v2\/media\/3110"}],"wp:attachment":[{"href":"https:\/\/ecopaint-corporation.com\/pt\/wp-json\/wp\/v2\/media?parent=768"}],"wp:term":[{"taxonomy":"product_cat","embeddable":true,"href":"https:\/\/ecopaint-corporation.com\/pt\/wp-json\/wp\/v2\/product_cat?post=768"},{"taxonomy":"product_tag","embeddable":true,"href":"https:\/\/ecopaint-corporation.com\/pt\/wp-json\/wp\/v2\/product_tag?post=768"}],"curies":[{"name":"wp","href":"https:\/\/api.w.org\/{rel}","templated":true}]}}