{"id":769,"date":"2019-05-20T15:42:12","date_gmt":"2019-05-20T14:42:12","guid":{"rendered":"http:\/\/wordpress.localhost\/wordpress.localhost\/?post_type=product&#038;p=769"},"modified":"2019-11-29T14:33:37","modified_gmt":"2019-11-29T14:33:37","slug":"economic-acrylic-paint-int-ext","status":"publish","type":"product","link":"https:\/\/ecopaint-corporation.com\/pt\/produto\/economic-acrylic-paint-int-ext\/","title":{"rendered":"Tinta Econ\u00f3mica (Interior e Exterior)"},"content":{"rendered":"<h2 class=\"ecop\">\u00e9 desenvolvido pela ECOPAINT Corporation e \u00e9 um <strong>Produto ECO<\/strong>.<\/h2>\n<p>A Tinta Econ\u00f3mica \u00e9 um produto \u00e0 base de uma dispers\u00e3o aquosa de resinas sint\u00e9ticas, utilizando pigmentos que proporcionam alta resist\u00eancia a luz, \u00e1lcalis, fungos e algas.<br \/>\nPara uso interior e exterior.<\/p>\n<p><strong>ATRIBUTOS<\/strong><\/p>\n<ul>\n<li>Grande cobertura<\/li>\n<li>Excelente resist\u00eancia \u00e0 lavagem h\u00famida ou seca<\/li>\n<li>Alta resist\u00eancia ao aparecimento e crescimento de fungos e algas<\/li>\n<li>Adequado para uso interior e exterior<\/li>\n<li>Boa durabilidade<\/li>\n<li>Dispon\u00edvel numa ampla variedade de cores (de acordo com o cat\u00e1logo)<\/li>\n<\/ul>\n<p><strong>DADOS T\u00c9CNICOS<\/strong><br \/>\n<strong>Aspecto de acabamento:<\/strong> Fosco<strong><br \/>\nDensidade:<\/strong> 1.475 \u00b1 0.02<br \/>\n<strong>Viscosidade (KU a 20oC):<\/strong> 100 \u00b1 10<br \/>\n<strong>VOCs (%):<\/strong> 0,7 &#8211; 1,1<\/p>\n<p><strong>APLICA\u00c7\u00c3O<\/strong><br \/>\n<strong>Cobertura:<\/strong> 10 - 12 m2\/L em paredes rebocadas lisas<br \/>\n<strong>Diluente:<\/strong> \u00c1gua (volume de dilui\u00e7\u00e3o da 1\u00aa camada 20%; dem\u00e3os seguintes: 5 - 10%)<br \/>\n<strong>Camadas:<\/strong> 2-3 camadas<br \/>\n<strong>Tempo de secagem:<\/strong><br \/>\nRetoque - 2 a 4 horas<br \/>\n1\u00aa aplica\u00e7\u00e3o - cerca de 12 horas<br \/>\n<strong>VOCs:<\/strong> Valor Limite UE para o produto cat. A\/a): 30g\/L (2010).<br \/>\nEste produto cont\u00e9m no m\u00e1ximo 30g\/L.<br \/>\n<strong>Aplica\u00e7\u00e3o:<\/strong> Antes de aplicar a tinta em superf\u00edcies de absor\u00e7\u00e3o de tinta desiguais ou superf\u00edcies com imperfei\u00e7\u00f5es de gesso, utilize uma pasta de enchimento de rachaduras seguida do Selante Aquoso (incolor ou pigmentado) ou o Prim\u00e1rio Multiusos.<\/p>","protected":false},"excerpt":{"rendered":"<p>is developed by ECOPAINT Corporation and is an ECO Product. Economic Paint is a product based on an aqueous synthetic resins dispersion using pigments that provide high resistance to light, alkalis, fungi and algae. For interior and exterior use. ATTRIBUTES Great coverage Excellent resistance to wet or dry scrubbing High resistance to the appearance and [&hellip;]<\/p>","protected":false},"featured_media":3109,"comment_status":"open","ping_status":"closed","template":"","meta":[],"product_cat":[19,25],"product_tag":[637,158,635,564,575,574,591,151,632,634,150,641,633,556,638,640,636,642,593,639,590,144],"aioseo_notices":[],"_links":{"self":[{"href":"https:\/\/ecopaint-corporation.com\/pt\/wp-json\/wp\/v2\/product\/769"}],"collection":[{"href":"https:\/\/ecopaint-corporation.com\/pt\/wp-json\/wp\/v2\/product"}],"about":[{"href":"https:\/\/ecopaint-corporation.com\/pt\/wp-json\/wp\/v2\/types\/product"}],"replies":[{"embeddable":true,"href":"https:\/\/ecopaint-corporation.com\/pt\/wp-json\/wp\/v2\/comments?post=769"}],"version-history":[{"count":1,"href":"https:\/\/ecopaint-corporation.com\/pt\/wp-json\/wp\/v2\/product\/769\/revisions"}],"predecessor-version":[{"id":1433,"href":"https:\/\/ecopaint-corporation.com\/pt\/wp-json\/wp\/v2\/product\/769\/revisions\/1433"}],"wp:featuredmedia":[{"embeddable":true,"href":"https:\/\/ecopaint-corporation.com\/pt\/wp-json\/wp\/v2\/media\/3109"}],"wp:attachment":[{"href":"https:\/\/ecopaint-corporation.com\/pt\/wp-json\/wp\/v2\/media?parent=769"}],"wp:term":[{"taxonomy":"product_cat","embeddable":true,"href":"https:\/\/ecopaint-corporation.com\/pt\/wp-json\/wp\/v2\/product_cat?post=769"},{"taxonomy":"product_tag","embeddable":true,"href":"https:\/\/ecopaint-corporation.com\/pt\/wp-json\/wp\/v2\/product_tag?post=769"}],"curies":[{"name":"wp","href":"https:\/\/api.w.org\/{rel}","templated":true}]}}