{"id":772,"date":"2019-05-20T15:43:54","date_gmt":"2019-05-20T14:43:54","guid":{"rendered":"http:\/\/wordpress.localhost\/wordpress.localhost\/?post_type=product&#038;p=772"},"modified":"2020-01-23T12:28:34","modified_gmt":"2020-01-23T12:28:34","slug":"corkpro-finishes-paste","status":"publish","type":"product","link":"https:\/\/ecopaint-corporation.com\/pt\/produto\/corkpro-finishes-paste\/","title":{"rendered":"Corkpro (exterior-paredes)"},"content":{"rendered":"<h2 class=\"ecop\">\u00e9 desenvolvido pela ECOPAINT Corporation e \u00e9 um <strong>Produto ECO<\/strong>.<\/h2>\n<p>O acabamento colorido feito de corti\u00e7a (tamanho do gr\u00e3o 0 - 1 mm \/ 0 - 0,04 in), resinas \u00e0 base de \u00e1gua, siloxanos e terra de diatom\u00e1ceas, com elevadas propriedades de isolamento t\u00e9rmico, impermeabilizante e respir\u00e1vel. Um produto amigo do ambiente, para acabamento de fachadas novas e antigas, gesso t\u00e9rmico (como Diathonite Evolution), isolamento t\u00e9rmico externo e teto inclinado. Impede a absor\u00e7\u00e3o de \u00e1gua pela alvenaria e prolonga a durabilidade do gesso.<\/p>\n<p><strong>BENEF\u00cdCIOS<\/strong><\/p>\n<ul>\n<li>Respir\u00e1vel<\/li>\n<li>Repelente de \u00e1gua<\/li>\n<li>Adequado para substratos rachados, evita o revestimento escovado refor\u00e7ado<\/li>\n<li>Altamente el\u00e1stico<\/li>\n<li>Ideal em rebocos rachados<\/li>\n<li>Excelente conforto t\u00e9rmico em combina\u00e7\u00e3o com gesso t\u00e9rmico (como o Diathonite Evolution)<\/li>\n<li>Evita o desenvolvimento de bolores<\/li>\n<li>Resistente aos raios UV, fatores atmosf\u00e9ricos, ambientes industriais e marinhos<\/li>\n<li>Aplica\u00e7\u00e3o grossa<\/li>\n<li>Efeito \u201cTonachino\u201d<\/li>\n<li>Feito de mat\u00e9rias-primas naturais e certificado LEED<\/li>\n<li>F\u00e1cil e r\u00e1pido de aplicar<\/li>\n<\/ul>\n<p><strong>DADOS T\u00c9CNICOS<\/strong><br \/>\n<strong>Aspecto de acabamento:<\/strong> Fosco<br \/>\n<strong>Cor:<\/strong> Branco<br \/>\n<strong>Densidade:<\/strong> 1.360 \u00b1 0.02<br \/>\n<strong>Viscosidade (KU a 20oC):<\/strong> 85 \u00b1 10<br \/>\n<strong>VOCs (%): <\/strong>32,0 &#8211; 32,4<\/p>\n<p><strong>CAMPOS DE APLICA\u00c7\u00c3O<\/strong><br \/>\nThe product is specifically designed to finish facades, old and new plasters, thermal plasters such as Diathonite Evolution (see technical data sheet), external thermal insulation or pitched roofs. It has excellent adhesion properties to any kind of substrates and it can be used in different situations: plasters, metal, wood and cement substrates. The product is suitable outside.<\/p>\n<p><strong>PRODU\u00c7\u00c3O<\/strong><br \/>\n0,90 - 1,20kg\/m em duas camadas - cerca de 2 mm de espessura.<br \/>\n2,33 - 3,12 lb\/ft em duas camadas - cerca de 0,08 in de espessura.<\/p>\n<p><strong>PREPARA\u00c7\u00c3O DO APAOIO<\/strong><br \/>\nO suporte deve ser completamente endurecido e resistente o suficiente. A superf\u00edcie deve estar perfeitamente nivelada, completamente limpa, seca, sem gorduras, \u00f3leos, detritos ou pe\u00e7as destacadas ou outros materiais que possam comprometer a ader\u00eancia do produto.<br \/>\nEm caso de hidro-limpeza, aguarde a secagem completa do suporte.<br \/>\nSe a superf\u00edcie estiver quebradi\u00e7a na sua totalidade, raspe-a totalmente at\u00e9 obter um bom suporte; restaurar les\u00f5es e partes danificadas com argamassa adequada.<br \/>\nDiathonite Cork Render adere a diferentes tipos de suporte sem a necessidade de um prim\u00e1rio; De qualquer forma, recomenda-se realizar um teste para verificar a ades\u00e3o ou a necessidade de usar um prim\u00e1rio.<\/p>","protected":false},"excerpt":{"rendered":"<p>is developed by ECOPAINT Corporation and is an ECO Product. The coloured finish made of cork (grain size 0 \u2013 1 mm \/ 0 \u2013 0.04 in), water-based resins, siloxanes and diatomaceous earth, with high thermal insulating properties, water repellent and breathable. An eco-friendly product, to finish new and old fa\u00e7ades, thermal plaster (such as [&hellip;]<\/p>","protected":false},"featured_media":2127,"comment_status":"open","ping_status":"closed","template":"","meta":[],"product_cat":[19,27],"product_tag":[752,743,736,617,747,750,264,758,730,757,751,754,259,741,147,477,742,731,755,748,619,753,737,740,738,745,734,615,759,739,733,276,756,744,749,185,613,735,523,618,732,746,628],"aioseo_notices":[],"_links":{"self":[{"href":"https:\/\/ecopaint-corporation.com\/pt\/wp-json\/wp\/v2\/product\/772"}],"collection":[{"href":"https:\/\/ecopaint-corporation.com\/pt\/wp-json\/wp\/v2\/product"}],"about":[{"href":"https:\/\/ecopaint-corporation.com\/pt\/wp-json\/wp\/v2\/types\/product"}],"replies":[{"embeddable":true,"href":"https:\/\/ecopaint-corporation.com\/pt\/wp-json\/wp\/v2\/comments?post=772"}],"version-history":[{"count":1,"href":"https:\/\/ecopaint-corporation.com\/pt\/wp-json\/wp\/v2\/product\/772\/revisions"}],"predecessor-version":[{"id":1437,"href":"https:\/\/ecopaint-corporation.com\/pt\/wp-json\/wp\/v2\/product\/772\/revisions\/1437"}],"wp:featuredmedia":[{"embeddable":true,"href":"https:\/\/ecopaint-corporation.com\/pt\/wp-json\/wp\/v2\/media\/2127"}],"wp:attachment":[{"href":"https:\/\/ecopaint-corporation.com\/pt\/wp-json\/wp\/v2\/media?parent=772"}],"wp:term":[{"taxonomy":"product_cat","embeddable":true,"href":"https:\/\/ecopaint-corporation.com\/pt\/wp-json\/wp\/v2\/product_cat?post=772"},{"taxonomy":"product_tag","embeddable":true,"href":"https:\/\/ecopaint-corporation.com\/pt\/wp-json\/wp\/v2\/product_tag?post=772"}],"curies":[{"name":"wp","href":"https:\/\/api.w.org\/{rel}","templated":true}]}}