{"id":773,"date":"2019-05-20T15:45:30","date_gmt":"2019-05-20T14:45:30","guid":{"rendered":"http:\/\/wordpress.localhost\/wordpress.localhost\/?post_type=product&#038;p=773"},"modified":"2019-11-29T14:14:01","modified_gmt":"2019-11-29T14:14:01","slug":"papermaster-interior-walls","status":"publish","type":"product","link":"https:\/\/ecopaint-corporation.com\/pt\/produto\/papermaster-interior-walls\/","title":{"rendered":"Papermaster (Interior - Paredes)"},"content":{"rendered":"<h2 class=\"ecop\">\u00e9 desenvolvido pela ECOPAINT Corporation e \u00e9 um <strong>Produto ECO<\/strong>.<\/h2>\n<p>Produto \u00e0 base de celulose e emuls\u00f5es aquosas de excelente ader\u00eancia, permitindo a posterior aplica\u00e7\u00e3o de outros produtos.<\/p>\n<p><strong>ATRIBUTOS<\/strong><\/p>\n<ul>\n<li>Permite a cria\u00e7\u00e3o de efeitos decorativos \u00e1speros<\/li>\n<li>Ideal para corredores, casas de banho, cozinhas, etc.<\/li>\n<li>Permite a cobertura de imperfei\u00e7\u00f5es de gesso existentes<\/li>\n<li>O isolamento \u00e9 sempre necess\u00e1rio antes da aplica\u00e7\u00e3o do Paper Master<\/li>\n<li>Ap\u00f3s a sua aplica\u00e7\u00e3o, \u00e9 necess\u00e1rio um revestimento de acabamento esmaltado. Voc\u00ea pode usar esmalte sint\u00e9tico, esmalte Ecolac ou verniz \u00e0 base de \u00e1gua.<\/li>\n<\/ul>\n<p><strong>DADOS T\u00c9CNICOS<br \/>\n<\/strong><strong>Densidade:<\/strong> 150 \u00b1 0.02<\/p>\n<p><strong>APLICA\u00c7\u00c3O<\/strong><strong><br \/>\nCobertura:<\/strong> 1 m2 por Kg (dependendo do efeito desejado)<br \/>\n<strong>Camadas:<\/strong> 1 camada<br \/>\n<strong>Tempo de secagem:<\/strong> toque seco - 1 a 2 horas Totalmente seco - 48 a 56 horas<br \/>\n<strong>Aplica\u00e7\u00e3o:<\/strong> Espalhe generosamente a massa com pincel, esp\u00e1tula ou rolo at\u00e9 conseguir uma camada convenientemente grossa com o efeito decorativo desejado<br \/>\n<strong>Recomenda\u00e7\u00f5es:<\/strong> Todas as superf\u00edcies devem estar limpas, secas e isentas de \u00f3leo, gordura, poeira e outras contamina\u00e7\u00f5es.<br \/>\nN\u00e3o aplicar em clima frio ou se a chuva for iminente, pois pode alterar as propriedades do produto.<br \/>\nPara obter um acabamento melhor, aplique um sub-revestimento de Tinta Acr\u00edlica ou Selante Aquoso<\/p>","protected":false},"excerpt":{"rendered":"<p>is developed by ECOPAINT Corporation and is an ECO Product. A product based on cellulose and aqueous emulsions of excellent adherence, allowing the subsequent application of other products. ATTRIBUTES Allows the creation of rough decorative effects Ideally suited for hallways, bathrooms, kitchens, etc. Allows the coverage of existing plaster imperfections Insulation is always required prior [&hellip;]<\/p>","protected":false},"featured_media":2129,"comment_status":"open","ping_status":"closed","template":"","meta":[],"product_cat":[19,27],"product_tag":[158,601,595,564,599,183,575,574,600,597,606,591,151,604,150,602,596,197,593,423,592,559,598,603,144,594,605],"aioseo_notices":[],"_links":{"self":[{"href":"https:\/\/ecopaint-corporation.com\/pt\/wp-json\/wp\/v2\/product\/773"}],"collection":[{"href":"https:\/\/ecopaint-corporation.com\/pt\/wp-json\/wp\/v2\/product"}],"about":[{"href":"https:\/\/ecopaint-corporation.com\/pt\/wp-json\/wp\/v2\/types\/product"}],"replies":[{"embeddable":true,"href":"https:\/\/ecopaint-corporation.com\/pt\/wp-json\/wp\/v2\/comments?post=773"}],"version-history":[{"count":1,"href":"https:\/\/ecopaint-corporation.com\/pt\/wp-json\/wp\/v2\/product\/773\/revisions"}],"predecessor-version":[{"id":1438,"href":"https:\/\/ecopaint-corporation.com\/pt\/wp-json\/wp\/v2\/product\/773\/revisions\/1438"}],"wp:featuredmedia":[{"embeddable":true,"href":"https:\/\/ecopaint-corporation.com\/pt\/wp-json\/wp\/v2\/media\/2129"}],"wp:attachment":[{"href":"https:\/\/ecopaint-corporation.com\/pt\/wp-json\/wp\/v2\/media?parent=773"}],"wp:term":[{"taxonomy":"product_cat","embeddable":true,"href":"https:\/\/ecopaint-corporation.com\/pt\/wp-json\/wp\/v2\/product_cat?post=773"},{"taxonomy":"product_tag","embeddable":true,"href":"https:\/\/ecopaint-corporation.com\/pt\/wp-json\/wp\/v2\/product_tag?post=773"}],"curies":[{"name":"wp","href":"https:\/\/api.w.org\/{rel}","templated":true}]}}