{"id":774,"date":"2019-05-20T15:45:58","date_gmt":"2019-05-20T14:45:58","guid":{"rendered":"http:\/\/wordpress.localhost\/wordpress.localhost\/?post_type=product&#038;p=774"},"modified":"2020-01-23T12:33:21","modified_gmt":"2020-01-23T12:33:21","slug":"ecolac-water-based-enamel-interior-walls-and-ceilings","status":"publish","type":"product","link":"https:\/\/ecopaint-corporation.com\/pt\/produto\/ecolac-water-based-enamel-interior-walls-and-ceilings\/","title":{"rendered":"Ecolac - Esmalte Aquoso (interior) - Paredes e Tectos"},"content":{"rendered":"<h2 class=\"ecop\">\u00e9 desenvolvido pela ECOPAINT Corporation e \u00e9 um <strong>Produto ECO<\/strong>.<\/h2>\n<p>Esmalte \u00e0 base de \u00e1gua \u00e9 um produto \u00e0 base de emuls\u00f5es acr\u00edlicas com acabamento brilhante, fosco ou acetinado.<\/p>\n<p><strong>ATRIBUTOS<\/strong><\/p>\n<ul>\n<li>Adequado para uso interior e exterior em todos os tipos de gesso utilizados na constru\u00e7\u00e3o<\/li>\n<li>Tamb\u00e9m adequado para o acabamento de superf\u00edcies de madeira e met\u00e1licas<\/li>\n<li>F\u00e1cil de aplicar<\/li>\n<li>Dilu\u00edvel em \u00e1gua<\/li>\n<li>Resist\u00eancia ao amarelecimento (mesmo na cor branca)<\/li>\n<li>Excellent resistance to washing with water (ideal for bathrooms and kitchens)<\/li>\n<li>Recomendado para pintura sobre o Paper Master<\/li>\n<\/ul>\n<p><strong>DADOS T\u00c9CNICOS<br \/>\n<\/strong><strong>Aspecto de acabamento:<\/strong> Brilhante | Acetinado | Fosco<br \/>\n<strong>Densidade:<\/strong> 1.23 \u00b1 0.02 | 1.28 \u00b1 0.02 | 1.39 \u00b1 0.02<br \/>\n<strong>Viscosidade (KU a 20\u00baC):<\/strong> 85 \u00b1 10 | 90 \u00b1 10 | 95 \u00b1 10<br \/>\n<strong>VOCs (%):<\/strong> 6.5 &#8211; 6.9 | 6.2 &#8211; 6.6 | 1.7 &#8211; 21<br \/>\n<strong>VOCs m\u00e1ximos (g\/L):<\/strong> 90 | 90 | 90<br \/>\n<strong>Categoria VOCs:<\/strong> A\/b) | A\/b) | A\/a)<\/p>\n<p><strong>APLICA\u00c7\u00c3O<\/strong><strong><br \/>\nCobertura:<\/strong> 10 &#8211; 12 m2 \/L<br \/>\n<strong>Diluente:<\/strong> \u00c1gua (volume de dilui\u00e7\u00e3o at\u00e9 5%)<br \/>\n<strong>Camadas:<\/strong> 2 camadas<br \/>\n<strong>Tempo de secagem:<\/strong><br \/>\nRetoque: 4 a 6 horas<br \/>\nPrimeira aplica\u00e7\u00e3o: cerca de 12 horas<br \/>\n<strong>Aplica\u00e7\u00e3o:<\/strong> Use uma escova, rolo ou pistola<br \/>\n<strong>Recomenda\u00e7\u00f5es:<\/strong> Antes de aplicar o esmalte em superf\u00edcies de absor\u00e7\u00e3o de tinta desiguais ou superf\u00edcies com imperfei\u00e7\u00f5es de gesso, use uma pasta de enchimento de fissura seguida do Selante Aquoso (incolor ou pigmentado) ou o Prim\u00e1rio Multiusos.<\/p>","protected":false},"excerpt":{"rendered":"<p>is developed by ECOPAINT Corporation and is an ECO Product. Water-based Enamel is a product based on acrylic emulsions with glossy, matte or satin finish. ATTRIBUTES Suitable for interior and exterior use on all sorts of plaster used in construction Also suitable for the finishing of wooden and metallic surfaces Easy to apply Water-dilutable Resistance [&hellip;]<\/p>","protected":false},"featured_media":2128,"comment_status":"open","ping_status":"closed","template":"","meta":[],"product_cat":[19,28],"product_tag":[760,765,364,131,766,761,587,639,762,768,764,585,763,732,584,767],"aioseo_notices":[],"_links":{"self":[{"href":"https:\/\/ecopaint-corporation.com\/pt\/wp-json\/wp\/v2\/product\/774"}],"collection":[{"href":"https:\/\/ecopaint-corporation.com\/pt\/wp-json\/wp\/v2\/product"}],"about":[{"href":"https:\/\/ecopaint-corporation.com\/pt\/wp-json\/wp\/v2\/types\/product"}],"replies":[{"embeddable":true,"href":"https:\/\/ecopaint-corporation.com\/pt\/wp-json\/wp\/v2\/comments?post=774"}],"version-history":[{"count":1,"href":"https:\/\/ecopaint-corporation.com\/pt\/wp-json\/wp\/v2\/product\/774\/revisions"}],"predecessor-version":[{"id":1440,"href":"https:\/\/ecopaint-corporation.com\/pt\/wp-json\/wp\/v2\/product\/774\/revisions\/1440"}],"wp:featuredmedia":[{"embeddable":true,"href":"https:\/\/ecopaint-corporation.com\/pt\/wp-json\/wp\/v2\/media\/2128"}],"wp:attachment":[{"href":"https:\/\/ecopaint-corporation.com\/pt\/wp-json\/wp\/v2\/media?parent=774"}],"wp:term":[{"taxonomy":"product_cat","embeddable":true,"href":"https:\/\/ecopaint-corporation.com\/pt\/wp-json\/wp\/v2\/product_cat?post=774"},{"taxonomy":"product_tag","embeddable":true,"href":"https:\/\/ecopaint-corporation.com\/pt\/wp-json\/wp\/v2\/product_tag?post=774"}],"curies":[{"name":"wp","href":"https:\/\/api.w.org\/{rel}","templated":true}]}}