{"id":775,"date":"2019-05-20T15:46:28","date_gmt":"2019-05-20T14:46:28","guid":{"rendered":"http:\/\/wordpress.localhost\/wordpress.localhost\/?post_type=product&#038;p=775"},"modified":"2019-11-29T12:54:48","modified_gmt":"2019-11-29T12:54:48","slug":"water-based-varnish-for-wood","status":"publish","type":"product","link":"https:\/\/ecopaint-corporation.com\/pt\/produto\/water-based-varnish-for-wood\/","title":{"rendered":"Verniz Aquoso para Madeira"},"content":{"rendered":"<h2 class=\"ecop\">\u00e9 desenvolvido pela ECOPAINT Corporation e \u00e9 um <strong>Produto ECO<\/strong>.<\/h2>\n<p>Este produto \u00e9 formulado com base numa mistura de resinas aquosas de alto desempenho. Para uso em superf\u00edcies de madeira.<\/p>\n<p><strong>ATRIBUTOS<\/strong><\/p>\n<ul>\n<li>Especialmente recomendado para superf\u00edcies de madeira exteriores (portas, janelas)<\/li>\n<li>F\u00e1cil de aplicar<\/li>\n<li>D\u00e1 \u00e0 superf\u00edcie um brilho homog\u00eaneo<\/li>\n<li>\u00d3tima transpar\u00eancia e excelente suavidade<\/li>\n<li>Boa resist\u00eancia climat\u00e9rica<\/li>\n<li>Boa dureza e excelente elasticidade<\/li>\n<li>Dilu\u00edvel em \u00e1gua e inodoro, ideal para trabalhos de bricolage<\/li>\n<\/ul>\n<p><strong>DADOS T\u00c9CNICOS<\/strong><br \/>\n<strong>Aspecto de acabamento:<\/strong> Brilhante | Acetinado<br \/>\n<strong>Densidade:<\/strong> 1.03 \u00b1 0.02 | 1.04 \u00b1 0.02<br \/>\n<strong>Viscosidade (s-Ford IV a 20\u00baC):<\/strong> 80 \u00b1 10<br \/>\n<strong>S\u00f3lidos (%):<\/strong> 37 \u00b1 2 | 38 \u00b1 2<br \/>\n<strong>VOCs (%):<\/strong> 3.6 &#8211; 4.0<br \/>\n<strong>VOCs m\u00e1ximos (g\/L):<\/strong> 41 | 42<br \/>\n<strong>Categoria VOCs:<\/strong> A\/e) | A\/e)<\/p>\n<p><strong>APLICA\u00c7\u00c3O<\/strong><strong><br \/>\nCobertura:<\/strong> 10 &#8211; 12 m2\/L<br \/>\n<strong>Diluente:<\/strong> \u00c1gua (1\u00aa camada de dilui\u00e7\u00e3o do revestimento 10 - 15%; 2\u00aa e 3\u00aa camadas: 0 - 5%)<br \/>\n<strong>Camadas:<\/strong> 2 ou 3  dem\u00e3os<br \/>\n<strong>Tempo de secagem:<\/strong> Toque seco: 2 a 4 horas Totalmente seco: 4 a 6 horas<br \/>\n<strong>Aplica\u00e7\u00e3o:<\/strong> Use uma escova, rolo ou pistola<br \/>\n<strong>Recomenda\u00e7\u00f5es:<\/strong> Lixe todas as superf\u00edcies de madeira antes de aplicar o verniz.<br \/>\nAplique 2 ou 3 camadas, dependendo do efeito de acabamento desejado. Lixe levemente entre camadas.<br \/>\nN\u00e3o aplicar se as temperaturas forem baixas (&lt;15\u00baC)<\/p>","protected":false},"excerpt":{"rendered":"<p>is developed by ECOPAINT Corporation and is an ECO Product. This product is formulated based on a mixture of high-performance aqueous resins. For use on wood surfaces. ATTRIBUTES Especially recommended for exterior wood surfaces (doors, windows) Easy to apply Provides the surface with a homogenous shine Great transparency and excellent smoothness Good weather resistance Good [&hellip;]<\/p>","protected":false},"featured_media":3124,"comment_status":"open","ping_status":"closed","template":"","meta":[],"product_cat":[19,29],"product_tag":[158,564,562,575,571,574,356,151,150,563,568,556,565,572,567,570,566,559,144,573,576,569,561],"aioseo_notices":[],"_links":{"self":[{"href":"https:\/\/ecopaint-corporation.com\/pt\/wp-json\/wp\/v2\/product\/775"}],"collection":[{"href":"https:\/\/ecopaint-corporation.com\/pt\/wp-json\/wp\/v2\/product"}],"about":[{"href":"https:\/\/ecopaint-corporation.com\/pt\/wp-json\/wp\/v2\/types\/product"}],"replies":[{"embeddable":true,"href":"https:\/\/ecopaint-corporation.com\/pt\/wp-json\/wp\/v2\/comments?post=775"}],"version-history":[{"count":1,"href":"https:\/\/ecopaint-corporation.com\/pt\/wp-json\/wp\/v2\/product\/775\/revisions"}],"predecessor-version":[{"id":1441,"href":"https:\/\/ecopaint-corporation.com\/pt\/wp-json\/wp\/v2\/product\/775\/revisions\/1441"}],"wp:featuredmedia":[{"embeddable":true,"href":"https:\/\/ecopaint-corporation.com\/pt\/wp-json\/wp\/v2\/media\/3124"}],"wp:attachment":[{"href":"https:\/\/ecopaint-corporation.com\/pt\/wp-json\/wp\/v2\/media?parent=775"}],"wp:term":[{"taxonomy":"product_cat","embeddable":true,"href":"https:\/\/ecopaint-corporation.com\/pt\/wp-json\/wp\/v2\/product_cat?post=775"},{"taxonomy":"product_tag","embeddable":true,"href":"https:\/\/ecopaint-corporation.com\/pt\/wp-json\/wp\/v2\/product_tag?post=775"}],"curies":[{"name":"wp","href":"https:\/\/api.w.org\/{rel}","templated":true}]}}