{"id":776,"date":"2019-05-20T15:46:48","date_gmt":"2019-05-20T14:46:48","guid":{"rendered":"http:\/\/wordpress.localhost\/wordpress.localhost\/?post_type=product&#038;p=776"},"modified":"2019-11-29T12:54:02","modified_gmt":"2019-11-29T12:54:02","slug":"water-based-varnish-for-concrete","status":"publish","type":"product","link":"https:\/\/ecopaint-corporation.com\/pt\/produto\/water-based-varnish-for-concrete\/","title":{"rendered":"Verniz Aquoso para Bet\u00e3o"},"content":{"rendered":"<h2 class=\"ecop\">\u00e9 desenvolvido pela ECOPAINT Corporation e \u00e9 um <strong>Produto ECO<\/strong>.<\/h2>\n<p>Verniz dilu\u00edvel em \u00e1gua \u00e0 base de resinas acr\u00edlicas de excelente ader\u00eancia e elasticidade. Para uso em superf\u00edcies de bet\u00e3o e pedra.<\/p>\n<p><strong>ATRIBUTOS<\/strong><\/p>\n<ul>\n<li>Para uso interior e exterior em superf\u00edcies como bet\u00e3o, pedra, cer\u00e2mica n\u00e3o vidrada (tijolo, azulejos)<\/li>\n<li>Protege a superf\u00edcie e proporciona um brilho intenso<\/li>\n<li>Boa resist\u00eancia climat\u00e9rica<\/li>\n<li>Excelente dureza e elasticidade<\/li>\n<li>Dilu\u00edvel em \u00e1gua e inodoro, ideal para trabalhos de bricolage<\/li>\n<li>Cores: claro, cinza, verde e castanho<\/li>\n<li>O verniz incolor n\u00e3o altera a cor dos materiais onde \u00e9 aplicado<\/li>\n<\/ul>\n<p><strong>DADOS T\u00c9CNICOS<br \/>\n<\/strong><strong>Aspecto de acabamento:<\/strong> Brilhante<br \/>\n<strong>Densidade:<\/strong> 1.035 \u00b1 0.02<br \/>\n<strong>Viscosidade (s-Ford IV a 20\u00baC):<\/strong> 50 \u00b1 10<br \/>\n<strong>VOCs (%):<\/strong> 4.7 &#8211; 5.1<br \/>\nValor limite da UE para o produto cat. A\/e): 150g\/l (2007) \/ 130g\/l (2010). Este produto cont\u00e9m no m\u00e1ximo 53g\/l.<\/p>\n<p><strong>APLICA\u00c7\u00c3O<\/strong><br \/>\n<strong>Cobertura:<\/strong> 12 &#8211; 15 m2 \/L<br \/>\n<strong>Diluente:<\/strong> \u00c1gua (volume de dilui\u00e7\u00e3o 0 - 10%)<br \/>\n<strong>Camadas:<\/strong> 2 ou 3  dem\u00e3os<br \/>\n<strong>Tempo de secagem:<\/strong> 2 a 4 horas<br \/>\n<strong>Aplica\u00e7\u00e3o:<\/strong> Use a brush, roller or blowgun<br \/>\n<strong>Recomenda\u00e7\u00f5es:<\/strong> Todas as superf\u00edcies devem estar limpas, secas e isentas de \u00f3leo, gordura, poeira e outras contamina\u00e7\u00f5es.<br \/>\nRemova qualquer res\u00edduo existente esfregando o bet\u00e3o com uma escova dura e \u00e1gua. Enxague bem com \u00e1gua limpa e deixe secar.<br \/>\nEm superf\u00edcies previamente revestidas, lixe antes de aplicar o verniz. N\u00e3o aplique a baixas temperaturas.<\/p>","protected":false},"excerpt":{"rendered":"<p>is developed by ECOPAINT Corporation and is an ECO Product. Water-dilutable varnish based on acrylic resins of excellent adherence and elasticity. For use on concrete and stone surfaces. ATTRIBUTES For interior and exterior use on surfaces such as concrete, stone, unglazed ceramic (brick, tiles) Protects the surface and provides it with an intensive shine Good [&hellip;]<\/p>","protected":false},"featured_media":3123,"comment_status":"open","ping_status":"closed","template":"","meta":[],"product_cat":[19,29],"product_tag":[158,564,562,575,571,574,356,151,150,563,568,556,565,572,567,570,566,559,144,573,560,569,561],"aioseo_notices":[],"_links":{"self":[{"href":"https:\/\/ecopaint-corporation.com\/pt\/wp-json\/wp\/v2\/product\/776"}],"collection":[{"href":"https:\/\/ecopaint-corporation.com\/pt\/wp-json\/wp\/v2\/product"}],"about":[{"href":"https:\/\/ecopaint-corporation.com\/pt\/wp-json\/wp\/v2\/types\/product"}],"replies":[{"embeddable":true,"href":"https:\/\/ecopaint-corporation.com\/pt\/wp-json\/wp\/v2\/comments?post=776"}],"version-history":[{"count":1,"href":"https:\/\/ecopaint-corporation.com\/pt\/wp-json\/wp\/v2\/product\/776\/revisions"}],"predecessor-version":[{"id":2011,"href":"https:\/\/ecopaint-corporation.com\/pt\/wp-json\/wp\/v2\/product\/776\/revisions\/2011"}],"wp:featuredmedia":[{"embeddable":true,"href":"https:\/\/ecopaint-corporation.com\/pt\/wp-json\/wp\/v2\/media\/3123"}],"wp:attachment":[{"href":"https:\/\/ecopaint-corporation.com\/pt\/wp-json\/wp\/v2\/media?parent=776"}],"wp:term":[{"taxonomy":"product_cat","embeddable":true,"href":"https:\/\/ecopaint-corporation.com\/pt\/wp-json\/wp\/v2\/product_cat?post=776"},{"taxonomy":"product_tag","embeddable":true,"href":"https:\/\/ecopaint-corporation.com\/pt\/wp-json\/wp\/v2\/product_tag?post=776"}],"curies":[{"name":"wp","href":"https:\/\/api.w.org\/{rel}","templated":true}]}}