{"id":777,"date":"2019-05-20T15:47:11","date_gmt":"2019-05-20T14:47:11","guid":{"rendered":"http:\/\/wordpress.localhost\/wordpress.localhost\/?post_type=product&#038;p=777"},"modified":"2021-01-08T15:17:47","modified_gmt":"2021-01-08T15:17:47","slug":"mosquito-repellent-additive-for-paint-and-varnish","status":"publish","type":"product","link":"https:\/\/ecopaint-corporation.com\/pt\/produto\/mosquito-repellent-additive-for-paint-and-varnish\/","title":{"rendered":"#FIGHTINSECTS for Paints and Varnishes"},"content":{"rendered":"<h2 class=\"ecop\">\u00e9 desenvolvido pela ECOPAINT Corporation e \u00e9 um <strong>Produto ECO<\/strong>.<\/h2>\n<p>Aditivo para adicionar em tintas e vernizes, oferecendo efic\u00e1cia comprovada contra mosquitos , t\u00e9rmicas, bact\u00e9rias e fungos at\u00e9 5 anos.<\/p>\n<p><strong>PREVEN\u00c7\u00c3O<\/strong><\/p>\n<ul>\n<li>Malaria;<\/li>\n<li>Febre amarela;<\/li>\n<li>Leishmaniose;<\/li>\n<li>Dengue;<\/li>\n<li>Chikungunya;<\/li>\n<li>Outras.<\/li>\n<\/ul>\n<p><strong>BENEF\u00cdCIOS<\/strong><\/p>\n<ul>\n<li>Repelente (n\u00e3o mata);<\/li>\n<li>N\u00e3o t\u00f3xico, seguro e biocompat\u00edvel;<\/li>\n<li>Alta efici\u00eancia<\/li>\n<li>Efeito duradouro (at\u00e9 nova lavagem);<\/li>\n<li>Custos reduzidos;<\/li>\n<li>Alta durabilidade (+4 anos).<\/li>\n<\/ul>\n<p><strong>CARACTER\u00cdSTICAS<\/strong><\/p>\n<ul>\n<li>Princ\u00edpio ativo n\u00e3o t\u00f3xico<\/li>\n<li>N\u00e3o causa irrita\u00e7\u00f5es na pele;<\/li>\n<li>Aplica\u00e7\u00e3o f\u00e1cil;<\/li>\n<li>Amigo do meio ambiente;<\/li>\n<li>\n<div class=\"tlid-input input\">\n<div class=\"source-wrap\">\n<div class=\"input-full-height-wrapper tlid-input-full-height-wrapper\">\n<div class=\"source-input\">\n<div class=\"source-footer-wrap source-or-target-footer\">\n<div class=\"character-count tlid-character-count\">\n<div class=\"cc-ctr normal\">Compat\u00edvel com todos os tipos de tintas, vernizes e esmalte (aquoso, acr\u00edlico, l\u00e1tex, entre outros).<\/div>\n<\/div>\n<\/div>\n<\/div>\n<\/div>\n<\/div>\n<\/div>\n<\/li>\n<\/ul>\n<p><strong>DADOS T\u00c9CNICOS<br \/>\n<\/strong><strong>Aspecto de acabamento:<\/strong> N\u00e3o dispon\u00edvel<br \/>\n<strong>Forma:<\/strong> L\u00edquido<br \/>\n<strong>Cor:<\/strong> Transparente<br \/>\n<strong>Odor:<\/strong> Caracter\u00edstico<br \/>\n<strong>Densidade:<\/strong> 1.034<br \/>\n<strong>Viscosidade:<\/strong> N\u00e3o dispon\u00edvel<br \/>\n<strong>Valor de PH:<\/strong> 7<\/p>\n<p><strong>APLICA\u00c7\u00c3O<br \/>\n<\/strong><strong>Rendimento te\u00f3rico:<\/strong> 300 m2 \/L<br \/>\n<strong>Dilui\u00e7\u00e3o recomendada:<\/strong> add 250ml of #FIGHTINSECTS for Paints and Varnishes to 5L of paint, varnish or enamel. Paint, varnish or enamel, thus prepared, must be applied with at least two coats.<br \/>\n<strong>Camadas:<\/strong> 2 camadas<br \/>\n<strong>Aplica\u00e7\u00e3o:<\/strong> Use uma escova ou rolo<br \/>\n<strong>Recomenda\u00e7\u00f5es:<\/strong> Use luvas de prote\u00e7\u00e3o \/ roupa de prote\u00e7\u00e3o \/ prote\u00e7\u00e3o ocular\/prote\u00e7\u00e3o facial. Evite respirar vapores, n\u00e9voas ou gases. Assegure a ventila\u00e7\u00e3o adequada.<\/p>","protected":false},"excerpt":{"rendered":"<p><a class=\"vp-s vp-yt-type\" title=\"#FIGHTINSECTS Paints and Varnishes\" href=\"https:\/\/www.youtube.com\/watch?v=09iI4ntNIbY\" data-ytid=\"09iI4ntNIbY\">#FIGHTINSECTS Paints and Varnishes<\/a><\/p>","protected":false},"featured_media":5603,"comment_status":"open","ping_status":"closed","template":"","meta":[],"product_cat":[19,30],"product_tag":[158,143,316,141,312,552,311,356,314,160,151,147,150,556,324,149,317,310,308,551,553,164,555,557,307,559,326,554,313,315,144,558,309],"aioseo_notices":[],"_links":{"self":[{"href":"https:\/\/ecopaint-corporation.com\/pt\/wp-json\/wp\/v2\/product\/777"}],"collection":[{"href":"https:\/\/ecopaint-corporation.com\/pt\/wp-json\/wp\/v2\/product"}],"about":[{"href":"https:\/\/ecopaint-corporation.com\/pt\/wp-json\/wp\/v2\/types\/product"}],"replies":[{"embeddable":true,"href":"https:\/\/ecopaint-corporation.com\/pt\/wp-json\/wp\/v2\/comments?post=777"}],"version-history":[{"count":1,"href":"https:\/\/ecopaint-corporation.com\/pt\/wp-json\/wp\/v2\/product\/777\/revisions"}],"predecessor-version":[{"id":2021,"href":"https:\/\/ecopaint-corporation.com\/pt\/wp-json\/wp\/v2\/product\/777\/revisions\/2021"}],"wp:featuredmedia":[{"embeddable":true,"href":"https:\/\/ecopaint-corporation.com\/pt\/wp-json\/wp\/v2\/media\/5603"}],"wp:attachment":[{"href":"https:\/\/ecopaint-corporation.com\/pt\/wp-json\/wp\/v2\/media?parent=777"}],"wp:term":[{"taxonomy":"product_cat","embeddable":true,"href":"https:\/\/ecopaint-corporation.com\/pt\/wp-json\/wp\/v2\/product_cat?post=777"},{"taxonomy":"product_tag","embeddable":true,"href":"https:\/\/ecopaint-corporation.com\/pt\/wp-json\/wp\/v2\/product_tag?post=777"}],"curies":[{"name":"wp","href":"https:\/\/api.w.org\/{rel}","templated":true}]}}