{"id":778,"date":"2019-05-20T15:47:31","date_gmt":"2019-05-20T14:47:31","guid":{"rendered":"http:\/\/wordpress.localhost\/wordpress.localhost\/?post_type=product&#038;p=778"},"modified":"2022-05-12T17:26:18","modified_gmt":"2022-05-12T16:26:18","slug":"antibacterial-additive-paints-and-varnishes","status":"publish","type":"product","link":"https:\/\/ecopaint-corporation.com\/pt\/produto\/antibacterial-additive-paints-and-varnishes\/","title":{"rendered":"#FIGHTVIRUS para Tintas e Vernizes"},"content":{"rendered":"<h2 class=\"ecop\">\u00e9 desenvolvido pela ECOPAINT Corporation e \u00e9 um <strong>Produto ECO<\/strong>.<\/h2>\n<p>\u00c9 um aditivo para misturar com todos os tipos de tintas, vernizes e esmalte.<\/p>\n<div class=\"tlid-results-container results-container\">\n<div class=\"tlid-result result-dict-wrapper\">\n<div class=\"result tlid-copy-target\">\n<div class=\"text-wrap tlid-copy-target\">\n<div class=\"result-shield-container tlid-copy-target\" tabindex=\"0\"><span class=\"tlid-translation translation\" lang=\"en\"><span class=\"tlid-translation translation\" lang=\"en\"><span class=\"tlid-translation translation\" lang=\"en\"><strong>Que doen\u00e7as previne?<\/strong><br \/>\nDoen\u00e7as nosocomiais (comuns, infec\u00e7\u00f5es hospitalares) e outras doen\u00e7as relacionadas.<\/span><\/span><\/span><br \/>\n<strong>Qual \u00e9 a sua fun\u00e7\u00e3o?<br \/>\n<\/strong>Elimina bact\u00e9rias gram-positivas e gram-negativas e pode ser usado em qualquer unidade de sa\u00fade.<\/div>\n<div tabindex=\"0\"><strong><br \/>\nCARACTER\u00cdSTICAS<br \/>\n<\/strong><\/div>\n<ul>\n<li>N\u00e3o usa metais pesados;<\/li>\n<li>Neutraliza o odor;<\/li>\n<li>Aplica\u00e7\u00e3o f\u00e1cil;<\/li>\n<li>Compat\u00edvel com todos os tipos de tintas, vernizes e esmalte (aquoso, acr\u00edlico, l\u00e1tex, entre outros).<\/li>\n<\/ul>\n<div tabindex=\"0\"><strong>BENEF\u00cdCIOS<\/strong><\/div>\n<\/div>\n<\/div>\n<\/div>\n<\/div>\n<ul>\n<li>Inovador  e \u00fanico<\/li>\n<li>N\u00e3o usa prata;<\/li>\n<li>N\u00e3o t\u00f3xico, seguro e biocompat\u00edvel;<\/li>\n<li>Alta efici\u00eancia (+5 anos);<\/li>\n<li>Bio-compat\u00edvel;<\/li>\n<li>N\u00e3o causa irrita\u00e7\u00e3o na pele;<\/li>\n<li>Custo reduzido;<\/li>\n<li>Benef\u00edcio m\u00e1ximo;<\/li>\n<li>Amigo do meio ambiente;<\/li>\n<li>Seguro de sa\u00fade (princ\u00edpio ativo aprovado pela OMS).<\/li>\n<\/ul>\n<p><strong>DADOS T\u00c9CNICOS<br \/>\n<\/strong><strong>Aspecto de acabamento:<\/strong> N\u00e3o dispon\u00edvel<br \/>\n<strong>Forma:<\/strong> L\u00edquido<br \/>\n<strong>Cor:<\/strong> Amarelado<br \/>\n<strong>Odor:<\/strong> Caracter\u00edstico<br \/>\n<strong>Densidade:<\/strong> N\u00e3o dispon\u00edvel<br \/>\n<strong>Viscosidade:<\/strong> N\u00e3o dispon\u00edvel<br \/>\n<strong>Valor de PH:<\/strong> N\u00e3o dispon\u00edvel<\/p>\n<p><strong>APLICA\u00c7\u00c3O<br \/>\n<\/strong><strong>Rendimento te\u00f3rico:<\/strong> 300 m2\/L<br \/>\n<strong>Dilui\u00e7\u00e3o recomendada:<\/strong> 250ml de #FIGHTVIRUS Tintas e Vernizes para 5L de tinta.<br \/>\n<strong>Camadas:<\/strong> 2 camadas<br \/>\n<strong>Aplica\u00e7\u00e3o:<\/strong> Use uma escova ou rolo<br \/>\n<strong>Recomenda\u00e7\u00f5es:<\/strong> Use equipamento de prote\u00e7\u00e3o pessoal. Evite respirar vapores, n\u00e9voas ou gases. Assegure ventila\u00e7\u00e3o adequada.<\/p>\n<p>&nbsp;<\/p>\n<p>&nbsp;<\/p>","protected":false},"excerpt":{"rendered":"<p>is developed by ECOPAINT Corporation and is an ECO Product. It is an additive to mix with all types of paints, varnishes and enamel. What diseases do you prevent? Nosocomial diseases (common, hospital infections) and other related diseases. What does it do? It eliminates gram-positive and gram-negative bacteria and can be used in any health [&hellip;]<\/p>","protected":false},"featured_media":5613,"comment_status":"open","ping_status":"closed","template":"","meta":[],"product_cat":[19,30],"product_tag":[123,143,141,147,131,138,136,139,149,135,126,146,133,128,144,130],"aioseo_notices":[],"_links":{"self":[{"href":"https:\/\/ecopaint-corporation.com\/pt\/wp-json\/wp\/v2\/product\/778"}],"collection":[{"href":"https:\/\/ecopaint-corporation.com\/pt\/wp-json\/wp\/v2\/product"}],"about":[{"href":"https:\/\/ecopaint-corporation.com\/pt\/wp-json\/wp\/v2\/types\/product"}],"replies":[{"embeddable":true,"href":"https:\/\/ecopaint-corporation.com\/pt\/wp-json\/wp\/v2\/comments?post=778"}],"version-history":[{"count":1,"href":"https:\/\/ecopaint-corporation.com\/pt\/wp-json\/wp\/v2\/product\/778\/revisions"}],"predecessor-version":[{"id":2063,"href":"https:\/\/ecopaint-corporation.com\/pt\/wp-json\/wp\/v2\/product\/778\/revisions\/2063"}],"wp:featuredmedia":[{"embeddable":true,"href":"https:\/\/ecopaint-corporation.com\/pt\/wp-json\/wp\/v2\/media\/5613"}],"wp:attachment":[{"href":"https:\/\/ecopaint-corporation.com\/pt\/wp-json\/wp\/v2\/media?parent=778"}],"wp:term":[{"taxonomy":"product_cat","embeddable":true,"href":"https:\/\/ecopaint-corporation.com\/pt\/wp-json\/wp\/v2\/product_cat?post=778"},{"taxonomy":"product_tag","embeddable":true,"href":"https:\/\/ecopaint-corporation.com\/pt\/wp-json\/wp\/v2\/product_tag?post=778"}],"curies":[{"name":"wp","href":"https:\/\/api.w.org\/{rel}","templated":true}]}}