{"id":779,"date":"2019-05-20T15:47:59","date_gmt":"2019-05-20T14:47:59","guid":{"rendered":"http:\/\/wordpress.localhost\/wordpress.localhost\/?post_type=product&#038;p=779"},"modified":"2019-11-29T12:40:13","modified_gmt":"2019-11-29T12:40:13","slug":"expanded-insulation-corkboard","status":"publish","type":"product","link":"https:\/\/ecopaint-corporation.com\/pt\/produto\/expanded-insulation-corkboard\/","title":{"rendered":"Aglomerado de Corti\u00e7a Expandida"},"content":{"rendered":"<h2 class=\"ecop\">\u00e9 desenvolvido pela ECOPAINT Corporation e \u00e9 um <strong>Produto ECO<\/strong>.<\/h2>\n<p>Solu\u00e7\u00e3o com elevado desempenho no isolamento t\u00e9rmico, ac\u00fastico e antivibr\u00e1tico, especialmente indicada para aplica\u00e7\u00e3o em paredes exteriores, interiores e duplas; lajes; coberturas planas e inclinadas e piso radiante.<\/p>\n<p><strong>BENEF\u00cdCIOS<\/strong><\/p>\n<ul>\n<li>Excelente desempenho termo-ac\u00fastico do sistema<\/li>\n<li>Excelente resist\u00eancia mec\u00e2nica<\/li>\n<li>Excelente in\u00e9rcia do sistema<\/li>\n<li>Estabilidade dimensional do material<\/li>\n<li>Elevada durabilidade sem perda de caracter\u00edsticas<\/li>\n<li>Produto natural mais saud\u00e1vel<\/li>\n<li>Conforto com isolamento saud\u00e1vel<\/li>\n<li>Excelente capacidade de respirabilidade<\/li>\n<li>Permite economia energ\u00e9tica<\/li>\n<li>Efici\u00eancia por tempo indeterminado<\/li>\n<\/ul>\n<p><strong>POSS\u00cdVEIS APLICA\u00c7\u00d5ES<br \/>\n<\/strong>Cobertura Inclinada com isolamento sobre laje de esteira, Cobertura Plana com isolamento em pendente, Cobertura Plana Tradicional, Cobertura Plana Ajardinada, Cobertura Inclinada com isolamento exterior sobre traves, Cobertura Inclinada com isolamento pelo interior entre traves, Cobertura Inclinada Tradicional com Tela de Vapor, Cobertura Inclinada com Subtelha, Desligamento de paredes interiores, Desligamento de divis\u00f3rias simples, Divis\u00f3ria Simples com isolamento, Divis\u00f3ria Composta com isolamento, Parede Dupla com isolamento preenchendo totalmente a caixa de ar, Parede divis\u00f3ria com isolamento bifacial, Desacoplamento e preenchimento do nucleo de Janelas, Preenchimento do nucleo de portas, Elimina\u00e7\u00e3o de vibra\u00e7\u00f5es de maquinaria pesada, Elimina\u00e7\u00e3o de Vibra\u00e7\u00f5es HVAC, Cobre Tubos, Juntas de Dilata\u00e7\u00e3o, Piso radiante el\u00e9trico, Piso radiante tradicional, Preenchimento de Caixa de Soalho, Desligamento de betonilha de enchimento \u00e0 parede, Lajeta Flutuante com revestimento mosaico, Lajeta Flutuante com revestimento em madeira, Isolamento interior de paredes exteriores, Isolamento de paredes exteriores de estrutura de madeira, Fachada Ventilada, Revestimento exterior \u00e0 vista sobre isolamento, Parede Dupla com isolamento preenchendo parcialmente a caixa de ar, ETICS, Sistema de cofragem perdida.<\/p>\n<p><strong>M\u00c9TODO DE APLICA\u00c7\u00c3O<br \/>\n<\/strong>Verificar o m\u00e9todo de aplica\u00e7\u00e3o \nadequado para cada \u00e1rea de \naplica\u00e7\u00e3o.<\/p>","protected":false},"excerpt":{"rendered":"<p>is developed by ECOPAINT Corporation and is an ECO Product. Solution with high performance in thermal insulation, acoustic and anti-vibration, specially indicated for application in exterior, interior and double walls; slabs; flat and sloped roofs and underfloor heating. BENEFITS Excellent thermo-acoustic performance of the system Excellent mechanical resistance Excellent system inertia Dimensional stability of the [&hellip;]<\/p>","protected":false},"featured_media":3131,"comment_status":"open","ping_status":"closed","template":"","meta":[],"product_cat":[43,20],"product_tag":[542,302,143,483,536,547,151,150,550,549,548,345,351,266,546,357,543,481,185,545,544],"aioseo_notices":[],"_links":{"self":[{"href":"https:\/\/ecopaint-corporation.com\/pt\/wp-json\/wp\/v2\/product\/779"}],"collection":[{"href":"https:\/\/ecopaint-corporation.com\/pt\/wp-json\/wp\/v2\/product"}],"about":[{"href":"https:\/\/ecopaint-corporation.com\/pt\/wp-json\/wp\/v2\/types\/product"}],"replies":[{"embeddable":true,"href":"https:\/\/ecopaint-corporation.com\/pt\/wp-json\/wp\/v2\/comments?post=779"}],"version-history":[{"count":1,"href":"https:\/\/ecopaint-corporation.com\/pt\/wp-json\/wp\/v2\/product\/779\/revisions"}],"predecessor-version":[{"id":2010,"href":"https:\/\/ecopaint-corporation.com\/pt\/wp-json\/wp\/v2\/product\/779\/revisions\/2010"}],"wp:featuredmedia":[{"embeddable":true,"href":"https:\/\/ecopaint-corporation.com\/pt\/wp-json\/wp\/v2\/media\/3131"}],"wp:attachment":[{"href":"https:\/\/ecopaint-corporation.com\/pt\/wp-json\/wp\/v2\/media?parent=779"}],"wp:term":[{"taxonomy":"product_cat","embeddable":true,"href":"https:\/\/ecopaint-corporation.com\/pt\/wp-json\/wp\/v2\/product_cat?post=779"},{"taxonomy":"product_tag","embeddable":true,"href":"https:\/\/ecopaint-corporation.com\/pt\/wp-json\/wp\/v2\/product_tag?post=779"}],"curies":[{"name":"wp","href":"https:\/\/api.w.org\/{rel}","templated":true}]}}