{"id":780,"date":"2019-05-20T15:48:24","date_gmt":"2019-05-20T14:48:24","guid":{"rendered":"http:\/\/wordpress.localhost\/wordpress.localhost\/?post_type=product&#038;p=780"},"modified":"2020-01-22T11:13:21","modified_gmt":"2020-01-22T11:13:21","slug":"granulated-cork","status":"publish","type":"product","link":"https:\/\/ecopaint-corporation.com\/pt\/produto\/granulated-cork\/","title":{"rendered":"Granulado de Corti\u00e7a Expandida"},"content":{"rendered":"<h2 class=\"ecop\">\u00e9 desenvolvido pela ECOPAINT Corporation e \u00e9 um <strong>Produto ECO<\/strong>.<\/h2>\n<p>O Granulado de Corti\u00e7a Expandida \u00e9 um subproduto obtido durante a produ\u00e7\u00e3o do Algomerado de Corti\u00e7a Expandida.<br \/>\nO Aglomerado de Corti\u00e7a Expandido \u00e9 um produto 100% ecol\u00f3gico e recicl\u00e1vel, a partir de uma mat\u00e9ria-prima renov\u00e1vel, uma vez que a extra\u00e7\u00e3o da casca do sobreiro faz parte do seu ciclo de vida. Na sua produ\u00e7\u00e3o, apenas s\u00e3o utilizados gr\u00e2nulos de corti\u00e7a que, quando submetidos a um processo t\u00e9rmico, libertam uma resina (Suberina), que funciona como aglutinante (natural).<\/p>\n<p><strong>BENEF\u00cdCIOS<\/strong><\/p>\n<ul>\n<li>Excelente desempenho termo-ac\u00fastico<\/li>\n<li>Excelente resist\u00eancia mec\u00e2nica<\/li>\n<li>Estabilidade dimensional do material<\/li>\n<li>Alta durabilidade sem perda de caracter\u00edsticas<\/li>\n<li>Produto natural mais saud\u00e1vel<\/li>\n<li>Conforto com isolamento saud\u00e1vel permite economia de energia<\/li>\n<li>Efic\u00e1cia a longo prazo<\/li>\n<\/ul>\n<p><strong>DADOS T\u00c9CNICOS<\/strong><br \/>\n<strong>Densidade:<\/strong> 60 to 70 Kg\/m3<br \/>\n<strong>Condutividade t\u00e9rmica:<\/strong> \u03bb = 0,040 W\/m\u00b0C<br \/>\n<strong>Propriedades do sistema termo-ac\u00fastico:<\/strong> Excelente<\/p>\n<p><strong>APLICA\u00c7\u00d5ES<\/strong><br \/>\n<strong>Poss\u00edveis aplica\u00e7\u00f5es: <\/strong>Telhado inclinado com isolamento de enchimento solto entre vigas, Enchimento das paredes duplas internas com gr\u00e2nulos de corti\u00e7a expandida, Piso decorativo r\u00fastico, Entre vigas soltas, Enchimento de betonilha leve, Revestimento de colo padr\u00e3o com isolamento de cavidade.<\/p>\n<p><strong>Recomenda\u00e7\u00f5es de aplica\u00e7\u00e3o: <\/strong>Verifique o m\u00e9todo de aplica\u00e7\u00e3o adequado para cada \u00e1rea de aplica\u00e7\u00e3o.<\/p>","protected":false},"excerpt":{"rendered":"<p>is developed by ECOPAINT Corporation and is an ECO Product. The Expanded Cork Granules is a by-product obtained during the Expanded Insulation Corkboard production. The Expanded Insulation Corkboard is a 100% ecological and recyclable product, from a renewable raw material, as the cork oak bark extraction is part of their life cycle. On its production, [&hellip;]<\/p>","protected":false},"featured_media":2133,"comment_status":"open","ping_status":"closed","template":"","meta":[],"product_cat":[43,20],"product_tag":[534,535,537,143,483,348,356,536,151,150,344,345,351,324,541,354,350,539,357,347,540,144,355,349,538],"aioseo_notices":[],"_links":{"self":[{"href":"https:\/\/ecopaint-corporation.com\/pt\/wp-json\/wp\/v2\/product\/780"}],"collection":[{"href":"https:\/\/ecopaint-corporation.com\/pt\/wp-json\/wp\/v2\/product"}],"about":[{"href":"https:\/\/ecopaint-corporation.com\/pt\/wp-json\/wp\/v2\/types\/product"}],"replies":[{"embeddable":true,"href":"https:\/\/ecopaint-corporation.com\/pt\/wp-json\/wp\/v2\/comments?post=780"}],"version-history":[{"count":1,"href":"https:\/\/ecopaint-corporation.com\/pt\/wp-json\/wp\/v2\/product\/780\/revisions"}],"predecessor-version":[{"id":1446,"href":"https:\/\/ecopaint-corporation.com\/pt\/wp-json\/wp\/v2\/product\/780\/revisions\/1446"}],"wp:featuredmedia":[{"embeddable":true,"href":"https:\/\/ecopaint-corporation.com\/pt\/wp-json\/wp\/v2\/media\/2133"}],"wp:attachment":[{"href":"https:\/\/ecopaint-corporation.com\/pt\/wp-json\/wp\/v2\/media?parent=780"}],"wp:term":[{"taxonomy":"product_cat","embeddable":true,"href":"https:\/\/ecopaint-corporation.com\/pt\/wp-json\/wp\/v2\/product_cat?post=780"},{"taxonomy":"product_tag","embeddable":true,"href":"https:\/\/ecopaint-corporation.com\/pt\/wp-json\/wp\/v2\/product_tag?post=780"}],"curies":[{"name":"wp","href":"https:\/\/api.w.org\/{rel}","templated":true}]}}