{"id":781,"date":"2019-05-20T15:48:46","date_gmt":"2019-05-20T14:48:46","guid":{"rendered":"http:\/\/wordpress.localhost\/wordpress.localhost\/?post_type=product&#038;p=781"},"modified":"2020-01-21T11:46:47","modified_gmt":"2020-01-21T11:46:47","slug":"lambourde","status":"publish","type":"product","link":"https:\/\/ecopaint-corporation.com\/pt\/produto\/lambourde\/","title":{"rendered":"Lambourd\u00e9"},"content":{"rendered":"<h2 class=\"ecop\">\u00e9 desenvolvido pela ECOPAINT Corporation e \u00e9 um <strong>Produto ECO<\/strong>.<\/h2>\n<p>O isolamento t\u00e9rmico e ac\u00fastico usando o sistema Lambourd\u00e9 atuar\u00e1 simultaneamente como isolamento ac\u00fastico e reduz o fluxo de calor.<br \/>\nA solu\u00e7\u00e3o ideal para renova\u00e7\u00f5es.<\/p>\n<p><strong>BENEF\u00cdCIOS<\/strong><\/p>\n<ul>\n<li>F\u00e1cil de aplicar<\/li>\n<li>Excelente desempenho termo-ac\u00fastico<\/li>\n<li>\u00d3timo comportamento em grandes faixas de temperatura (-180 \u00b0 C a 120 \u00b0 C)<\/li>\n<li>Processo industrial 100% natural e sem aditivos<\/li>\n<li>Totalmente recicl\u00e1vel<\/li>\n<li>Dissipa CO2 (CARBONO NEGATIVO)<\/li>\n<li>Baixa energia incorporada<\/li>\n<\/ul>\n<p><strong>DADOS T\u00c9CNICOS<br \/>\n<\/strong><strong>Densidade:<\/strong> 110 a 120 Kg\/m3<br \/>\n<strong>Condutividade t\u00e9rmica:<\/strong> \u03bb = 0,037 a 0,040 W\/m\u00b0C<br \/>\n<strong>Resist\u00eancia \u00e0 compress\u00e3o:<\/strong> 10%: \u2265 100KPa<br \/>\n<strong>Estabilidade dimensional:<\/strong> Excelente<br \/>\n<strong>Resist\u00eancia ao Fogo:<\/strong> Euroclass E<\/p>\n<p><strong>LINHAS DE PRODUTO<br \/>\n<\/strong><strong>Padr\u00e3o:<\/strong> 1000x500x (40 a 100mm) com duas tiras de madeira embutidas no quadro de corti\u00e7a<\/p>\n<p><strong>APLICA\u00c7\u00d5ES<br \/>\n<\/strong><strong>Poss\u00edveis aplica\u00e7\u00f5es: <\/strong>Suporte para pavimentos, Suporte para placa de gesso, Suporte para lambris de madeira.<br \/>\n<strong>Recomenda\u00e7\u00f5es de aplica\u00e7\u00e3o: <\/strong>Verifique o m\u00e9todo de aplica\u00e7\u00e3o adequado para cada \u00e1rea de aplica\u00e7\u00e3o.<\/p>","protected":false},"excerpt":{"rendered":"<p>is developed by ECOPAINT Corporation and is an ECO Product. Thermal and acoustic insulation using Lambourd\u00e9 system will simultaneously act as acoustic insulation and reducing heat flow. The ideal solution for renovation. BENEFITS Easy to apply Excellent thermo-acoustic performance Great behaviour in large temperature ranges (-180\u00b0C a 120\u00b0C) 100% natural industrial process and without additives [&hellip;]<\/p>","protected":false},"featured_media":4464,"comment_status":"open","ping_status":"closed","template":"","meta":[],"product_cat":[43,20],"product_tag":[520,189,143,356,364,151,150,527,490,522,528,526,524,529,521,530,525,531,532,533,144,260,355],"aioseo_notices":[],"_links":{"self":[{"href":"https:\/\/ecopaint-corporation.com\/pt\/wp-json\/wp\/v2\/product\/781"}],"collection":[{"href":"https:\/\/ecopaint-corporation.com\/pt\/wp-json\/wp\/v2\/product"}],"about":[{"href":"https:\/\/ecopaint-corporation.com\/pt\/wp-json\/wp\/v2\/types\/product"}],"replies":[{"embeddable":true,"href":"https:\/\/ecopaint-corporation.com\/pt\/wp-json\/wp\/v2\/comments?post=781"}],"version-history":[{"count":1,"href":"https:\/\/ecopaint-corporation.com\/pt\/wp-json\/wp\/v2\/product\/781\/revisions"}],"predecessor-version":[{"id":1447,"href":"https:\/\/ecopaint-corporation.com\/pt\/wp-json\/wp\/v2\/product\/781\/revisions\/1447"}],"wp:featuredmedia":[{"embeddable":true,"href":"https:\/\/ecopaint-corporation.com\/pt\/wp-json\/wp\/v2\/media\/4464"}],"wp:attachment":[{"href":"https:\/\/ecopaint-corporation.com\/pt\/wp-json\/wp\/v2\/media?parent=781"}],"wp:term":[{"taxonomy":"product_cat","embeddable":true,"href":"https:\/\/ecopaint-corporation.com\/pt\/wp-json\/wp\/v2\/product_cat?post=781"},{"taxonomy":"product_tag","embeddable":true,"href":"https:\/\/ecopaint-corporation.com\/pt\/wp-json\/wp\/v2\/product_tag?post=781"}],"curies":[{"name":"wp","href":"https:\/\/api.w.org\/{rel}","templated":true}]}}