{"id":782,"date":"2019-05-20T15:49:05","date_gmt":"2019-05-20T14:49:05","guid":{"rendered":"http:\/\/wordpress.localhost\/wordpress.localhost\/?post_type=product&#038;p=782"},"modified":"2020-01-21T11:28:54","modified_gmt":"2020-01-21T11:28:54","slug":"md-facade","status":"publish","type":"product","link":"https:\/\/ecopaint-corporation.com\/pt\/produto\/md-facade\/","title":{"rendered":"MD Fachada"},"content":{"rendered":"<h2 class=\"ecop\">\u00e9 desenvolvido pela ECOPAINT Corporation e \u00e9 um <strong>Produto ECO<\/strong>.<\/h2>\n<p>O Aglomerado de Corti\u00e7a Expandida MD Fachada, produto de inova\u00e7\u00e3o da ECOPAINT Corporation, \u00e9 recomendada para aplica\u00e7\u00f5es exteriores e como projecto de refer\u00eancia, a fachada principal do Pavilh\u00e3o de Exposi\u00e7\u00f5es Portugal 2000 em Hannover - Arquitetos \u00c1lvaro Siza Vieira e Souto Moura - localizados em Coimbra desde 2002 sem qualquer anomalia aparente. Existem muitas refer\u00eancias em Portugal e no exterior.<br \/>\nEsta hist\u00f3ria, apesar de recente, permite-nos garantir a sua durabilidade, quando exposta, ultrapassa os 10 anos, pois em outras aplica\u00e7\u00f5es existe material sem perda de propriedades com mais de 50 anos.<\/p>\n<p><strong>BENEF\u00cdCIOS<\/strong><\/p>\n<ul>\n<li>Excelente isolamento t\u00e9rmico e ac\u00fastico<\/li>\n<li>Comportamento ideal em grandes amplitudes t\u00e9rmicas (-180 \u00b0 C a 120 \u00b0 C)<\/li>\n<li>Processo industrial 100% natural e sem aditivos<\/li>\n<li>Totalmente recicl\u00e1vel<\/li>\n<li>Dissipa CO2 (CARBONO NEGATIVO)<\/li>\n<li>Baixa energia incorporada<\/li>\n<\/ul>\n<p><strong>DADOS T\u00c9CNICOS<br \/>\n<\/strong><strong>Densidade:<\/strong> +\/-130 kg\/m3<br \/>\n<strong>Condutividade t\u00e9rmica:<\/strong> \u03bb = 0,043 W\/m\u00b0C<br \/>\n<strong>Resist\u00eancia \u00e0 compress\u00e3o:<\/strong> 10%: 220KPa<br \/>\n<strong>Absor\u00e7\u00e3o de \u00e1gua por imers\u00e3o parcial:<\/strong> 0,17Kg\/m2<br \/>\n<strong>Resist\u00eancia ao Fogo:<\/strong> Euroclass E<\/p>\n<p><strong>LINHAS DE PRODUTO<br \/>\n<\/strong><strong>Dimens\u00e3o da placa:<\/strong> 1000x500mm<br \/>\n<strong>Espessura:<\/strong> At\u00e9 240mm<\/p>\n<p><strong>APLICA\u00c7\u00d5ES<br \/>\n<\/strong><strong>Aplica\u00e7\u00f5es Poss\u00edveis<br \/>\n<\/strong><strong>Teto Decorativo:<\/strong> Corti\u00e7a \u00e0 vista Pointcloud, C\u00f3digo de Barras, C\u00edrculos, Onda L2, Onda L1, Onda S1.<br \/>\n<strong>Corti\u00e7a \u00e0 vista:<\/strong> Revestimento exterior com sistema shiplap, revestimento exterior sobre um substrato de madeira, revestimento exterior, revestimento exterior sobre isolamento, revestimento exterior, placa decorativa. FACHADA Cork Wave S1 \/ L2<br \/>\n<strong>Recomenda\u00e7\u00f5es de aplica\u00e7\u00e3o: <\/strong>Verifique o m\u00e9todo de aplica\u00e7\u00e3o adequado para cada \u00e1rea de aplica\u00e7\u00e3o.<\/p>","protected":false},"excerpt":{"rendered":"<p>is developed by ECOPAINT Corporation and is an ECO Product. MDFACADE expanded insulation cork, innovation product of ECOPAINT Corporation, is recommended for exterior applications and as a reference project, the main facade of Portugal Pavilion Expo 2000 in Hannover \u2013 Architects \u00c1lvaro Siza Vieira and Souto Moura \u2013 located in Coimbra since 2002 without any [&hellip;]<\/p>","protected":false},"featured_media":4462,"comment_status":"open","ping_status":"closed","template":"","meta":[],"product_cat":[43,20],"product_tag":[520,254,143,256,356,259,151,150,518,249,251,490,522,253,250,519,248,521,489,257,252,357,255,144,355,523],"aioseo_notices":[],"_links":{"self":[{"href":"https:\/\/ecopaint-corporation.com\/pt\/wp-json\/wp\/v2\/product\/782"}],"collection":[{"href":"https:\/\/ecopaint-corporation.com\/pt\/wp-json\/wp\/v2\/product"}],"about":[{"href":"https:\/\/ecopaint-corporation.com\/pt\/wp-json\/wp\/v2\/types\/product"}],"replies":[{"embeddable":true,"href":"https:\/\/ecopaint-corporation.com\/pt\/wp-json\/wp\/v2\/comments?post=782"}],"version-history":[{"count":1,"href":"https:\/\/ecopaint-corporation.com\/pt\/wp-json\/wp\/v2\/product\/782\/revisions"}],"predecessor-version":[{"id":1448,"href":"https:\/\/ecopaint-corporation.com\/pt\/wp-json\/wp\/v2\/product\/782\/revisions\/1448"}],"wp:featuredmedia":[{"embeddable":true,"href":"https:\/\/ecopaint-corporation.com\/pt\/wp-json\/wp\/v2\/media\/4462"}],"wp:attachment":[{"href":"https:\/\/ecopaint-corporation.com\/pt\/wp-json\/wp\/v2\/media?parent=782"}],"wp:term":[{"taxonomy":"product_cat","embeddable":true,"href":"https:\/\/ecopaint-corporation.com\/pt\/wp-json\/wp\/v2\/product_cat?post=782"},{"taxonomy":"product_tag","embeddable":true,"href":"https:\/\/ecopaint-corporation.com\/pt\/wp-json\/wp\/v2\/product_tag?post=782"}],"curies":[{"name":"wp","href":"https:\/\/api.w.org\/{rel}","templated":true}]}}