{"id":783,"date":"2019-05-20T15:49:29","date_gmt":"2019-05-20T14:49:29","guid":{"rendered":"http:\/\/wordpress.localhost\/wordpress.localhost\/?post_type=product&#038;p=783"},"modified":"2020-02-05T09:19:37","modified_gmt":"2020-02-05T09:19:37","slug":"corkoconut","status":"publish","type":"product","link":"https:\/\/ecopaint-corporation.com\/pt\/produto\/corkoconut\/","title":{"rendered":"Corkoco"},"content":{"rendered":"<h2 class=\"ecop\">\u00e9 desenvolvido pela ECOPAINT Corporation e \u00e9 um <strong>Produto ECO<\/strong>.<\/h2>\n<p>Uma solu\u00e7\u00e3o que utiliza dois produtos naturais com caracter\u00edsticas \u00fanicas, corti\u00e7a e coco, garantindo alto desempenho no isolamento ac\u00fastico.\n\u00c9 especialmente adequado para aplica\u00e7\u00e3o em tetos, paredes e pisos.<\/p>\n<p><strong>BENEF\u00cdCIOS<\/strong><\/p>\n<ul>\n<li>Excelente resist\u00eancia mec\u00e2nica<\/li>\n<li>Excelente desempenho termo-ac\u00fastico<\/li>\n<li>Alta durabilidade sem perda de caracter\u00edsticas<\/li>\n<li>Produto natural mais saud\u00e1vel<\/li>\n<li>Conforto com isolamento saud\u00e1vel<\/li>\n<li>Efic\u00e1cia a longo prazo<\/li>\n<li>Recupera\u00e7\u00e3o e utiliza\u00e7\u00e3o de res\u00edduos de casca de coco<\/li>\n<li>Inodoro<\/li>\n<li>Resistente \u00e0 podrid\u00e3o<\/li>\n<li>Resistente ao bolor<\/li>\n<\/ul>\n<p><strong>DADOS T\u00c9CNICOS<br \/>\n<\/strong><strong>Densidade:<\/strong> 100 a 140 Kg\/m3<br \/>\n<strong>Condutividade t\u00e9rmica:<\/strong> \u03bb = 0,043 a 0,045 W\/m\u00b0C<br \/>\n<strong>Desempenho ac\u00fastico:<\/strong> Excelente<\/p>\n<p><strong>LINHAS DE PRODUTO<br \/>\n<\/strong><strong>Dimens\u00f5es:<\/strong> 1000x500x40mm<\/p>\n<p><strong>Corkoco 2A+1C<\/strong> Corti\u00e7a 10 | Coco 20 | Corti\u00e7a 10<br \/>\n<strong>Corkoco 2C+1A<\/strong> Coco 10 | Corti\u00e7a 20 | Coco 10<br \/>\n<strong>Corkoco 1+1<\/strong> Corti\u00e7a 20 | Coco 10<\/p>\n<p><strong>APLICA\u00c7\u00d5ES<br \/>\n<\/strong><strong>Poss\u00edveis aplica\u00e7\u00f5es: <\/strong>Viga de metal sobre parede de alvenaria com isolamento Corkoco, tecto falso ac\u00fastico.<br \/>\n<strong>Recomenda\u00e7\u00f5es de aplica\u00e7\u00e3o: <\/strong>Verifique o m\u00e9todo de aplica\u00e7\u00e3o adequado para cada \u00e1rea de aplica\u00e7\u00e3o.<\/p>","protected":false},"excerpt":{"rendered":"<p>is developed by ECOPAINT Corporation and is an ECO Product. A solution that uses two natural products with unique characteristics, cork and coconut, ensuring high performance in acoustic insulation. It is especially suited for application in ceilings, walls and floors. BENEFITS Excellent mechanical strength Excellent thermo-acoustic performance High durability without loss of features Healthier natural [&hellip;]<\/p>","protected":false},"featured_media":3459,"comment_status":"open","ping_status":"closed","template":"","meta":[],"product_cat":[43,20],"product_tag":[267,268,143,265,264,261,151,150,266,262,263,269],"aioseo_notices":[],"_links":{"self":[{"href":"https:\/\/ecopaint-corporation.com\/pt\/wp-json\/wp\/v2\/product\/783"}],"collection":[{"href":"https:\/\/ecopaint-corporation.com\/pt\/wp-json\/wp\/v2\/product"}],"about":[{"href":"https:\/\/ecopaint-corporation.com\/pt\/wp-json\/wp\/v2\/types\/product"}],"replies":[{"embeddable":true,"href":"https:\/\/ecopaint-corporation.com\/pt\/wp-json\/wp\/v2\/comments?post=783"}],"version-history":[{"count":1,"href":"https:\/\/ecopaint-corporation.com\/pt\/wp-json\/wp\/v2\/product\/783\/revisions"}],"predecessor-version":[{"id":1449,"href":"https:\/\/ecopaint-corporation.com\/pt\/wp-json\/wp\/v2\/product\/783\/revisions\/1449"}],"wp:featuredmedia":[{"embeddable":true,"href":"https:\/\/ecopaint-corporation.com\/pt\/wp-json\/wp\/v2\/media\/3459"}],"wp:attachment":[{"href":"https:\/\/ecopaint-corporation.com\/pt\/wp-json\/wp\/v2\/media?parent=783"}],"wp:term":[{"taxonomy":"product_cat","embeddable":true,"href":"https:\/\/ecopaint-corporation.com\/pt\/wp-json\/wp\/v2\/product_cat?post=783"},{"taxonomy":"product_tag","embeddable":true,"href":"https:\/\/ecopaint-corporation.com\/pt\/wp-json\/wp\/v2\/product_tag?post=783"}],"curies":[{"name":"wp","href":"https:\/\/api.w.org\/{rel}","templated":true}]}}