{"id":784,"date":"2019-05-20T15:50:04","date_gmt":"2019-05-20T14:50:04","guid":{"rendered":"http:\/\/wordpress.localhost\/wordpress.localhost\/?post_type=product&#038;p=784"},"modified":"2019-11-28T17:31:27","modified_gmt":"2019-11-28T17:31:27","slug":"cellulose","status":"publish","type":"product","link":"https:\/\/ecopaint-corporation.com\/pt\/produto\/cellulose\/","title":{"rendered":"Celulose"},"content":{"rendered":"<h2 class=\"ecop\">\u00e9 desenvolvido pela ECOPAINT Corporation e \u00e9 um <strong>Produto ECO<\/strong>.<\/h2>\n<p>Isocell \u00e9 um isolamento t\u00e9rmico e ac\u00fastico natural, produzido com fibra de celulose, feita atrav\u00e9s da reciclagem do papel de jornal selecionado.<br \/>\nO papel \u00e9 desfibrado em bruto, misturado com sais de b\u00f3rico e triturado. Os sais de Bor\u00e1x protegem o isolante de pragas, insetos, bolor e preservam-no de putrefa\u00e7\u00e3o e tornam-no resistente ao fogo.<br \/>\nA celulose \u00e9 um isolante perfeito para garantir efici\u00eancia energ\u00e9tica adequada em edif\u00edcios e reabilita\u00e7\u00f5es.<\/p>\n<p><strong>BENEF\u00cdCIOS<\/strong><\/p>\n<ul>\n<li>N\u00e3o t\u00f3xico<\/li>\n<li>Isolamento ac\u00fastico elevado<\/li>\n<li>Excelente prote\u00e7\u00e3o contra altas temperaturas<\/li>\n<li>Alta prote\u00e7\u00e3o contra inc\u00eandios<\/li>\n<li>Regulador de umidade<\/li>\n<li>Respeito pelo meio ambiente<\/li>\n<li>Aplica\u00e7\u00e3o r\u00e1pida<\/li>\n<\/ul>\n<p><strong><br \/>\nAPLICA\u00c7\u00d5ES<\/strong><br \/>\n<strong>Projetada:<\/strong> Esta t\u00e9cnica \u00e9 usada em interiores fechados entre pilares, tectos escondidos e tectos \u00e0 vista. A projec\u00e7\u00e3o \u00e9 feita em h\u00famido, atrav\u00e9s de uma pistola especial que activa as propriedades adesivas da fibra de celulose.<br \/>\n<strong>Insuflado:<\/strong> T\u00e9cnica de isolamento e cavidades ou espa\u00e7os ocos. A fibra de celulose insufla no espa\u00e7o oco e forma um isolamento livre de juntas, bem assente, e de ajuste perfeito.<br \/>\n<strong>Isolamento em manta<\/strong> Utiliza-se principalmente para o isolamento em s\u00f3t\u00e3o ou coberturas de tipo placa. O isolamento \u00e9 estendido por toda a cobertura de forma mec\u00e2nica, criando um isolamento cont\u00ednuo sem recortes.<\/p>","protected":false},"excerpt":{"rendered":"<p>is developed by ECOPAINT Corporation and is an ECO Product. Cellulose blow-in insulation is thermal insulation made from cellulose fibres which are produced from newspaper in an optimal recycling process. Therefore, the raw material is wood, the excellent properties of which have been known to us for centuries. The newspaper is delivered pre-sorted, is roughly [&hellip;]<\/p>","protected":false},"featured_media":1488,"comment_status":"open","ping_status":"closed","template":"","meta":[],"product_cat":[48,20],"product_tag":[189,143,184,183,186,151,147,150,192,190,191,164,187,188,185],"aioseo_notices":[],"_links":{"self":[{"href":"https:\/\/ecopaint-corporation.com\/pt\/wp-json\/wp\/v2\/product\/784"}],"collection":[{"href":"https:\/\/ecopaint-corporation.com\/pt\/wp-json\/wp\/v2\/product"}],"about":[{"href":"https:\/\/ecopaint-corporation.com\/pt\/wp-json\/wp\/v2\/types\/product"}],"replies":[{"embeddable":true,"href":"https:\/\/ecopaint-corporation.com\/pt\/wp-json\/wp\/v2\/comments?post=784"}],"version-history":[{"count":1,"href":"https:\/\/ecopaint-corporation.com\/pt\/wp-json\/wp\/v2\/product\/784\/revisions"}],"predecessor-version":[{"id":1450,"href":"https:\/\/ecopaint-corporation.com\/pt\/wp-json\/wp\/v2\/product\/784\/revisions\/1450"}],"wp:featuredmedia":[{"embeddable":true,"href":"https:\/\/ecopaint-corporation.com\/pt\/wp-json\/wp\/v2\/media\/1488"}],"wp:attachment":[{"href":"https:\/\/ecopaint-corporation.com\/pt\/wp-json\/wp\/v2\/media?parent=784"}],"wp:term":[{"taxonomy":"product_cat","embeddable":true,"href":"https:\/\/ecopaint-corporation.com\/pt\/wp-json\/wp\/v2\/product_cat?post=784"},{"taxonomy":"product_tag","embeddable":true,"href":"https:\/\/ecopaint-corporation.com\/pt\/wp-json\/wp\/v2\/product_tag?post=784"}],"curies":[{"name":"wp","href":"https:\/\/api.w.org\/{rel}","templated":true}]}}