{"id":785,"date":"2019-05-20T15:50:35","date_gmt":"2019-05-20T14:50:35","guid":{"rendered":"http:\/\/wordpress.localhost\/wordpress.localhost\/?post_type=product&#038;p=785"},"modified":"2019-11-29T12:11:42","modified_gmt":"2019-11-29T12:11:42","slug":"rockwool-mortar","status":"publish","type":"product","link":"https:\/\/ecopaint-corporation.com\/pt\/produto\/rockwool-mortar\/","title":{"rendered":"L\u00e3 de rocha"},"content":{"rendered":"<h2 class=\"ecop\">\u00e9 desenvolvido pela ECOPAINT Corporation e \u00e9 um <strong>Produto ECO<\/strong>.<\/h2>\n<p>A argamassa de l\u00e3 de rocha \u00e9 composta por l\u00e3 de rocha e argamassa de cimento, a solu\u00e7\u00e3o de constru\u00e7\u00e3o perfeita para proporcionar um isolamento t\u00e9rmico ideal. A aplica\u00e7\u00e3o de spray permite um revestimento homog\u00eaneo, evitando pontes de calor.<br \/>\n\u00c9 incombust\u00edvel, classificado \"A1\" de acordo com a norma UNE EN 13501 e possui extraordin\u00e1rias propriedades de absor\u00e7\u00e3o ac\u00fastica numa c\u00e2mara ac\u00fastica.<\/p>\n<p><strong>BENEF\u00cdCIOS<\/strong><\/p>\n<ul>\n<li>Prote\u00e7\u00e3o contra fogo<\/li>\n<li>Isolamento t\u00e9rmico<\/li>\n<li>Absor\u00e7\u00e3o ac\u00fastica<\/li>\n<li>Revestimento homog\u00eaneo<\/li>\n<li>Adapta-se a uma variedade de suportes<\/li>\n<li>Flexibilidade<\/li>\n<\/ul>\n<p><strong>DADOS T\u00c9CNICOS<\/strong><br \/>\n<strong>Composi\u00e7\u00e3o:<\/strong> Cimento, l\u00e3 de rocha e aditivos<br \/>\n<strong>Rea\u00e7\u00e3o ao fogo:<\/strong> A1<br \/>\n<strong>Densidade de argamassa a granel:<\/strong> 175 Kg\/m3 \u00b1 10%<br \/>\n<strong>Condutividade t\u00e9rmica:<\/strong> 0,0456 W\/mk<br \/>\n<strong>Alcalinidade (valor do pH):<\/strong> 12,5<br \/>\n<strong>Resist\u00eancia a fungos:<\/strong> Imune<br \/>\n<strong>Ader\u00eancia:<\/strong> falha 0,014 N\/mm2<br \/>\n<strong>Marketing:<\/strong> sacos de 15 kg em paletes de 450 kg<br \/>\n<strong>Validade:<\/strong> 6 meses<br \/>\n<strong>Desempenho:<\/strong> 1,8 kg\/ m2 cm<\/p>\n<p><strong>HIGIENE E SEGURAN\u00c7A<\/strong><br \/>\nA argamassa de l\u00e3 de rocha \u00e9 fabricada com componentes inorg\u00e2nicos, como a l\u00e3 de rocha, classificada de acordo com a Diretiva Europeia 67\/548 CEE, conforme Xi; R.38 (sem risco para a sa\u00fade).<br \/>\nDa mesma forma, n\u00e3o \u00e9 t\u00f3xico nem patog\u00eanico; n\u00e3o cont\u00e9m amianto ou s\u00edlica cristalina e n\u00e3o \u00e9 afetado pelo crescimento de fungos.<br \/>\nAs seguintes regras devem ser levadas em considera\u00e7\u00e3o ao manusear a argamassa de l\u00e3 de rocha:<\/p>\n<ul>\n<li>Recomenda-se usar luvas de prote\u00e7\u00e3o para proteger as m\u00e3os<\/li>\n<li>Usar \u00f3culos apertados para proteger os olhos \u00e9 recomendado<\/li>\n<li>Usar m\u00e1scara anti-poeira \u00e9 recomendado<\/li>\n<\/ul>\n<p>Respeite as medidas de trabalho comuns.<br \/>\nConsulte a ficha de dados de seguran\u00e7a para mais informa\u00e7\u00f5es.<\/p>\n<p><strong>ARMAZENAMENTO<\/strong><br \/>\nMantenha em local seco e bem ventilado.<\/p>","protected":false},"excerpt":{"rendered":"<p>is developed by ECOPAINT Corporation and is an ECO Product. The rock wool mortar is rock wool and cement mortar, the perfect building solution to provide optimum thermal insulation. Spray application allows a homogeneous coating avoiding heat bridges. Is incombustible, A1 classified as per standard UNE EN 13501 and has extraordinary sound absorption properties in [&hellip;]<\/p>","protected":false},"featured_media":2167,"comment_status":"open","ping_status":"closed","template":"","meta":[],"product_cat":[48,20],"product_tag":[509,507,143,499,512,356,151,150,506,508,511,515,504,503,505,516,501,500,514,513,498,497,496,517,502,144,355,185,510],"aioseo_notices":[],"_links":{"self":[{"href":"https:\/\/ecopaint-corporation.com\/pt\/wp-json\/wp\/v2\/product\/785"}],"collection":[{"href":"https:\/\/ecopaint-corporation.com\/pt\/wp-json\/wp\/v2\/product"}],"about":[{"href":"https:\/\/ecopaint-corporation.com\/pt\/wp-json\/wp\/v2\/types\/product"}],"replies":[{"embeddable":true,"href":"https:\/\/ecopaint-corporation.com\/pt\/wp-json\/wp\/v2\/comments?post=785"}],"version-history":[{"count":1,"href":"https:\/\/ecopaint-corporation.com\/pt\/wp-json\/wp\/v2\/product\/785\/revisions"}],"predecessor-version":[{"id":1451,"href":"https:\/\/ecopaint-corporation.com\/pt\/wp-json\/wp\/v2\/product\/785\/revisions\/1451"}],"wp:featuredmedia":[{"embeddable":true,"href":"https:\/\/ecopaint-corporation.com\/pt\/wp-json\/wp\/v2\/media\/2167"}],"wp:attachment":[{"href":"https:\/\/ecopaint-corporation.com\/pt\/wp-json\/wp\/v2\/media?parent=785"}],"wp:term":[{"taxonomy":"product_cat","embeddable":true,"href":"https:\/\/ecopaint-corporation.com\/pt\/wp-json\/wp\/v2\/product_cat?post=785"},{"taxonomy":"product_tag","embeddable":true,"href":"https:\/\/ecopaint-corporation.com\/pt\/wp-json\/wp\/v2\/product_tag?post=785"}],"curies":[{"name":"wp","href":"https:\/\/api.w.org\/{rel}","templated":true}]}}